{"id":85082,"date":"2023-01-14T15:05:04","date_gmt":"2023-01-14T14:05:04","guid":{"rendered":"https:\/\/www.seaflowerstore.com\/nl\/aqua-medic-armatus-xs\/"},"modified":"2023-01-14T15:05:04","modified_gmt":"2023-01-14T14:20:25","slug":"aqua-medic-armatus-xs","status":"publish","type":"product","link":"https:\/\/www.seaflowerstore.com\/de\/aqua-medic-armatus-xs\/","title":{"rendered":"Aqua Medic Armatus XS"},"content":{"rendered":"<h2>Aqua Medic Armatus XS All-in-One micro aquarium with cabinet filter (8 Liter)<\/h2>\n<p>Das <strong>Armatus XS<\/strong> ist ein fantastisches Mikroaquarium mit LED-Beleuchtung und Pumpe, das Ihr Wassererlebnis noch besser macht. Sie k\u00f6nnen die LED-Beleuchtung mit zwei separaten Kan\u00e4len (wei\u00df und blau) ganz einfach anpassen, einschlie\u00dflich Dimmoptionen <strong>(MANUELL)<\/strong>. Die integrierte F\u00f6rderpumpe fungiert gleichzeitig als Str\u00f6mungspumpe und sorgt so daf\u00fcr, dass Ihr Wasser immer ausreichend zirkuliert. Dar\u00fcber hinaus sorgt ein eingebauter Abflusskanal f\u00fcr eine zuverl\u00e4ssige Oberfl\u00e4chenabsaugung.<\/p>\n<p>Das ausgekl\u00fcgelte Wasserflussdesign garantiert einen ger\u00e4uscharmen Betrieb, w\u00e4hrend im Unterschrank positionierte Filterschw\u00e4mme dazu beitragen, eine hervorragende Wasserqualit\u00e4t aufrechtzuerhalten. Das Gesamterscheinungsbild ist inspiriert vom erfolgreichen Konzept der Armatus-Serie, wodurch der <strong>Armatus XS<\/strong> sowohl f\u00fcr Salzwasser- als auch S\u00fc\u00dfwasserumgebungen geeignet ist.<\/p>\n<table border=\"1\">\n<tbody>\n<tr>\n<td>Abmessungen Aquarium (mm) L x B x H ca.<\/td>\n<td>265 x 170 x 150<\/td>\n<\/tr>\n<tr>\n<td>Volumen Aquarium (l) ca.<\/td>\n<td>4<\/td>\n<\/tr>\n<tr>\n<td>Wasserstand (mm) ca.<\/td>\n<td>110<\/td>\n<\/tr>\n<tr>\n<td>Abmessungen Unterschrank (mm) L x B x H ca.<\/td>\n<td>255 x 160 x 160<\/td>\n<\/tr>\n<tr>\n<td>Gesamtvolumen (l) ca.<\/td>\n<td>8<\/td>\n<\/tr>\n<tr>\n<td>Abmessungen inkl. Geh\u00e4use (mm) L x B x H ca.<\/td>\n<td>265 x 170 x 300<\/td>\n<\/tr>\n<tr>\n<td>Eigengewicht ohne Beleuchtung (g) ca.<\/td>\n<td>900<\/td>\n<\/tr>\n<tr>\n<td>Pumpenleistung l\/h (USB 5 V) ca.<\/td>\n<td>250<\/td>\n<\/tr>\n<tr>\n<td>LED-Beleuchtung (USB 5 V) max.<\/td>\n<td>10 W<\/td>\n<\/tr>\n<\/tbody>\n<\/table>\n<p><strong>Im Lieferumfang enthalten:<\/strong><\/p>\n<ul>\n<li>Armatus XS mit Geh\u00e4usefilter<\/li>\n<li>LED-Beleuchtung (USB, 5 V) max. 10 Watt (inkl. USB-Anschlusskabel), nur manuelles An-\/Ausschalten<\/li>\n<li>Pumpe (USB-Anschluss, 5 V) 250 l\/h<\/li>\n<li>Filterschw\u00e4mme<\/li>\n<li><strong>KEINE HEIZUNG IM LIEFERUMFANG ENTHALTEN<\/strong><\/li>\n<\/ul>\n<p><strong>Achtung:<\/strong><\/p>\n<ul>\n<li>F\u00fcr die Beleuchtung wird ein <strong>5 V, min. 2,4 A<\/strong> USB-Netzteil ben\u00f6tigt <strong>(nicht im Lieferumfang enthalten)<\/strong><\/li>\n<li>Ein <strong>5 V, min. F\u00fcr die Pumpe wird ein 1 A<\/strong> USB-Netzteil ben\u00f6tigt <strong>(nicht im Lieferumfang enthalten)<\/strong><\/li>\n<li><strong>Nicht f\u00fcr Fische geeignet.<\/strong><\/li>\n<\/ul>\n<p>Die Aquarienleuchte gibt \u00fcber 40% ihrer Gesamtstrahlung im Bereich von 400 &#8211; 480 nm ab, was ideal f\u00fcr die Korallen-Zooxanthellen-Symbiose und die F\u00f6rderung des Pflanzenwachstums ist. F\u00fcr andere Anwendungen ist sie jedoch nicht geeignet. (Gem\u00e4\u00df EU-Verordnung 2019\/2015 und 2019\/2020)<\/p>\n","protected":false},"excerpt":{"rendered":"<p>Aqua Medic Armatus XS All-in-One micro aquarium with cabinet filter<\/p>\n","protected":false},"featured_media":84653,"template":"","meta":[],"pwb-brand":[2149],"product_cat":[1412,1421],"product_tag":[],"class_list":{"0":"post-85082","1":"product","2":"type-product","3":"status-publish","4":"has-post-thumbnail","6":"pwb-brand-aqua-medic","7":"product_cat-aquaria-de","8":"product_cat-aqua-medic-de","10":"first","11":"outofstock","12":"taxable","13":"shipping-taxable","14":"purchasable","15":"product-type-simple"},"acf":[],"brands":[{"id":2149,"name":"Aqua Medic","slug":"aqua-medic"}],"_links":{"self":[{"href":"https:\/\/www.seaflowerstore.com\/de\/wp-json\/wp\/v2\/product\/85082","targetHints":{"allow":["GET"]}}],"collection":[{"href":"https:\/\/www.seaflowerstore.com\/de\/wp-json\/wp\/v2\/product"}],"about":[{"href":"https:\/\/www.seaflowerstore.com\/de\/wp-json\/wp\/v2\/types\/product"}],"wp:featuredmedia":[{"embeddable":true,"href":"https:\/\/www.seaflowerstore.com\/de\/wp-json\/wp\/v2\/media\/84653"}],"wp:attachment":[{"href":"https:\/\/www.seaflowerstore.com\/de\/wp-json\/wp\/v2\/media?parent=85082"}],"wp:term":[{"taxonomy":"pwb-brand","embeddable":true,"href":"https:\/\/www.seaflowerstore.com\/de\/wp-json\/wp\/v2\/pwb-brand?post=85082"},{"taxonomy":"product_cat","embeddable":true,"href":"https:\/\/www.seaflowerstore.com\/de\/wp-json\/wp\/v2\/product_cat?post=85082"},{"taxonomy":"product_tag","embeddable":true,"href":"https:\/\/www.seaflowerstore.com\/de\/wp-json\/wp\/v2\/product_tag?post=85082"}],"curies":[{"name":"wp","href":"https:\/\/api.w.org\/{rel}","templated":true}]}}