{"id":85083,"date":"2023-01-08T15:54:04","date_gmt":"2023-01-08T14:54:04","guid":{"rendered":"https:\/\/www.seaflowerstore.com\/nl\/neptune-systems-trident-diy-service-kit\/"},"modified":"2023-07-10T13:04:30","modified_gmt":"2023-07-10T11:04:30","slug":"neptune-systems-trident-diy-service-kit","status":"publish","type":"product","link":"https:\/\/www.seaflowerstore.com\/de\/neptune-systems-trident-diy-service-kit\/","title":{"rendered":"Neptune Systems Trident DIY Service Kit"},"content":{"rendered":"<h2>Neptune Systems Trident DIY Service Kit<\/h2>\n<p>Das DIY-Servicekit ist eine fantastische Option f\u00fcr Kunden, die die empfohlene Wartung lieber selbst durchf\u00fchren m\u00f6chten. Diese Option eignet sich am besten f\u00fcr diejenigen, die sich als \u201emechanisch begabt\u201c betrachten und Anweisungen effektiv befolgen k\u00f6nnen.<\/p>\n<p><strong>Hinweis:<\/strong> Das DIY-Servicekit sollte nur gew\u00e4hlt werden, wenn Ihr Trident in gutem Betriebszustand ist. Dieses Kit ist im Allgemeinen nicht daf\u00fcr ausgelegt, einen nicht funktionierenden Trident wieder funktionsf\u00e4hig zu machen.<\/p>\n<h3>Warum und wann sollte ich meinen Trident warten lassen?<\/h3>\n<p>Bei der Produkteinf\u00fchrung des Trident erkl\u00e4rten wir: \u201eWir empfehlen, den Trident innerhalb eines Zeitraums von 18 bis 24 Monaten einer Routinewartung f\u00fcr eine kleine Anzahl seiner Teile zu unterziehen. Obwohl wir den Kunden ein Kit zur Verf\u00fcgung stellen, mit dem sie diese Wartung selbst durchf\u00fchren k\u00f6nnen, empfehlen wir dringend, den Trident f\u00fcr diesen Service an unser Servicecenter zu schicken.\u201c<\/p>\n<p>Anfangs hatten wir eine allgemeine Vorstellung davon, welche Teile Aufmerksamkeit ben\u00f6tigten, aber erst nachdem die Tridents eine betr\u00e4chtliche Zeit lang in Betrieb waren, konnten wir diese Details best\u00e4tigen. Wir hatten auch eine Sch\u00e4tzung, wann Teile ausgetauscht werden m\u00fcssten, aber das basierte auf unserer besten Sch\u00e4tzung zu diesem Zeitpunkt.<\/p>\n<p>Fast zwei Jahre sp\u00e4ter haben wir jetzt ein klareres Verst\u00e4ndnis davon, was gewartet werden muss und, noch wichtiger, wann diese Wartungen erfolgen sollten. <strong>Wir empfehlen, aber verlangen nicht, dass Ihr Neptune Systems Trident nach 24-36 Betriebsmonaten einer vorbeugenden Wartung unterzogen wird.<\/strong><\/p>\n<p>Obwohl einige Tridents m\u00f6glicherweise vor diesem empfohlenen Intervall gewartet werden m\u00fcssen, sind solche F\u00e4lle eher Ausnahmen als die Regel.<\/p>\n<p>Der komplette Service umfasst:<\/p>\n<ul>\n<li>\n<em><strong>Ersatzkopf f\u00fcr Schlauchpumpen<\/strong><\/em><\/p>\n<p>Eine der wichtigsten Komponenten f\u00fcr einen gut funktionierenden Trident ist der Pumpenkopf. Dies gew\u00e4hrleistet Pr\u00e4zision, daher ist es von h\u00f6chster Priorit\u00e4t, es in gutem Zustand zu halten.<\/p>\n<\/li>\n<li>\n<em><strong>K\u00fcvette und Schl\u00e4uche<\/strong><\/em><\/p>\n<p>In der K\u00fcvette findet die Farbtitration statt, um Ihre Parameterwerte zu bestimmen. Mit der Zeit kann sie fleckig und verf\u00e4rbt werden.<\/p>\n<\/li>\n<li>\n<em><strong>Interne Schlauchbaugruppe<\/strong><\/em><\/p>\n<p>Einige interne Schl\u00e4uche im Trident k\u00f6nnen mit der Zeit verschlei\u00dfen. Wir ersetzen diese durch neue Schl\u00e4uche, um einen kontinuierlichen Betrieb zu gew\u00e4hrleisten.<\/p>\n<\/li>\n<li>\n<em><strong>Trident-Probenleitungsfilter<\/strong><\/em><\/p>\n<p>Optional: F\u00fcr Tridents, die in Systemen mit hohem Partikelgehalt im Wasser verwendet werden, kann ein Probenleitungsfilter installiert werden, um Verstopfungen und Blockaden vorzubeugen.<\/p>\n<\/li>\n<li>\n<em><strong>Proben- und Abfallleitung plus Anschl\u00fcsse<\/strong><\/em><\/p>\n<p>Die externen Proben- und Abfallleitungen k\u00f6nnen bei l\u00e4ngerem Gebrauch mit der Zeit verstopfen. Neue Leitungen helfen, dieses Problem zu vermeiden, und wir haben neue Anschl\u00fcsse eingebaut, um Verstopfungen weiter zu minimieren.<\/p>\n<\/li>\n<\/ul>\n<p><strong><i>Komplettes Servicevideo<\/i><\/strong><\/p>\n<p>Um Sie durch diesen Servicevorgang zu begleiten, haben wir ein knapp 30-min\u00fctiges Video f\u00fcr Sie.<\/p>\n<p><iframe loading=\"lazy\" title=\"YouTube-Videoplayer\" src=\"https:\/\/www.youtube-nocookie.com\/embed\/RWr2BxlWKJk\" width=\"560\" height=\"315\" frameborder=\"0\" allowfullscreen=\"allowfullscreen\"><\/iframe><\/p>\n","protected":false},"excerpt":{"rendered":"<p>Neptune Systems Trident DIY Service Kit to complete the recommended service on your own<\/p>\n","protected":false},"featured_media":84649,"template":"","meta":[],"pwb-brand":[2179],"product_cat":[1387,1423],"product_tag":[],"class_list":{"0":"post-85083","1":"product","2":"type-product","3":"status-publish","4":"has-post-thumbnail","6":"pwb-brand-neptune-systems","7":"product_cat-messsysteme","8":"product_cat-neptune-systems-de","10":"first","11":"instock","12":"taxable","13":"shipping-taxable","14":"purchasable","15":"product-type-simple"},"acf":[],"brands":[{"id":2179,"name":"Neptune Systems","slug":"neptune-systems"}],"_links":{"self":[{"href":"https:\/\/www.seaflowerstore.com\/de\/wp-json\/wp\/v2\/product\/85083","targetHints":{"allow":["GET"]}}],"collection":[{"href":"https:\/\/www.seaflowerstore.com\/de\/wp-json\/wp\/v2\/product"}],"about":[{"href":"https:\/\/www.seaflowerstore.com\/de\/wp-json\/wp\/v2\/types\/product"}],"wp:featuredmedia":[{"embeddable":true,"href":"https:\/\/www.seaflowerstore.com\/de\/wp-json\/wp\/v2\/media\/84649"}],"wp:attachment":[{"href":"https:\/\/www.seaflowerstore.com\/de\/wp-json\/wp\/v2\/media?parent=85083"}],"wp:term":[{"taxonomy":"pwb-brand","embeddable":true,"href":"https:\/\/www.seaflowerstore.com\/de\/wp-json\/wp\/v2\/pwb-brand?post=85083"},{"taxonomy":"product_cat","embeddable":true,"href":"https:\/\/www.seaflowerstore.com\/de\/wp-json\/wp\/v2\/product_cat?post=85083"},{"taxonomy":"product_tag","embeddable":true,"href":"https:\/\/www.seaflowerstore.com\/de\/wp-json\/wp\/v2\/product_tag?post=85083"}],"curies":[{"name":"wp","href":"https:\/\/api.w.org\/{rel}","templated":true}]}}