{"id":85084,"date":"2023-01-08T15:30:25","date_gmt":"2023-01-08T14:44:28","guid":{"rendered":"https:\/\/www.seaflowerstore.com\/nl\/easyractor-4l\/"},"modified":"2023-01-08T15:30:25","modified_gmt":"2023-01-08T14:44:28","slug":"easyractor-4l","status":"publish","type":"product","link":"https:\/\/www.seaflowerstore.com\/de\/easyractor-4l\/","title":{"rendered":"Easyractor &#8211; 4L"},"content":{"rendered":"<h2>Easyractor 4L kit for the semi-automated cultivation of rotifers intended for feeding fish and coral larvae<\/h2>\n<p>Der Easyractor ist ein zweizylindrischer, kegelstumpff\u00f6rmiger Reaktor, der f\u00fcr die halbautomatische Zucht von R\u00e4dertierchen entwickelt wurde. Er funktioniert nahtlos mit unserem Easyfeeder, Dosierpumpen und einer ma\u00dfgeschneiderten Mischung verschiedener Phytoplanktonarten, je nach Ihren spezifischen Anforderungen.<\/p>\n<p>Durch die Verwendung des Easyractor 4L in Kombination mit Easyroti als R\u00e4dertierchenfutter k\u00f6nnen Sie sicherstellen, dass Korallen und Fischlarven kontinuierlichen Zugang zu Futter haben, ohne dass separate Phytoplanktonkulturen erforderlich sind. Dieses System vereinfacht die Produktion von R\u00e4dertierchen f\u00fcr Aquarianer und macht es einfach und intuitiv, erfolgreiche Zooplanktonkulturen zur F\u00fctterung von Korallen und Fischen auf systematische, kontrollierte und sichere Weise aufrechtzuerhalten.<\/p>\n<p>Der Reaktor hat eine Produktionskapazit\u00e4t von 0,5 Litern t\u00e4glicher Ernte pro Zylinder, was bedeutet, dass Sie unter normalen Betriebsbedingungen t\u00e4glich bis zu 600.000 R\u00e4dertierchen ernten k\u00f6nnen. Interessanterweise gibt es keine gro\u00dfen Unterschiede in den R\u00e4dertierchenkonzentrationen, die bei Verwendung von lebendem Phytoplankton im Vergleich zu Easy Reefs-Phytoplankton erreicht werden.<\/p>\n<p><strong>Was macht den Easyractor 4L einzigartig?<\/strong><\/p>\n<p>Der Easyractor 4L arbeitet mit Easyroti, einer Mischung aus EasyReefs\u00ae-Mikroalgen (80 % Nannochloropsis und 20 % Tetraselmis), die in einem fl\u00fcssigen Gelformat mit einer hohen Mikroalgenkonzentration von 5 x 10<sup>9<\/sup> \/ ml pr\u00e4sentiert wird. Eine der besten Eigenschaften von Easyroti ist, dass es nicht gek\u00fchlt werden muss. Dies, zusammen mit seiner hohen Mikroalgenkonzentration, macht es zu einer ausgezeichneten Wahl f\u00fcr die Verwendung mit dem Easyractor 4L.<\/p>\n<p>Das Verpackungs- und Dosiersystem verhindert Oxidation und photochemische Reaktionen durch Lichteinwirkung. Das automatische Dosiersystem des Easyractor 4L erm\u00f6glicht die Produktion hoher Konzentrationen von R\u00e4dertierchen, die unter idealen Bedingungen bis zu 900 R\u00e4dertierchen\/ml erreichen, ohne dass der Aquarianer eine st\u00e4ndige \u00dcberwachung durchf\u00fchren muss.<\/p>\n<p>Dieser automatische Modus erh\u00e4lt die Wasserqualit\u00e4t durch regelm\u00e4\u00dfige Zugabe kleiner Futtermengen, was dazu beitr\u00e4gt, den Algenverbrauch zu minimieren und sicherstellt, dass den R\u00e4dertierchen immer Futter zur Verf\u00fcgung steht. Au\u00dferdem hilft Ihnen der Easyractor 4L dabei, Ernteverluste zu vermeiden, wenn Sie f\u00fcr kurze Zeitr\u00e4ume nicht ernten k\u00f6nnen, z. B. w\u00e4hrend Arbeitsreisen, Wochenenden oder Kurzurlauben.<\/p>\n<p><strong>Kitinhalt:<\/strong><\/p>\n<figure>\n<img loading=\"lazy\" decoding=\"async\" class=\"wp-image-71501 size-full\" src=\"https:\/\/www.seaflowerstore.com\/wp-content\/uploads\/2023\/01\/easyractor-4l-kit.jpg\" alt=\"Easyractor - 4L kit\" width=\"597\" height=\"499\" srcset=\"https:\/\/www.seaflowerstore.com\/wp-content\/uploads\/2023\/01\/easyractor-4l-kit.jpg 597w, https:\/\/www.seaflowerstore.com\/wp-content\/uploads\/2023\/01\/easyractor-4l-kit-300x251.jpg 300w, https:\/\/www.seaflowerstore.com\/wp-content\/uploads\/2023\/01\/easyractor-4l-kit-150x125.jpg 150w\" sizes=\"auto, (max-width: 597px) 100vw, 597px\" \/><figcaption>Easyractor &#8211; 4L kit<\/figcaption><\/figure>\n<ul>\n<li>A) Reaktortr\u00e4ger aus Methacrylat.<\/li>\n<li>B) Zwei Kegelstumpfzylinder mit einem Fassungsverm\u00f6gen von jeweils 2 l, ausgestattet mit einem Reinigungs- und Auslassventil.<\/li>\n<li>C) Ein Bel\u00fcfter\/Lebensmitteldiffusor.<\/li>\n<li>D) Ein Super Silent Air PUMP, ultraleiser Luftkompressor mit Netzteil (220\u2013240 V AC, 1,0 W; siehe Anleitung in der Verpackung).<\/li>\n<li>E) Eine Easyfeeder Master-Dosierpumpe mit Netzteil (110\u2013230 V AC, Ausgang 12 V DC, 1000 mA; siehe Anleitung in der Verpackung).<\/li>\n<li>F) Eine Easyfeeder Slave-Dosierpumpe mit DC-Anschluss (siehe Anleitung in der Verpackung).<\/li>\n<li>G) Vorinstallation der Futterdosierkreisl\u00e4ufe.<\/li>\n<li>H) Vorinstallation des Luftkreislaufs mit Sicherheitsr\u00fcckschlagventil.<\/li>\n<li>I) Zwei Abdeckungen mit LED-Leuchte mit Netzteil (100\u2013240 V AC, Ausgang 3 V DC; siehe Anleitung in der Verpackung).<\/li>\n<li>J) Ein Filtergewebe von 50 Mikron (24 x 24 cm Easymesh50).<\/li>\n<li>K) Ein vorinstallierter Easyconnect 25-Anschluss f\u00fcr die standardisierte Verbindung mit Easyroti von Easy Reefs.<\/li>\n<\/ul>\n<p><a href=\"http:\/\/www.easyreefs.com\/EASYRACTOR-INSTRUCCIONES-ENG.pdf\" target=\"_blank\" rel=\"noopener nofollow\">Link zum Produkthandbuch<\/a><\/p>\n","protected":false},"excerpt":{"rendered":"<p>Easyractor 4L kit for the semi-automated cultivation of rotifers intended for feeding fish and coral larvae<\/p>\n","protected":false},"featured_media":84647,"template":"","meta":[],"pwb-brand":[2195],"product_cat":[1424],"product_tag":[],"class_list":{"0":"post-85084","1":"product","2":"type-product","3":"status-publish","4":"has-post-thumbnail","6":"pwb-brand-easy-reefs","7":"product_cat-futter","9":"first","10":"instock","11":"taxable","12":"shipping-taxable","13":"purchasable","14":"product-type-simple"},"acf":[],"brands":[{"id":2195,"name":"Easy Reefs","slug":"easy-reefs"}],"_links":{"self":[{"href":"https:\/\/www.seaflowerstore.com\/de\/wp-json\/wp\/v2\/product\/85084","targetHints":{"allow":["GET"]}}],"collection":[{"href":"https:\/\/www.seaflowerstore.com\/de\/wp-json\/wp\/v2\/product"}],"about":[{"href":"https:\/\/www.seaflowerstore.com\/de\/wp-json\/wp\/v2\/types\/product"}],"wp:featuredmedia":[{"embeddable":true,"href":"https:\/\/www.seaflowerstore.com\/de\/wp-json\/wp\/v2\/media\/84647"}],"wp:attachment":[{"href":"https:\/\/www.seaflowerstore.com\/de\/wp-json\/wp\/v2\/media?parent=85084"}],"wp:term":[{"taxonomy":"pwb-brand","embeddable":true,"href":"https:\/\/www.seaflowerstore.com\/de\/wp-json\/wp\/v2\/pwb-brand?post=85084"},{"taxonomy":"product_cat","embeddable":true,"href":"https:\/\/www.seaflowerstore.com\/de\/wp-json\/wp\/v2\/product_cat?post=85084"},{"taxonomy":"product_tag","embeddable":true,"href":"https:\/\/www.seaflowerstore.com\/de\/wp-json\/wp\/v2\/product_tag?post=85084"}],"curies":[{"name":"wp","href":"https:\/\/api.w.org\/{rel}","templated":true}]}}