{"id":85085,"date":"2022-12-31T11:54:32","date_gmt":"2022-12-31T10:54:32","guid":{"rendered":"https:\/\/www.seaflowerstore.com\/nl\/neptune-systems-a3-apex-pro-system\/"},"modified":"2026-03-06T20:44:05","modified_gmt":"2026-03-06T19:44:05","slug":"neptune-systems-a3-apex-pro-system","status":"publish","type":"product","link":"https:\/\/www.seaflowerstore.com\/de\/neptune-systems-a3-apex-pro-system\/","title":{"rendered":"Neptune Systems A3 Apex PRO System"},"content":{"rendered":"<h2>Neptune Systems A3 Apex PRO System<\/h2>\n<p>Das A3 Apex System bietet Kontrolle mit vereinfachter \u00dcberwachung und wurde f\u00fcr den Aquarianer entwickelt, der sich Raum zum Wachsen w\u00fcnscht.<\/p>\n<div class=\"fusion-fullwidth fullwidth-box fusion-builder-row-3 fusion-parallax-up nonhundred-percent-fullwidth non-hundred-percent-height-scrolling bg-parallax-parent\">\n<div class=\"fusion-builder-row fusion-row\">\n<div class=\"fusion-layout-column fusion_builder_column fusion-builder-column-5 fusion_builder_column_1_1 1_1 fusion-one-full fusion-column-first fusion-column-last\">\n<div class=\"fusion-column-wrapper fusion-flex-column-wrapper-legacy\">\n<div class=\"fusion-title title fusion-title-5 fusion-sep-none fusion-title-text fusion-title-size-one\">\n<h3 class=\"title-heading-left fusion-responsive-typography-calculated\">WELCHER APEX IST DER RICHTIGE F\u00dcR MICH<\/h3>\n<\/div>\n<div class=\"fusion-clearfix\"><\/div>\n<\/div>\n<\/div>\n<\/div>\n<\/div>\n<thead>\n<tr>\n<th align=\"left\" width=\"65%\"><\/th>\n<th align=\"left\" class=\"compareTH\"><span style=\"background-color: #ffff00;\">Apex <span class=\"tagPro lgTag\">PRO<\/span><\/span><\/th>\n<th align=\"left\" class=\"compareTH\">Apex<\/th>\n<th align=\"left\" class=\"compareTH\">Apex <span class=\"tagJr lgJr\">Jr<\/span><\/th>\n<\/tr>\n<\/thead>\n<tr>\n<td align=\"left\">Ich m\u00f6chte mein Aquarium jederzeit von jedem beliebigen Ort aus \u00fcberwachen. Ger\u00e4t.<\/td>\n<td align=\"center\"><img decoding=\"async\" alt=\"Check\" src=\"https:\/\/www.neptunesystems.com\/wp-content\/uploads\/2022\/07\/Checkmark@3x.png\" width=\"18\"\/><\/td>\n<td align=\"center\"><img decoding=\"async\" alt=\"Check\" src=\"https:\/\/www.neptunesystems.com\/wp-content\/uploads\/2022\/07\/Checkmark@3x.png\" width=\"18\"\/><\/td>\n<td align=\"center\"><img decoding=\"async\" alt=\"Check\" src=\"https:\/\/www.neptunesystems.com\/wp-content\/uploads\/2022\/07\/Checkmark@3x.png\" width=\"18\"\/><\/td>\n<\/tr>\n<tr>\n<td align=\"left\">Ich m\u00f6chte kritische Parameter wie die Temperatur \u00fcberwachen, um meinen Tank zu sch\u00fctzen.<\/td>\n<td align=\"center\"><img decoding=\"async\" alt=\"Check\" src=\"https:\/\/www.neptunesystems.com\/wp-content\/uploads\/2022\/07\/Checkmark@3x.png\" width=\"18\"\/><\/td>\n<td align=\"center\"><img decoding=\"async\" alt=\"Check\" src=\"https:\/\/www.neptunesystems.com\/wp-content\/uploads\/2022\/07\/Checkmark@3x.png\" width=\"18\"\/><\/td>\n<td align=\"center\"><img decoding=\"async\" alt=\"Check\" src=\"https:\/\/www.neptunesystems.com\/wp-content\/uploads\/2022\/07\/Checkmark@3x.png\" width=\"18\"\/><\/td>\n<\/tr>\n<tr>\n<td align=\"left\">Ich m\u00f6chte per Textnachricht, SMS oder E-Mail benachrichtigt werden, wenn die Parameter au\u00dferhalb der Spezifikation liegen.<\/td>\n<td align=\"center\"><img decoding=\"async\" alt=\"Check\" src=\"https:\/\/www.neptunesystems.com\/wp-content\/uploads\/2022\/07\/Checkmark@3x.png\" width=\"18\"\/><\/td>\n<td align=\"center\"><img decoding=\"async\" alt=\"Check\" src=\"https:\/\/www.neptunesystems.com\/wp-content\/uploads\/2022\/07\/Checkmark@3x.png\" width=\"18\"\/><\/td>\n<td align=\"center\"><img decoding=\"async\" alt=\"Check\" src=\"https:\/\/www.neptunesystems.com\/wp-content\/uploads\/2022\/07\/Checkmark@3x.png\" width=\"18\"\/><\/td>\n<\/tr>\n<tr>\n<td align=\"left\">Ich m\u00f6chte wissen, ob die Stromversorgung der WLAN-Verbindung zu meinem Aquarium unterbrochen ist.<\/td>\n<td align=\"center\"><img decoding=\"async\" alt=\"Check\" src=\"https:\/\/www.neptunesystems.com\/wp-content\/uploads\/2022\/07\/Checkmark@3x.png\" width=\"18\"\/><\/td>\n<td align=\"center\"><img decoding=\"async\" alt=\"Check\" src=\"https:\/\/www.neptunesystems.com\/wp-content\/uploads\/2022\/07\/Checkmark@3x.png\" width=\"18\"\/><\/td>\n<td align=\"center\"><img decoding=\"async\" alt=\"Check\" src=\"https:\/\/www.neptunesystems.com\/wp-content\/uploads\/2022\/07\/Checkmark@3x.png\" width=\"18\"\/><\/td>\n<\/tr>\n<tr>\n<td align=\"left\">Ich m\u00f6chte \u00fcber einen m\u00f6glichen \u00dcberlauf oder ein Leck in oder um mein Aquarium informiert werden.<\/td>\n<td align=\"center\"><img decoding=\"async\" alt=\"Check\" src=\"https:\/\/www.neptunesystems.com\/wp-content\/uploads\/2022\/07\/Checkmark@3x.png\" width=\"18\"\/><\/td>\n<td align=\"center\"><img decoding=\"async\" alt=\"Check\" src=\"https:\/\/www.neptunesystems.com\/wp-content\/uploads\/2022\/07\/Checkmark@3x.png\" width=\"18\"\/><\/td>\n<td align=\"center\"><img decoding=\"async\" alt=\"Check\" src=\"https:\/\/www.neptunesystems.com\/wp-content\/uploads\/2022\/07\/Checkmark@3x.png\" width=\"18\"\/><\/td>\n<\/tr>\n<tr>\n<td align=\"left\">Ich m\u00f6chte in der Lage sein, Ger\u00e4te zu automatisieren, um auf Parameter\u00e4nderungen oder Notfallsituationen zu reagieren.<\/td>\n<td align=\"center\"><img decoding=\"async\" alt=\"Check\" src=\"https:\/\/www.neptunesystems.com\/wp-content\/uploads\/2022\/07\/Checkmark@3x.png\" width=\"18\"\/><\/td>\n<td align=\"center\"><img decoding=\"async\" alt=\"Check\" src=\"https:\/\/www.neptunesystems.com\/wp-content\/uploads\/2022\/07\/Checkmark@3x.png\" width=\"18\"\/><\/td>\n<td align=\"center\">Erweiterbar<\/td>\n<\/tr>\n<p>Das A3 Apex System bietet Kontrolle mit vereinfachter \u00dcberwachung und wurde f\u00fcr den Aquarianer entwickelt, der sich Raum zum Wachsen w\u00fcnscht.<\/p>\n<div class=\"fusion-fullwidth fullwidth-box fusion-builder-row-3 fusion-parallax-up nonhundred-percent-fullwidth non-hundred-percent-height-scrolling bg-parallax-parent\">\n<div class=\"fusion-builder-row fusion-row\">\n<div class=\"fusion-layout-column fusion_builder_column fusion-builder-column-5 fusion_builder_column_1_1 1_1 fusion-one-full fusion-column-first fusion-column-last\">\n<div class=\"fusion-column-wrapper fusion-flex-column-wrapper-legacy\">\n<div class=\"fusion-title title fusion-title-5 fusion-sep-none fusion-title-text fusion-title-size-one\">\n<h3 class=\"title-heading-left fusion-responsive-typography-calculated\">WELCHER APEX IST DER RICHTIGE F\u00dcR MICH<\/h3>\n<\/div>\n<div class=\"fusion-clearfix\"><\/div>\n<\/div>\n<\/div>\n<\/div>\n<\/div>\n<div class=\"fusion-layout-column fusion_builder_column fusion-builder-column-10 fusion_builder_column_1_4 1_4 fusion-one-fourth fusion-column-first\">\n<div class=\"fusion-column-wrapper fusion-flex-column-wrapper-legacy\">\n<div class=\"fusion-title title fusion-title-7 fusion-title-center fusion-title-text fusion-title-size-one\">\n<h1 class=\"title-heading-center fusion-responsive-typography-calculated\">APEX A3 PRO<\/h1>\n<\/div>\n<div class=\"fusion-clearfix\">\n<span style=\"color: #555555; font-size: 14.4px;\">Fast endlose Konnektivit\u00e4t, die ein wahrhaft modulares Erlebnis schafft.<\/span>\n<\/div>\n<\/div>\n<\/div>\n<div class=\"fusion-layout-column fusion_builder_column fusion-builder-column-7 fusion_builder_column_1_1 1_1 fusion-one-full fusion-column-first fusion-column-last\">\n<div class=\"fusion-column-wrapper fusion-flex-column-wrapper-legacy\">\n<div class=\"fusion-clearfix\"><\/div>\n<\/div>\n<\/div>\n<div class=\"fusion-layout-column fusion_builder_column fusion-builder-column-8 fusion_builder_column_3_4 3_4 fusion-three-fourth fusion-column-first\">\n<div class=\"fusion-column-wrapper fusion-flex-column-wrapper-legacy\">\n<div class=\"imageframe-align-center\">\n<span class=\"fusion-imageframe imageframe-none imageframe-4 hover-type-none apexproimg\"><br \/>\n<img decoding=\"async\" alt=\"\" class=\"img-responsive wp-image-80531\" height=\"461\" sizes=\"(max-width: 800px) 100vw, 1044px\" src=\"https:\/\/www.neptunesystems.com\/wp-content\/uploads\/2022\/08\/ApexPro_Ports_04.png\" srcset=\"https:\/\/www.neptunesystems.com\/wp-content\/uploads\/2022\/08\/ApexPro_Ports_04-200x150.png 200w, https:\/\/www.neptunesystems.com\/wp-content\/uploads\/2022\/08\/ApexPro_Ports_04-400x300.png 400 W, https:\/\/www.neptunesystems.com\/wp-content\/uploads\/2022\/08\/ApexPro_Ports_04-600x450.png 600 W, https:\/\/www.neptunesystems.com\/wp-content\/uploads\/2022\/08\/ApexPro_Ports_04-800x600.png 800 W, https:\/\/www.neptunesystems.com\/wp-content\/uploads\/2022\/08\/ApexPro_Ports_04.png 1044 W\" Titel=\"ApexPro_Ports_04\" Breite=\"614\"\/><br \/>\n<\/span>\n<\/div>\n<\/div>\n<\/div>\n<div Klasse=\"fusion-text fusion-text-13\">\n<h1 class=\"fusion-responsive-typography-calculated\" data-fontsize=\"40\" data-lineheight=\"55.2px\">Was ist installiert?<\/h1>\n<\/div>\n<thead>\n<tr>\n<th align=\"left\"><\/th>\n<th align=\"left\" class=\"compareTH\">APEX <span class=\"tagPro lgTag\">PRO<\/span><\/th>\n<th align=\"left\" class=\"compareTH\">APEX<\/th>\n<th align=\"left\" class=\"compareTH\">APEX <span class=\"tagJr lgJr\">JR<\/span><\/th>\n<\/tr>\n<\/thead>\n<tr>\n<td align=\"left\" width=\"25%\">Temperatur\u00fcberwachung<\/td>\n<td align=\"left\" width=\"25%\"><img decoding=\"async\" alt=\"Check\" class=\"entered lazyloaded\" src=\"https:\/\/www.neptunesystems.com\/wp-content\/uploads\/2022\/07\/Checkmark@3x.png\" title=\"Neptune Systems A3 Apex System 49\" width=\"18\"\/><\/td>\n<td align=\"left\" width=\"25%\"><img decoding=\"async\" alt=\"Check\" class=\"entered lazyloaded\" src=\"https:\/\/www.neptunesystems.com\/wp-content\/uploads\/2022\/07\/Checkmark@3x.png\" title=\"Neptune Systems A3 Apex System 49\" width=\"18\"\/><\/td>\n<td align=\"left\" width=\"25%\"><img decoding=\"async\" alt=\"Check\" class=\"entered lazyloaded\" src=\"https:\/\/www.neptunesystems.com\/wp-content\/uploads\/2022\/07\/Checkmark@3x.png\" title=\"Neptune Systems A3 Apex System 49\" Breite=\"18\"\/><\/td>\n<\/tr>\n<tr>\n<td align=\"left\">pH-\u00dcberwachung<\/td>\n<td align=\"left\"><img decoding=\"async\" alt=\"Check\" class=\"entered lazyloaded\" src=\"https:\/\/www.neptunesystems.com\/wp-content\/uploads\/2022\/07\/Checkmark@3x.png\" title=\"Neptune Systems A3 Apex System 49\" width=\"18\"\/><\/td>\n<td align=\"left\"><img decoding=\"async\" alt=\"Check\" class=\"entered lazyloaded\" src=\"https:\/\/www.neptunesystems.com\/wp-content\/uploads\/2022\/07\/Checkmark@3x.png\" title=\"Neptune Systems A3 Apex System 49\" width=\"18\"\/><\/td>\n<td align=\"left\"><img decoding=\"async\" alt=\"Check\" class=\"entered lazyloaded\" src=\"https:\/\/www.neptunesystems.com\/wp-content\/uploads\/2022\/07\/Checkmark@3x.png\" title=\"Neptune Systems A3 Apex System 49\" width=\"18\"\/><\/td>\n<\/tr>\n<tr>\n<td align=\"left\">ORP-\u00dcberwachung<\/td>\n<td align=\"left\"><img decoding=\"async\" alt=\"Check\" class=\"entered lazyloaded\" src=\"https:\/\/www.neptunesystems.com\/wp-content\/uploads\/2022\/07\/Checkmark@3x.png\" title=\"Neptune Systems A3 Apex System 49\" width=\"18\"\/><\/td>\n<td align=\"left\">\u2014<\/td>\n<td align=\"left\">\u2014<\/td>\n<\/tr>\n<tr>\n<td align=\"left\">Salzgehalt-\u00dcberwachung<\/td>\n<td align=\"left\">Sonde separat erh\u00e4ltlich<\/td>\n<td align=\"left\">\u2014<\/td>\n<td align=\"left\">\u2014<\/td>\n<\/tr>\n<tr>\n<td align=\"left\">FMM-Eingangsanschl\u00fcsse<\/td>\n<td align=\"left\">4<\/td>\n<td align=\"left\">3<\/td>\n<td align=\"left\">2<\/td>\n<\/tr>\n<tr>\n<td align=\"left\">Steuerbare Ausg\u00e4nge (EB632)<\/td>\n<td align=\"left\">6<\/td>\n<td align=\"left\">6<\/td>\n<td align=\"left\">\u2014<\/td>\n<\/tr>\n<tr>\n<td align=\"left\">1LINK-Ausg\u00e4nge<\/td>\n<td align=\"left\">3<\/td>\n<td align=\"left\">3<\/td>\n<td align=\"left\">\u2014<\/td>\n<\/tr>\n<tr>\n<td align=\"left\">DC 24 V Ausg\u00e4nge<\/td>\n<td align=\"left\">2<\/td>\n<td align=\"left\">2<\/td>\n<td align=\"left\">\u2014<\/td>\n<\/tr>\n<tr>\n<td align=\"left\">Digitale Eing\u00e4nge<\/td>\n<td align=\"left\">6<\/td>\n<td align=\"left\">6<\/td>\n<td align=\"left\">\u2014<\/td>\n<\/tr>\n<tr>\n<td align=\"left\">Akustischer Alarmsummer<\/td>\n<td align=\"left\"><img decoding=\"async\" alt=\"Check\" class=\"entered lazyloaded\" src=\"https:\/\/www.neptunesystems.com\/wp-content\/uploads\/2022\/07\/Checkmark@3x.png\" title=\"Neptune Systems A3 Apex System 49\" width=\"18\"\/><\/td>\n<td align=\"left\"><img decoding=\"async\" alt=\"Check\" class=\"entered lazyloaded\" src=\"https:\/\/www.neptunesystems.com\/wp-content\/uploads\/2022\/07\/Checkmark@3x.png\" title=\"Neptune Systems A3 Apex System 49\" width=\"18\"\/><\/td>\n<td align=\"left\"><img decoding=\"async\" alt=\"Check\" class=\"entered lazyloaded\" src=\"https:\/\/www.neptunesystems.com\/wp-content\/uploads\/2022\/07\/Checkmark@3x.png\" title=\"Neptune Systems A3 Apex System 49\" width=\"18\"\/><\/td>\n<\/tr>\n<tr>\n<td align=\"left\">WLAN<\/td>\n<td align=\"left\"><img decoding=\"async\" alt=\"Check\" class=\"entered lazyloaded\" src=\"https:\/\/www.neptunesystems.com\/wp-content\/uploads\/2022\/07\/Checkmark@3x.png\" title=\"Neptune Systems A3 Apex System 49\" width=\"18\"\/><\/td>\n<td align=\"left\"><img decoding=\"async\" alt=\"Check\" class=\"entered lazyloaded\" src=\"https:\/\/www.neptunesystems.com\/wp-content\/uploads\/2022\/07\/Checkmark@3x.png\" title=\"Neptune Systems A3 Apex System 49\" width=\"18\"\/><\/td>\n<td align=\"left\"><img decoding=\"async\" alt=\"Check\" class=\"entered lazyloaded\" src=\"https:\/\/www.neptunesystems.com\/wp-content\/uploads\/2022\/07\/Checkmark@3x.png\" title=\"Neptune Systems A3 Apex System 49\" width=\"18\"\/><\/td>\n<\/tr>\n<tr>\n<td align=\"left\">Festverdrahtetes Ethernet<\/td>\n<td align=\"left\"><img decoding=\"async\" alt=\"Check\" class=\"entered lazyloaded\" src=\"https:\/\/www.neptunesystems.com\/wp-content\/uploads\/2022\/07\/Checkmark@3x.png\" title=\"Neptune Systems A3 Apex System 49\" width=\"18\"\/><\/td>\n<td align=\"left\"><img decoding=\"async\" alt=\"Check\" class=\"entered lazyloaded\" src=\"https:\/\/www.neptunesystems.com\/wp-content\/uploads\/2022\/07\/Checkmark@3x.png\" title=\"Neptune Systems A3 Apex System 49\" width=\"18\"\/><\/td>\n<td align=\"left\">\u2014<\/td>\n<\/tr>\n<tr>\n<td align=\"left\">Fl\u00fcssigkeitsstand\u00fcberwachung<\/td>\n<td align=\"left\"><img decoding=\"async\" alt=\"Check\" class=\"entered lazyloaded\" src=\"https:\/\/www.neptunesystems.com\/wp-content\/uploads\/2022\/07\/Checkmark@3x.png\" title=\"Neptune Systems A3 Apex System 49\" width=\"18\"\/><\/td>\n<td align=\"left\">\u2014<\/td>\n<td align=\"left\">\u2014<\/td>\n<\/tr>\n<tr>\n<td align=\"left\">Leckerkennung<\/td>\n<td align=\"left\">Optisch<\/td>\n<td align=\"left\">Analog<\/td>\n<td align=\"left\">Analog<\/td>\n<\/tr>\n<tr>\n<td align=\"left\">Variable Ausg\u00e4nge (0-10 V)<\/td>\n<td align=\"left\">4<\/td>\n<td align=\"left\">\u2014<\/td>\n<td align=\"left\">\u2014<\/td>\n<\/tr>\n<p>Das A3 Apex System bietet Kontrolle mit vereinfachter \u00dcberwachung und wurde f\u00fcr den Aquarianer entwickelt, der sich Raum zum Wachsen w\u00fcnscht.<\/p>\n<div class=\"fusion-fullwidth fullwidth-box fusion-builder-row-3 fusion-parallax-up nonhundred-percent-fullwidth non-hundred-percent-height-scrolling bg-parallax-parent\">\n<div class=\"fusion-builder-row fusion-row\">\n<div class=\"fusion-layout-column fusion_builder_column fusion-builder-column-5 fusion_builder_column_1_1 1_1 fusion-one-full fusion-column-first fusion-column-last\">\n<div class=\"fusion-column-wrapper fusion-flex-column-wrapper-legacy\">\n<div class=\"fusion-title title fusion-title-5 fusion-sep-none fusion-title-text fusion-title-size-one\">\n<h3 class=\"title-heading-left fusion-responsive-typography-calculated\">WELCHER APEX IST DER RICHTIGE F\u00dcR MICH<\/h3>\n<\/div>\n<div class=\"fusion-clearfix\"><\/div>\n<\/div>\n<\/div>\n<\/div>\n<\/div>\n<div class=\"fusion-layout-column fusion_builder_column fusion-builder-column-10 fusion_builder_column_1_4 1_4 fusion-one-fourth fusion-column-first\">\n<div class=\"fusion-column-wrapper fusion-flex-column-wrapper-legacy\">\n<div class=\"fusion-title title fusion-title-7 fusion-title-center fusion-title-text fusion-title-size-one\">\n<h1 class=\"title-heading-center fusion-responsive-typography-calculated\">APEX A3 PRO<\/h1>\n<\/div>\n<div class=\"fusion-clearfix\">\n<span style=\"color: #555555; font-size: 14.4px;\">Fast endlose Konnektivit\u00e4t f\u00fcr ein wahrhaft modulares Erlebnis.<\/span>\n<\/div>\n<\/div>\n<\/div>\n","protected":false},"excerpt":{"rendered":"<p>The Neptune Systems A3 Apex PRO System offers the control but scaled back monitoring with room to grow for the everyday aquarist<\/p>\n","protected":false},"featured_media":84644,"template":"","meta":[],"pwb-brand":[2179],"product_cat":[1408,1423],"product_tag":[],"class_list":{"0":"post-85085","1":"product","2":"type-product","3":"status-publish","4":"has-post-thumbnail","6":"pwb-brand-neptune-systems","7":"product_cat-computer-de","8":"product_cat-neptune-systems-de","10":"first","11":"outofstock","12":"sale","13":"taxable","14":"shipping-taxable","15":"purchasable","16":"product-type-simple"},"acf":[],"brands":[{"id":2179,"name":"Neptune Systems","slug":"neptune-systems"}],"_links":{"self":[{"href":"https:\/\/www.seaflowerstore.com\/de\/wp-json\/wp\/v2\/product\/85085","targetHints":{"allow":["GET"]}}],"collection":[{"href":"https:\/\/www.seaflowerstore.com\/de\/wp-json\/wp\/v2\/product"}],"about":[{"href":"https:\/\/www.seaflowerstore.com\/de\/wp-json\/wp\/v2\/types\/product"}],"wp:featuredmedia":[{"embeddable":true,"href":"https:\/\/www.seaflowerstore.com\/de\/wp-json\/wp\/v2\/media\/84644"}],"wp:attachment":[{"href":"https:\/\/www.seaflowerstore.com\/de\/wp-json\/wp\/v2\/media?parent=85085"}],"wp:term":[{"taxonomy":"pwb-brand","embeddable":true,"href":"https:\/\/www.seaflowerstore.com\/de\/wp-json\/wp\/v2\/pwb-brand?post=85085"},{"taxonomy":"product_cat","embeddable":true,"href":"https:\/\/www.seaflowerstore.com\/de\/wp-json\/wp\/v2\/product_cat?post=85085"},{"taxonomy":"product_tag","embeddable":true,"href":"https:\/\/www.seaflowerstore.com\/de\/wp-json\/wp\/v2\/product_tag?post=85085"}],"curies":[{"name":"wp","href":"https:\/\/api.w.org\/{rel}","templated":true}]}}