{"id":85087,"date":"2022-12-22T15:58:23","date_gmt":"2022-12-22T15:00:09","guid":{"rendered":"https:\/\/www.seaflowerstore.com\/nl\/nyos-magnesium\/"},"modified":"2022-12-22T15:58:23","modified_gmt":"2022-12-22T15:00:09","slug":"nyos-magnesium","status":"publish","type":"product","link":"https:\/\/www.seaflowerstore.com\/de\/nyos-magnesium\/","title":{"rendered":"NYOS Magnesium+"},"content":{"rendered":"<h2>NYOS Magnesium+ you can increase the magnesium content in your saltwater aquarium quickly and simply<\/h2>\n<p>Nyos MAGNESIUM ist ein hochreines Magnesiumchlorid. Mit MAGNESIUM k\u00f6nnen Sie den Magnesiumspiegel in Ihrem Salzwasseraquarium einfach und schnell steigern.<\/p>\n<ul>\n<li>Hochreines Salz ohne organische Verunreinigungen<\/li>\n<li>Schnelle und einfache Methode zur Anpassung des Magnesiumspiegels<\/li>\n<li>Perfekt f\u00fcr jedes Zweikomponenten-Dosiersystem<\/li>\n<\/ul>\n<p><strong>Dosierung:<\/strong><\/p>\n<p>F\u00fcr die vorgemischte L\u00f6sung (empfohlen): Mischen Sie 1000 g MAGNESIUM mit 2000 ml RODI-Wasser. Diese L\u00f6sung enth\u00e4lt 60.000 mg\/l Mg (ppm Mg). Die Verwendung von 17 ml dieser L\u00f6sung erh\u00f6ht den Magnesiumspiegel in einem 100-l-Aquarium um etwa 10 mg\/l (10 ppm). Bitte beachten Sie, dass es sich hierbei um einen Referenzwert handelt; die tats\u00e4chliche Dosierung kann abweichen.<\/p>\n<p><strong>Dosierung der vorgemischten L\u00f6sung:<\/strong><\/p>\n<table class=\"magnesium\">\n<tbody>\n<tr>\n<td>\n<p align=\"right\">Magnesium<\/p>\n<p>Tank<\/td>\n<td>10 mg\/l<strong class=\"eng\">(ppm)<\/strong><\/td>\n<td>20 mg\/l<strong class=\"eng\">(ppm)<\/strong><\/td>\n<td>30 mg\/l<strong class=\"eng\">(ppm)<\/strong><\/td>\n<td>40 mg\/l<strong class=\"eng\">(ppm)<\/strong><\/td>\n<td>50 mg\/l<strong class=\"eng\">(ppm)<\/strong><\/td>\n<\/tr>\n<tr>\n<td>100 l<\/td>\n<td>17 ml<\/td>\n<td>33ml<\/td>\n<td>50ml<\/td>\n<td>67ml<\/td>\n<td>83ml<\/td>\n<\/tr>\n<tr>\n<td>200L<\/td>\n<td>33ml<\/td>\n<td>67ml<\/td>\n<td>100ml<\/td>\n<td>133ml<\/td>\n<td>167ml<\/td>\n<\/tr>\n<tr>\n<td>500L<\/td>\n<td>83ml<\/td>\n<td>167ml<\/td>\n<td>250ml<\/td>\n<td>333ml<\/td>\n<td>416ml<\/td>\n<\/tr>\n<tr class=\"eng\">\n<td>25gal<\/td>\n<td>0,54 fl oz 16 ml<\/td>\n<td>1,1 fl oz 32 ml<\/td>\n<td>1,6 fl oz 48 ml<\/td>\n<td>2,2 fl oz 64 ml<\/td>\n<td>2,7 fl oz 80 ml<\/td>\n<\/tr>\n<tr class=\"eng\">\n<td>50 gal<\/td>\n<td>1,08 fl oz 32 ml<\/td>\n<td>2,2 fl oz 64 ml<\/td>\n<td>3,2 fl oz 96 ml<\/td>\n<td>4,3 fl oz 128 ml<\/td>\n<td>5,4 fl oz 159 ml<\/td>\n<\/tr>\n<tr class=\"eng\">\n<td>100 gal<\/td>\n<td>2,2 fl oz 64ml<\/td>\n<td>4,3 fl oz 128ml<\/td>\n<td>6,5 fl oz 191ml<\/td>\n<td>8,6 fl oz 255ml<\/td>\n<td>10,8 fl oz 319ml<\/td>\n<\/tr>\n<tr class=\"eng\">\n<td>200gal<\/td>\n<td>4,31 fl oz 128ml<\/td>\n<td>8,63 fl oz 255ml<\/td>\n<td>12,9 fl oz 383ml<\/td>\n<td>17,3 fl oz 510ml<\/td>\n<td>21,6 fl oz 638ml<\/td>\n<\/tr>\n<\/tbody>\n<\/table>\n<p><strong>Magnesiumpulver direkt dosieren:<\/strong> Sie k\u00f6nnen es in den Sumpf dosieren oder mit Aquarienwasser vormischen. Die Verwendung von 84 g (1,1 oz) Magnesium erh\u00f6ht den Magnesiumspiegel in einem 1000-l-Aquarium (100 Gallonen) um 10 mg\/l (10 ppm). Denken Sie daran, den Magnesiumspiegel in Ihrem Aquarium mindestens einmal pro Woche zu messen.<\/p>\n","protected":false},"excerpt":{"rendered":"<p>NYOS Magnesium+ you can increase the magnesium content in your saltwater aquarium quickly and simply<\/p>\n","protected":false},"featured_media":84639,"template":"","meta":[],"pwb-brand":[2209],"product_cat":[1391],"product_tag":[],"class_list":{"0":"post-85087","1":"product","2":"type-product","3":"status-publish","4":"has-post-thumbnail","6":"pwb-brand-nyos","7":"product_cat-ergaenzungen","8":"pa_inhoud-1000-gr-de","9":"pa_inhoud-4000-gr-de","11":"first","12":"instock","13":"taxable","14":"shipping-taxable","15":"purchasable","16":"product-type-variable"},"acf":[],"brands":[{"id":2209,"name":"NYOS","slug":"nyos"}],"_links":{"self":[{"href":"https:\/\/www.seaflowerstore.com\/de\/wp-json\/wp\/v2\/product\/85087","targetHints":{"allow":["GET"]}}],"collection":[{"href":"https:\/\/www.seaflowerstore.com\/de\/wp-json\/wp\/v2\/product"}],"about":[{"href":"https:\/\/www.seaflowerstore.com\/de\/wp-json\/wp\/v2\/types\/product"}],"wp:featuredmedia":[{"embeddable":true,"href":"https:\/\/www.seaflowerstore.com\/de\/wp-json\/wp\/v2\/media\/84639"}],"wp:attachment":[{"href":"https:\/\/www.seaflowerstore.com\/de\/wp-json\/wp\/v2\/media?parent=85087"}],"wp:term":[{"taxonomy":"pwb-brand","embeddable":true,"href":"https:\/\/www.seaflowerstore.com\/de\/wp-json\/wp\/v2\/pwb-brand?post=85087"},{"taxonomy":"product_cat","embeddable":true,"href":"https:\/\/www.seaflowerstore.com\/de\/wp-json\/wp\/v2\/product_cat?post=85087"},{"taxonomy":"product_tag","embeddable":true,"href":"https:\/\/www.seaflowerstore.com\/de\/wp-json\/wp\/v2\/product_tag?post=85087"}],"curies":[{"name":"wp","href":"https:\/\/api.w.org\/{rel}","templated":true}]}}