{"id":85099,"date":"2022-12-22T13:38:48","date_gmt":"2022-12-22T12:38:48","guid":{"rendered":"https:\/\/www.seaflowerstore.com\/nl\/aqua-medic-ozone-30\/"},"modified":"2023-05-19T13:39:21","modified_gmt":"2023-05-19T11:39:21","slug":"aqua-medic-ozone-30","status":"publish","type":"product","link":"https:\/\/www.seaflowerstore.com\/de\/aqua-medic-ozone-30\/","title":{"rendered":"Aqua Medic ozone 30"},"content":{"rendered":"<h2>Aqua Medic ozone 30 improves protein skimming and increases the redox potential<\/h2>\n<p>Die Ozongeneratoren der <strong>Ozone<\/strong>-Serie nutzen die neueste Niederspannungstechnologie, um Ihr Wasser klar und frei von Vergilbung zu halten. Ozon verbessert die Eiwei\u00dfabsch\u00e4umung und steigert das Redoxpotential. Dies tr\u00e4gt dazu bei, die Bakterienlast in Ihrem Wasser zu reduzieren, was wiederum Fischkrankheiten vorbeugen kann. Dar\u00fcber hinaus hilft Ozon beim Abbau von giftigem Nitrit. Die Ger\u00e4te der Ozon-Serie sind regelbar und in Leistungsstufen von 30 bis 400 mg\/h erh\u00e4ltlich und somit f\u00fcr S\u00fc\u00df- und Salzwasseraquarien geeignet.<\/p>\n<p><strong>Bitte achten Sie darauf, dass Ihr Absch\u00e4umer ozonkompatibel ist.<\/strong><\/p>\n<table border=\"1\">\n<tbody>\n<tr>\n<td><strong>Ozon<\/strong><\/td>\n<td><span style=\"background-color: #ffff00;\"><strong>30<\/strong><\/span><\/td>\n<td><strong>90<\/strong><\/td>\n<td><strong>250<\/strong><\/td>\n<td><strong>400<\/strong><\/td>\n<\/tr>\n<tr>\n<td>Ozonleistung (mg\/h)<\/td>\n<td>max. 30<\/td>\n<td>max. 90<\/td>\n<td>max. 250<\/td>\n<td>max. 400<\/td>\n<\/tr>\n<tr>\n<td>Leistungsaufnahme (W) ca.<\/td>\n<td>2,5<\/td>\n<td>3,5<\/td>\n<td>5<\/td>\n<td>5<\/td>\n<\/tr>\n<tr>\n<td>Stromversorgung f\u00fcr Ozongenerator<\/td>\n<td colspan=\"4\">12 V<\/td>\n<\/tr>\n<tr>\n<td>Stromversorgungstransformator<\/td>\n<td colspan=\"4\">110-240 V\/50-60 Hz<\/td>\n<\/tr>\n<tr>\n<td>Luftstrom (l\/h) ca.<\/td>\n<td>30-500<\/td>\n<td>50-500<\/td>\n<td>100-500<\/td>\n<td>200-500<\/td>\n<\/tr>\n<tr>\n<td>\n<p class=\"Artikelbeschreibung2\">F\u00fcr S\u00fc\u00dfwasseraquarien bis Wasservolumen (l)<\/p>\n<\/td>\n<td>800<\/td>\n<td>1.500<\/td>\n<td>3.000<\/td>\n<td>4.000<\/td>\n<\/tr>\n<tr>\n<td>\n<p class=\"Artikelbeschreibung2\">F\u00fcr Meerwasseraquarien bis Wasservolumen (l)<\/p>\n<\/td>\n<td>500<\/td>\n<td>800<\/td>\n<td>1.500<\/td>\n<td>2.500<\/td>\n<\/tr>\n<tr>\n<td>Anschluss f\u00fcr Schlauch (mm)<\/td>\n<td colspan=\"4\">4\/6<\/td>\n<\/tr>\n<tr>\n<td>Abmessungen (L x B x H) ca. (mm)<\/td>\n<td>178 x 84 x 46<\/td>\n<td>178 x 84 x 46<\/td>\n<td>178 x 84 x 46<\/td>\n<td>178 x 84 x 46<\/td>\n<\/tr>\n<\/tbody>\n<\/table>\n","protected":false},"excerpt":{"rendered":"<p>Aqua Medic ozone 30 improves protein skimming and increases the redox potential<\/p>\n","protected":false},"featured_media":84621,"template":"","meta":[],"pwb-brand":[2149],"product_cat":[1427,1421],"product_tag":[],"class_list":{"0":"post-85099","1":"product","2":"type-product","3":"status-publish","4":"has-post-thumbnail","6":"pwb-brand-aqua-medic","7":"product_cat-ozon-de","8":"product_cat-aqua-medic-de","10":"first","11":"instock","12":"taxable","13":"shipping-taxable","14":"purchasable","15":"product-type-simple"},"acf":[],"brands":[{"id":2149,"name":"Aqua Medic","slug":"aqua-medic"}],"_links":{"self":[{"href":"https:\/\/www.seaflowerstore.com\/de\/wp-json\/wp\/v2\/product\/85099","targetHints":{"allow":["GET"]}}],"collection":[{"href":"https:\/\/www.seaflowerstore.com\/de\/wp-json\/wp\/v2\/product"}],"about":[{"href":"https:\/\/www.seaflowerstore.com\/de\/wp-json\/wp\/v2\/types\/product"}],"wp:featuredmedia":[{"embeddable":true,"href":"https:\/\/www.seaflowerstore.com\/de\/wp-json\/wp\/v2\/media\/84621"}],"wp:attachment":[{"href":"https:\/\/www.seaflowerstore.com\/de\/wp-json\/wp\/v2\/media?parent=85099"}],"wp:term":[{"taxonomy":"pwb-brand","embeddable":true,"href":"https:\/\/www.seaflowerstore.com\/de\/wp-json\/wp\/v2\/pwb-brand?post=85099"},{"taxonomy":"product_cat","embeddable":true,"href":"https:\/\/www.seaflowerstore.com\/de\/wp-json\/wp\/v2\/product_cat?post=85099"},{"taxonomy":"product_tag","embeddable":true,"href":"https:\/\/www.seaflowerstore.com\/de\/wp-json\/wp\/v2\/product_tag?post=85099"}],"curies":[{"name":"wp","href":"https:\/\/api.w.org\/{rel}","templated":true}]}}