{"id":85102,"date":"2022-12-22T12:42:03","date_gmt":"2022-12-22T11:42:03","guid":{"rendered":"https:\/\/www.seaflowerstore.com\/nl\/af-ultrascrape-l\/"},"modified":"2022-12-22T12:42:03","modified_gmt":"2022-12-22T11:42:03","slug":"af-ultrascrape-l","status":"publish","type":"product","link":"https:\/\/www.seaflowerstore.com\/de\/af-ultrascrape-l\/","title":{"rendered":"AF UltraScrape L"},"content":{"rendered":"<h2>AquaForest AF UltraScrape L surface of the cleaner makes its use extremely simple and effective to remove algae<\/h2>\n<p><strong>F\u00fcr Glas mit einer Dicke von bis zu 16 mm.<\/strong><\/p>\n<p>Sauberes Glas ist f\u00fcr die Gesamt\u00e4sthetik Ihres Aquariums unerl\u00e4sslich. Selbst die sch\u00f6nsten und seltensten Korallen k\u00f6nnen von unansehnlichen Algen auf der Glasoberfl\u00e4che \u00fcberschattet werden. Hier kann der AF UltraScrape L wirklich gl\u00e4nzen.<\/p>\n<p>Der AF UltraScrape L ist aus langlebigen Materialien gefertigt, sodass er sowohl S\u00fc\u00df- als auch Salzwasserumgebungen standh\u00e4lt. Sein schlankes violettes Design sieht nicht nur modern aus, sondern ist auch bequem zu verwenden.<\/p>\n<p>Die \u00e4u\u00dfere Schicht ist mit einem weichen Material \u00fcberzogen, das sanft \u00fcber das Aquarienglas gleitet, ohne Kratzer zu verursachen. Im Inneren befindet sich ein raues Gewebe, das jeden Schmutz auf der Glasoberfl\u00e4che effektiv beseitigt.<\/p>\n<p>Die <strong>langlebige Edelstahlklinge<\/strong> wurde entwickelt, um selbst den hartn\u00e4ckigsten Schmutz, einschlie\u00dflich Korallenalgen, zu beseitigen. Diese hochwertige Klinge ist komplett rostfrei und bleibt auch nach l\u00e4ngerem Eintauchen in Wasser scharf.<\/p>\n<p>Ein herausragendes Merkmal dieses Reinigers ist seine gro\u00dfe aktive Oberfl\u00e4che, die seine Verwendung unglaublich einfach und effektiv macht. Starke Magnete halten das Innere sicher am Glas. Selbst wenn es sich l\u00f6st, schwimmt der Reiniger auf der Wasseroberfl\u00e4che und l\u00e4sst sich leicht wieder herausnehmen und in Ihrem Aquarium einsetzen.<\/p>\n<p>Der magnetische Reiniger AF UltraScrape L ist speziell f\u00fcr Aquarien mit einer Glasdicke von maximal 16 mm konzipiert.<\/p>\n","protected":false},"excerpt":{"rendered":"<p>AquaForest AF UltraScrape L surface of the cleaner makes its use extremely simple and effective to remove algae<\/p>\n","protected":false},"featured_media":84618,"template":"","meta":[],"pwb-brand":[2199],"product_cat":[1428,1414],"product_tag":[],"class_list":{"0":"post-85102","1":"product","2":"type-product","3":"status-publish","4":"has-post-thumbnail","6":"pwb-brand-aquaforest","7":"product_cat-algenmagnet","8":"product_cat-aquaforest-de","10":"first","11":"outofstock","12":"sale","13":"taxable","14":"shipping-taxable","15":"purchasable","16":"product-type-simple"},"acf":[],"brands":[{"id":2199,"name":"Aquaforest","slug":"aquaforest"}],"_links":{"self":[{"href":"https:\/\/www.seaflowerstore.com\/de\/wp-json\/wp\/v2\/product\/85102","targetHints":{"allow":["GET"]}}],"collection":[{"href":"https:\/\/www.seaflowerstore.com\/de\/wp-json\/wp\/v2\/product"}],"about":[{"href":"https:\/\/www.seaflowerstore.com\/de\/wp-json\/wp\/v2\/types\/product"}],"wp:featuredmedia":[{"embeddable":true,"href":"https:\/\/www.seaflowerstore.com\/de\/wp-json\/wp\/v2\/media\/84618"}],"wp:attachment":[{"href":"https:\/\/www.seaflowerstore.com\/de\/wp-json\/wp\/v2\/media?parent=85102"}],"wp:term":[{"taxonomy":"pwb-brand","embeddable":true,"href":"https:\/\/www.seaflowerstore.com\/de\/wp-json\/wp\/v2\/pwb-brand?post=85102"},{"taxonomy":"product_cat","embeddable":true,"href":"https:\/\/www.seaflowerstore.com\/de\/wp-json\/wp\/v2\/product_cat?post=85102"},{"taxonomy":"product_tag","embeddable":true,"href":"https:\/\/www.seaflowerstore.com\/de\/wp-json\/wp\/v2\/product_tag?post=85102"}],"curies":[{"name":"wp","href":"https:\/\/api.w.org\/{rel}","templated":true}]}}