{"id":85104,"date":"2022-12-21T17:28:15","date_gmt":"2022-12-21T16:28:15","guid":{"rendered":"https:\/\/www.seaflowerstore.com\/nl\/aquastik-grey-567g\/"},"modified":"2022-12-21T17:28:15","modified_gmt":"2022-12-21T16:28:15","slug":"aquastik-grey-567g","status":"publish","type":"product","link":"https:\/\/www.seaflowerstore.com\/de\/aquastik-grey-567g\/","title":{"rendered":"Aquastik grey 56,7g"},"content":{"rendered":"<h2>Aquastik grey 56,7g<\/h2>\n<p><strong>Aquastik grau 56,7 g<\/strong> ist ein vielseitiger Epoxidkitt, der sich perfekt zum Befestigen verschiedener Aquascaping-Elemente eignet. Dieses tonartige Aquarium-Epoxid erm\u00f6glicht eine saubere Anwendung und ist ungiftig, was es zu einer gro\u00dfartigen Wahl f\u00fcr die Versch\u00f6nerung Ihres Aquariums macht.<\/p>\n<ul>\n<li>Tonartiger Aquarium-Epoxidkitt f\u00fcr eine saubere Anwendung<\/li>\n<li>Ungiftiger Epoxidkitt, ideal f\u00fcr Aquascaping-Aquarien<\/li>\n<li>Hervorragend geeignet f\u00fcr die Korallenvermehrung \u2013 sichert Korallenfragmente an lebenden Steinen oder St\u00f6pseln<\/li>\n<\/ul>\n<p>AquaStik Epoxidkitt von Two Little Fishies wurde speziell zum Befestigen von Elementen im Aquascaping entwickelt. Er ist ungiftig und verbindet Korallen, lebende Steine, Gorgonien, Pflanzen und mehr effektiv direkt miteinander oder mit Glasoberfl\u00e4chen. Mit seiner einzigartigen roten Farbe, die zu Korallenalgen passt, und einem Grauton, der gut mit lebendem Gestein harmoniert, ist es sowohl funktional als auch \u00e4sthetisch ansprechend. Nachdem es vollst\u00e4ndig ausgeh\u00e4rtet ist, k\u00f6nnen Sie den Kitt nach Bedarf bohren, schleifen oder s\u00e4gen. AquaStik haftet an einer Vielzahl von Materialien, darunter Holz, Beton, Keramik, Acryl, Metall und Fiberglas. Es l\u00e4sst sich in nur einer Minute mischen, h\u00e4rtet in 20 Minuten aus und h\u00e4rtet in 24 Stunden vollst\u00e4ndig aus. Dieses Produkt eignet sich f\u00fcr den Einsatz in Meer- und S\u00fc\u00dfwasseraquarien, Teichen, Paludarien und sogar in Lebensr\u00e4umen f\u00fcr Reptilien und Kleintiere.<\/p>\n<h3>Gebrauchsanweisung<\/h3>\n<ul>\n<li>Ziehen Sie die Plastikverpackung weit genug ab, um die erforderliche Menge AquaStik abzudrehen oder abzuschneiden.<\/li>\n<li>Zum Mischen kneten Sie den Kitt etwa eine Minute lang mit den Fingern, bis Sie eine einheitliche Farbe erhalten (wenn Sie empfindliche Haut haben, k\u00f6nnen Sie ruhig Handschuhe tragen). Dr\u00fccken Sie den gemischten Kitt an und halten Sie ihn 2 Minuten lang an Ort und Stelle.<\/li>\n<li>Tragen Sie den Kitt innerhalb von 2 Minuten nach dem Mischen auf die Oberfl\u00e4che auf. Sie haben dann etwa 5 Minuten Arbeitszeit. Das gemischte Epoxidharz weist anfangs keine hohe Bindungsfestigkeit auf, h\u00e4rtet jedoch nach 20 Minuten aus und ist in 24 Stunden vollst\u00e4ndig ausgeh\u00e4rtet.<\/li>\n<li>Bewahren Sie nicht gemischte Teile zur sp\u00e4teren Verwendung wieder in der Tube auf.<\/li>\n<\/ul>\n<p><strong>Hinweis:<\/strong> Die Verwendung gro\u00dfer Mengen des Produkts kann vor\u00fcbergehend dazu f\u00fchren, dass Ihr Eiwei\u00dfabsch\u00e4umer \u00fcberm\u00e4\u00dfig sch\u00e4umt. Es wird empfohlen, den Absch\u00e4umer nach der Anwendung 36 Stunden lang auszuschalten.<\/p>\n<p>Zum Erzeugen strukturellerer Bindungen sollten Sie Kunststoffst\u00e4be verwenden. Schneiden Sie \u00fcbersch\u00fcssiges Epoxidharz nicht ab, da dies die Verbindung schw\u00e4chen kann. Sie werden feststellen, dass Korallenalgen bald jedes freiliegende Epoxidharz bedecken und Korallen dar\u00fcber wachsen, wodurch eine zus\u00e4tzliche Verbindung entsteht.<\/p>\n<p>Wenn Sie fragmentierte Zweige von Acropora und anderen Steinkorallen befestigen, umgeben Sie die Basis mit Epoxidharz und dr\u00fccken Sie sie in ein Loch im Felsen. Sie k\u00f6nnen einen Zahnstocher oder einen Plastikstab verwenden, der in die Basis gesteckt wird, um zus\u00e4tzlichen Halt zu bieten, insbesondere bei gr\u00f6\u00dferen St\u00fccken oder Weichkorallen.<\/p>\n<p>Bei Gorgonien: Wenn eine Basis vorhanden ist, platzieren Sie Epoxidharz darunter und dr\u00fccken Sie die Basis in eine tiefe Vertiefung im Felsen. Halten Sie sie 2 Minuten lang mit der Hand fest. Sie k\u00f6nnen auch Gummib\u00e4nder, Plastikkabelbinder, Monofilamentschnur oder eine Klemmvorrichtung verwenden, um gr\u00f6\u00dfere St\u00fccke zu befestigen, bis das Epoxidharz aush\u00e4rtet. Entfernen Sie die Klemme oder schneiden Sie die tempor\u00e4ren B\u00e4nder nach 24 Stunden ab. Wenn die Gorgonie keine Basis hat, entfernen Sie etwa 2,5 cm lebendes Gewebe vom Holzskelett am unteren Ende des Stiels. Verwenden Sie ausreichend Epoxidharz, um das Exemplar festzuhalten, wenn es in ein Loch im Felsen eingesetzt wird. Dr\u00fccken Sie das \u00fcbersch\u00fcssige Epoxidharz in das Loch und um den Stiel herum, um einen sicheren Sitz zu gew\u00e4hrleisten. Sie k\u00f6nnen Kunststoff-Zahnstocherscheiben verwenden, die Sie mit dem Epoxidharz in das Loch klemmen, um besonders gro\u00dfe Exemplare zu sichern.<\/p>\n<p>F\u00fcr S\u00fc\u00dfwasseraquarien und Paludarien mit Pflanzen kann AquaStik verwendet werden, um verschiedene Pflanzen wie Javafarn, Javamoos, Bolbitis, Riccia, Anubias-Arten und andere an Holz und Felsen zu befestigen.<\/p>\n<h3>Allgemeine Informationen<\/h3>\n<p>AquaStik funktioniert effektiv auf trockenen, feuchten oder nassen Oberfl\u00e4chen und h\u00e4rtet sogar unter Wasser aus. Es ist sicher f\u00fcr Fische, Wirbellose, Wasserpflanzen, Reptilien und Kleintiere. Dieses Produkt eignet sich hervorragend zum Befestigen von lebenden Felsen, Steinkorallen, Gorgonien, Wasserpflanzen und anderen Aquascaping-Elementen. Es haftet gut an Holz, Beton, Keramik, Acryl, Metall und Fiberglas und kann nach Bedarf gebohrt, geschliffen, ges\u00e4gt und bearbeitet werden. AquaStik ist von Hand knetbar und h\u00e4rtet schnell und ohne starken Geruch aus. Es l\u00e4sst sich in nur einer Minute mischen, h\u00e4rtet in 20 Minuten aus und erreicht seine volle Festigkeit in 24 Stunden. Das Stickformat hilft, Abfall und falsche Dosierung zu vermeiden, w\u00e4hrend seine tonartige Konsistenz eine saubere Anwendung erm\u00f6glicht, die kein Werkzeug erfordert.<\/p>\n<p>Ganz gleich, ob Sie an Meer- oder S\u00fc\u00dfwasseraquarien, Teichen, Paludarien oder Lebensr\u00e4umen f\u00fcr Reptilien und Kleintiere arbeiten, AquaStik ist eine zuverl\u00e4ssige und benutzerfreundliche L\u00f6sung f\u00fcr Ihre Aquascaping-Anforderungen.<\/p>\n","protected":false},"excerpt":{"rendered":"<p>Aquastik grey Clay-like aquarium epoxy Great for coral propagation &#8211; secures coral frags to live rock or plugs<\/p>\n","protected":false},"featured_media":84616,"template":"","meta":[],"pwb-brand":[2231],"product_cat":[1405],"product_tag":[],"class_list":{"0":"post-85104","1":"product","2":"type-product","3":"status-publish","4":"has-post-thumbnail","6":"pwb-brand-two-little-fishies","7":"product_cat-korallenkleber-versiegelungsmittel","9":"first","10":"instock","11":"taxable","12":"shipping-taxable","13":"purchasable","14":"product-type-simple"},"acf":[],"brands":[{"id":2231,"name":"Two Little Fishies","slug":"two-little-fishies"}],"_links":{"self":[{"href":"https:\/\/www.seaflowerstore.com\/de\/wp-json\/wp\/v2\/product\/85104","targetHints":{"allow":["GET"]}}],"collection":[{"href":"https:\/\/www.seaflowerstore.com\/de\/wp-json\/wp\/v2\/product"}],"about":[{"href":"https:\/\/www.seaflowerstore.com\/de\/wp-json\/wp\/v2\/types\/product"}],"wp:featuredmedia":[{"embeddable":true,"href":"https:\/\/www.seaflowerstore.com\/de\/wp-json\/wp\/v2\/media\/84616"}],"wp:attachment":[{"href":"https:\/\/www.seaflowerstore.com\/de\/wp-json\/wp\/v2\/media?parent=85104"}],"wp:term":[{"taxonomy":"pwb-brand","embeddable":true,"href":"https:\/\/www.seaflowerstore.com\/de\/wp-json\/wp\/v2\/pwb-brand?post=85104"},{"taxonomy":"product_cat","embeddable":true,"href":"https:\/\/www.seaflowerstore.com\/de\/wp-json\/wp\/v2\/product_cat?post=85104"},{"taxonomy":"product_tag","embeddable":true,"href":"https:\/\/www.seaflowerstore.com\/de\/wp-json\/wp\/v2\/product_tag?post=85104"}],"curies":[{"name":"wp","href":"https:\/\/api.w.org\/{rel}","templated":true}]}}