{"id":85105,"date":"2022-12-20T21:16:17","date_gmt":"2022-12-20T20:41:11","guid":{"rendered":"https:\/\/www.seaflowerstore.com\/nl\/vca-red-sea-max-3-4in-w-16mm-slip-fit-adapter\/"},"modified":"2022-12-20T21:16:17","modified_gmt":"2022-12-20T20:41:11","slug":"vca-red-sea-max-3-4in-w-16mm-slip-fit-adapter","status":"publish","type":"product","link":"https:\/\/www.seaflowerstore.com\/de\/vca-red-sea-max-3-4in-w-16mm-slip-fit-adapter\/","title":{"rendered":"VCA Red Sea Max &#8211; 3\/4in w\/ 16mm Slip-Fit Adapter"},"content":{"rendered":"<h2>VCA Red Sea Max &#8211; 3\/4in w\/ 16mm Slip-Fit Adapter Convert your Red Sea MAX Flow nozzle to Loc-Line<\/h2>\n<p>Mit diesem einfach zu installierenden 16-mm-Slip-Fit-Adapter k\u00f6nnen Sie ganz einfach einen 3\/4-Zoll-Loc-Line-Anschluss an die Standard-Durchflusspumpend\u00fcsen an der R\u00fcckwand Ihres Red Sea Max Aquariums anbringen. Der Adapter l\u00e4sst sich sicher auf das Ende der D\u00fcse schieben, ohne dass Klebeband, Klebstoff oder Werkzeuge erforderlich sind.<\/p>\n<p>Mit dem Red Sea MAX Flow Nozzle to Loc-Line-Adapter k\u00f6nnen Sie jeden echten 3\/4-Zoll-Loc-Line-Anschluss, Adapter oder Y-Anschluss am Ende der D\u00fcse anbringen.<\/p>\n<p><strong>Die Installation dauert nur wenige Sekunden<\/strong>. Schieben Sie einfach den 16-mm-Slip-Fit-Adapter \u00fcber das Ende des R\u00fccklaufrohrs. Das ist alles!<\/p>\n<ul>\n<li>F\u00fcgen Sie Ihrer Red Sea MAX Flow-D\u00fcse eine Loc-Line-Armatur hinzu<\/li>\n<li>Kompatibel mit der 3\/4-Zoll-Random-Flow-Generator-D\u00fcse<\/li>\n<li>Kompatibel mit jeder echten 3\/4-Zoll-Loc-Line-Armatur<\/li>\n<li>Gedruckt in riffsicherem PETG-Kunststoff<\/li>\n<\/ul>\n","protected":false},"excerpt":{"rendered":"<p>VCA Red Sea Max &#8211; 3\/4in w\/ 16mm Slip-Fit Adapter\u00a0Convert your Red Sea MAX Flow nozzle to Loc-Line<\/p>\n","protected":false},"featured_media":84614,"template":"","meta":[],"pwb-brand":[2269],"product_cat":[1429],"product_tag":[],"class_list":{"0":"post-85105","1":"product","2":"type-product","3":"status-publish","4":"has-post-thumbnail","6":"pwb-brand-vca","7":"product_cat-vivid-creative-aquatics-de","9":"first","10":"instock","11":"taxable","12":"shipping-taxable","13":"purchasable","14":"product-type-simple"},"acf":[],"brands":[{"id":2269,"name":"VCA","slug":"vca"}],"_links":{"self":[{"href":"https:\/\/www.seaflowerstore.com\/de\/wp-json\/wp\/v2\/product\/85105","targetHints":{"allow":["GET"]}}],"collection":[{"href":"https:\/\/www.seaflowerstore.com\/de\/wp-json\/wp\/v2\/product"}],"about":[{"href":"https:\/\/www.seaflowerstore.com\/de\/wp-json\/wp\/v2\/types\/product"}],"wp:featuredmedia":[{"embeddable":true,"href":"https:\/\/www.seaflowerstore.com\/de\/wp-json\/wp\/v2\/media\/84614"}],"wp:attachment":[{"href":"https:\/\/www.seaflowerstore.com\/de\/wp-json\/wp\/v2\/media?parent=85105"}],"wp:term":[{"taxonomy":"pwb-brand","embeddable":true,"href":"https:\/\/www.seaflowerstore.com\/de\/wp-json\/wp\/v2\/pwb-brand?post=85105"},{"taxonomy":"product_cat","embeddable":true,"href":"https:\/\/www.seaflowerstore.com\/de\/wp-json\/wp\/v2\/product_cat?post=85105"},{"taxonomy":"product_tag","embeddable":true,"href":"https:\/\/www.seaflowerstore.com\/de\/wp-json\/wp\/v2\/product_tag?post=85105"}],"curies":[{"name":"wp","href":"https:\/\/api.w.org\/{rel}","templated":true}]}}