{"id":85107,"date":"2022-12-18T17:54:41","date_gmt":"2022-12-18T16:54:41","guid":{"rendered":"https:\/\/www.seaflowerstore.com\/nl\/reef-factory-cleaning-solution-for-ph-probe-100ml\/"},"modified":"2026-03-03T13:19:08","modified_gmt":"2026-03-03T12:19:08","slug":"reef-factory-cleaning-solution-for-ph-probe-100ml","status":"publish","type":"product","link":"https:\/\/www.seaflowerstore.com\/de\/reef-factory-cleaning-solution-for-ph-probe-100ml\/","title":{"rendered":"Reef Factory Cleaning solution for ph probe &#8211; 100ml"},"content":{"rendered":"<h2>Reef Factory Cleaning solution for ph probe &#8211; 100ml<\/h2>\n<p>Es ist ideal, um Ihre Reef Factory KH Keeper Probe in Topzustand zu halten und eignet sich auch zum Reinigen anderer pH-Sonden.<\/p>\n<ul>\n<li>Nehmen Sie die pH-Sonde aus dem Becher, Halter oder Sumpf.<\/li>\n<li>Sp\u00fclen Sie die pH-Sonde mit deionisiertem Wasser ab.<\/li>\n<li>Saugen Sie das \u00fcbersch\u00fcssige Wasser mit einem trockenen Tuch auf. Sie m\u00fcssen sie nicht vollst\u00e4ndig trocknen; ber\u00fchren Sie die pH-Sonde einfach mit dem Tuch und sie wird das Wasser aufnehmen.<\/li>\n<li>Sp\u00fclen Sie die pH-Sonde mit der Reef Factory pH-Sonden-Reinigungsl\u00f6sung ab.<\/li>\n<li>Sp\u00fclen Sie sie noch einmal mit deionisiertem Wasser ab.<\/li>\n<\/ul>\n<p><strong>BER\u00dcHREN SIE DIE ENDEN DER pH-SONDE NICHT mit Ihren Fingern.<\/strong><\/p>\n","protected":false},"excerpt":{"rendered":"<p>Reef Factory Cleaning solution for ph probe<\/p>\n","protected":false},"featured_media":84612,"template":"","meta":[],"pwb-brand":[2285],"product_cat":[1430,1419],"product_tag":[],"class_list":{"0":"post-85107","1":"product","2":"type-product","3":"status-publish","4":"has-post-thumbnail","6":"pwb-brand-reef-factory","7":"product_cat-reinigungsmittel","8":"product_cat-messstifte","10":"first","11":"outofstock","12":"taxable","13":"shipping-taxable","14":"purchasable","15":"product-type-simple"},"acf":[],"brands":[{"id":2285,"name":"Reef Factory","slug":"reef-factory"}],"_links":{"self":[{"href":"https:\/\/www.seaflowerstore.com\/de\/wp-json\/wp\/v2\/product\/85107","targetHints":{"allow":["GET"]}}],"collection":[{"href":"https:\/\/www.seaflowerstore.com\/de\/wp-json\/wp\/v2\/product"}],"about":[{"href":"https:\/\/www.seaflowerstore.com\/de\/wp-json\/wp\/v2\/types\/product"}],"wp:featuredmedia":[{"embeddable":true,"href":"https:\/\/www.seaflowerstore.com\/de\/wp-json\/wp\/v2\/media\/84612"}],"wp:attachment":[{"href":"https:\/\/www.seaflowerstore.com\/de\/wp-json\/wp\/v2\/media?parent=85107"}],"wp:term":[{"taxonomy":"pwb-brand","embeddable":true,"href":"https:\/\/www.seaflowerstore.com\/de\/wp-json\/wp\/v2\/pwb-brand?post=85107"},{"taxonomy":"product_cat","embeddable":true,"href":"https:\/\/www.seaflowerstore.com\/de\/wp-json\/wp\/v2\/product_cat?post=85107"},{"taxonomy":"product_tag","embeddable":true,"href":"https:\/\/www.seaflowerstore.com\/de\/wp-json\/wp\/v2\/product_tag?post=85107"}],"curies":[{"name":"wp","href":"https:\/\/api.w.org\/{rel}","templated":true}]}}