{"id":85113,"date":"2022-12-17T13:39:29","date_gmt":"2022-12-17T12:39:29","guid":{"rendered":"https:\/\/www.seaflowerstore.com\/nl\/esha-exit\/"},"modified":"2022-12-17T13:39:29","modified_gmt":"2022-12-17T12:43:00","slug":"esha-exit","status":"publish","type":"product","link":"https:\/\/www.seaflowerstore.com\/de\/esha-exit\/","title":{"rendered":"eSHa EXIT"},"content":{"rendered":"<h2>eSHa EXIT highly effective against all known forms of Ichthyo (freshwater)<\/h2>\n<p><strong>Wann sollte eSHa EXIT angewendet werden?<\/strong><\/p>\n<p>Die richtige Diagnose ist oft der Schl\u00fcssel zu einer schnellen Heilung. Viele Fischkrankheiten sind hoch ansteckend und k\u00f6nnen sich schnell im Aquarienwasser verbreiten. Es ist auch sehr wichtig, Ihre Fische so schnell wie m\u00f6glich zu behandeln. Es gibt fr\u00fche Anzeichen, die darauf hinweisen, dass mit Ihren Fischen etwas nicht stimmt.<\/p>\n<p><strong>Haut:<\/strong> Die Haut ist die erste Schutzlinie und zeigt oft die ersten Anzeichen einer Krankheit oder eines Mangels aufgrund einer Infektion. Achten Sie genau auf Farbver\u00e4nderungen.<\/p>\n<p><strong>Flossen:<\/strong> Achten Sie auf die Flossen. Liegen sie nah am K\u00f6rper des Fisches, wird dies h\u00e4ufig auf eine Krankheit oder einen Mangel zur\u00fcckgef\u00fchrt, insbesondere bei lebendgeb\u00e4renden Fischen.<\/p>\n<p><strong>Schwimmverhalten:<\/strong> Ungew\u00f6hnliche Schwimmmuster oder Schaukelbewegungen k\u00f6nnen auf eine zugrunde liegende Krankheit hinweisen.<\/p>\n<h3>Welche Fische k\u00f6nnen mit eSHa EXIT behandelt werden?<\/h3>\n<ul>\n<li><strong>Tropische Fische \u2714<\/strong><\/li>\n<li><strong>Kaltwasserfische \u2714<\/strong><\/li>\n<li>Salzwasserfische \u2718<\/li>\n<\/ul>\n<p>eSHa EXIT ist bei richtiger Dosierung sicher f\u00fcr Fische, Pflanzen und Filter. Es liefert hervorragende Ergebnisse, insbesondere bei tropischen Fischen.<\/p>\n<p><strong>Anwendungsgebiete<\/strong><\/p>\n<p>eSHa EXIT behandelt alle Formen von Ichthyo. Es zeichnet sich durch die wirksame Bek\u00e4mpfung von Pfefferflecken (Oodinium) aus, die h\u00e4ufig mit anderen Parasiten verwechselt werden. Dies ist ein erheblicher Vorteil, da dadurch die Auswahl des falschen Mittels verhindert wird.<\/p>\n<p>Die folgende Tabelle listet die spezifischen Krankheitserreger auf, die eSHa EXIT eliminiert:<\/p>\n<p><strong>KRANKHEITSSYMPTOME<\/strong><\/p>\n<ol>\n<li>Kleine wei\u00dfe Punkte auf dem K\u00f6rper und den Flossen des Fisches. Der Fisch kann an Gegenst\u00e4nden wie Aquariendekorationen reiben.<\/li>\n<p><strong>NAME DER KRANKHEIT:<\/strong> Wei\u00dfer Punkt, auch bekannt als Ichthyo oder \u201ePunkt\u201c (Ichthyophthirius multifiliis). Dies ist eines der h\u00e4ufigsten Probleme bei Aquarienbesitzern und betrifft praktisch alle S\u00fc\u00dfwasserfische.<\/p>\n<li>Der Fisch kann Atembeschwerden haben (schnelle Kiemenbewegungen). Er kann mit einem grau-braunen Schleier bedeckt erscheinen, der vielen winzigen goldenen Punkten \u00e4hnelt. Der Fisch wird wahrscheinlich versuchen, an Dekorationen zu \u201ekratzen\u201c. Sein K\u00f6rper kann auch mit Schleim bedeckt sein.<\/li>\n<p><strong>NAME DER KRANKHEIT:<\/strong> Pfefferfleckenkrankheit (Oodinium pillularis). Diese kann f\u00fcr Fische t\u00f6dlich sein. Diese Krankheit ist weniger bekannt als die gew\u00f6hnliche wei\u00dfe P\u00fcnktchenkrankheit, was dazu f\u00fchrt, dass die Symptome oft verwechselt werden. Da eSHa EXIT beide Formen der P\u00fcnktchenkrankheit behandelt, ist das Risiko einer Fehldiagnose geringer.<\/p>\n<\/ol>\n<p>eSHa EXIT behandelt auch weniger bekannte Probleme wie Importfleckenkrankheit (grobe wei\u00dfe P\u00fcnktchenkrankheit), Pfefferfleckenkrankheit, schwarze P\u00fcnktchenkrankheit und grobe P\u00fcnktchenkrankheit. Diese Infektionen sind oft hoch ansteckend und k\u00f6nnen sich leicht ausbreiten. Je fr\u00fcher Sie mit der Behandlung beginnen, desto besser sind die Heilungschancen Ihres Fisches.<\/p>\n<p><strong>Sollte ich bei der Diagnose dieser Symptome vorsichtig sein?<\/strong><\/p>\n<p>Ja, bei der Diagnose ist eine gewisse Vorsicht geboten. Bei bestimmten Fischen, insbesondere Clownfischen, k\u00f6nnen wei\u00dfe Punkte eher aufgrund schlechter Wasserqualit\u00e4t als aufgrund einer Infektionskrankheit auftreten. Au\u00dferdem k\u00f6nnen einige m\u00e4nnliche Fische, insbesondere Goldfische, w\u00e4hrend der Paarungszeit wei\u00dfe Flecken um die Kiemen und Brustflossen aufweisen. Diese W\u00f6lbungen sollten nicht mit wei\u00dfen Flecken verwechselt werden.<\/p>\n<p><strong>Dosierung<\/strong><\/p>\n<p>Um die oben beschriebenen Symptome zu behandeln, beginnen Sie mit einer Standardbehandlung \u00fcber drei Tage. Eine mehrt\u00e4gige Dosierung kann au\u00dfergew\u00f6hnliche Ergebnisse erzielen und gleichzeitig die Beschwerden Ihrer Fische minimieren. In schwereren F\u00e4llen sollten Sie die \u201eSONDERDOSIERUNG\u201c in Betracht ziehen.<\/p>\n<ol>\n<li>Berechnen Sie das Volumen Ihres Aquariums und ber\u00fccksichtigen Sie dabei nur den mit Wasser gef\u00fcllten Bereich.<\/li>\n<li>Suchen Sie Ihr Aquariumvolumen auf der Dosierungsskala. Lesen Sie weiter, um die entsprechende Anzahl an Tropfen zu finden, die f\u00fcr die Tage eins, zwei und drei erforderlich sind. Bitte beachten: Die Dosierung f\u00fcr Tag zwei und drei ist identisch.<\/li>\n<li>Dosieren Sie die Tropfen eSHa EXIT im Aquarium, indem Sie die Flasche umdrehen und die Pipette leicht zusammendr\u00fccken (20 Tropfen = 1 ml). Sie sollten innerhalb von 1-2 Tagen eine sichtbare Verbesserung feststellen.<\/li>\n<\/ol>\n<p><strong>Standarddosierung (f\u00fcr 100 Liter)<\/strong><\/p>\n<ul>\n<li>Tag 1: 20 Tropfen<\/li>\n<li>Tag 2: 10 Tropfen<\/li>\n<li>Tag 3: 10 Tropfen<\/li>\n<\/ul>\n<p>Eine Flasche eSHa EXIT (20 ml) reicht f\u00fcr eine 3-t\u00e4gige Behandlung f\u00fcr 1000 Liter.<\/p>\n<p><strong>Sonderdosierungen<\/strong><\/p>\n<p>Bei besonders resistenten Arten (z. B. mit Importpunkt) kann an Tag vier und f\u00fcnf eine h\u00f6here Dosierung erforderlich sein. Die Dauer der Dosierung h\u00e4ngt von der Art der Infektion ab. Gem\u00e4\u00df dem Standardverlauf geben Sie an Tag vier und f\u00fcnf 10 Tropfen pro 100 Liter hinzu. Lesen Sie immer die beiliegende Produktbeschreibung, um die neuesten Informationen zu erhalten.<\/p>\n","protected":false},"excerpt":{"rendered":"<p>eSHa EXIT highly effective against all known forms of Ichthyo (freshwater)<\/p>\n","protected":false},"featured_media":84604,"template":"","meta":[],"pwb-brand":[2287],"product_cat":[1432],"product_tag":[],"class_list":{"0":"post-85113","1":"product","2":"type-product","3":"status-publish","4":"has-post-thumbnail","6":"pwb-brand-esha","7":"product_cat-medikation","9":"first","10":"instock","11":"sale","12":"taxable","13":"shipping-taxable","14":"purchasable","15":"product-type-simple"},"acf":[],"brands":[{"id":2287,"name":"eSHa","slug":"esha"}],"_links":{"self":[{"href":"https:\/\/www.seaflowerstore.com\/de\/wp-json\/wp\/v2\/product\/85113","targetHints":{"allow":["GET"]}}],"collection":[{"href":"https:\/\/www.seaflowerstore.com\/de\/wp-json\/wp\/v2\/product"}],"about":[{"href":"https:\/\/www.seaflowerstore.com\/de\/wp-json\/wp\/v2\/types\/product"}],"wp:featuredmedia":[{"embeddable":true,"href":"https:\/\/www.seaflowerstore.com\/de\/wp-json\/wp\/v2\/media\/84604"}],"wp:attachment":[{"href":"https:\/\/www.seaflowerstore.com\/de\/wp-json\/wp\/v2\/media?parent=85113"}],"wp:term":[{"taxonomy":"pwb-brand","embeddable":true,"href":"https:\/\/www.seaflowerstore.com\/de\/wp-json\/wp\/v2\/pwb-brand?post=85113"},{"taxonomy":"product_cat","embeddable":true,"href":"https:\/\/www.seaflowerstore.com\/de\/wp-json\/wp\/v2\/product_cat?post=85113"},{"taxonomy":"product_tag","embeddable":true,"href":"https:\/\/www.seaflowerstore.com\/de\/wp-json\/wp\/v2\/product_tag?post=85113"}],"curies":[{"name":"wp","href":"https:\/\/api.w.org\/{rel}","templated":true}]}}