{"id":85114,"date":"2022-12-17T13:00:11","date_gmt":"2022-12-17T12:01:01","guid":{"rendered":"https:\/\/www.seaflowerstore.com\/nl\/triton-bromide-10x-con-100ml\/"},"modified":"2022-12-17T13:00:11","modified_gmt":"2022-12-17T12:01:01","slug":"triton-bromide-10x-con-100ml","status":"publish","type":"product","link":"https:\/\/www.seaflowerstore.com\/de\/triton-bromide-10x-con-100ml\/","title":{"rendered":"Triton Bromide 10x Con. 100ml"},"content":{"rendered":"<h2>Triton Bromide 10x Con. 100ml Beneficial for SPS\/LPS coral colour and health<\/h2>\n<p><strong>Triton Bromide<\/strong> ist ein Makroelement-Meerwasserzusatz, der eine entscheidende Rolle f\u00fcr die Gesundheit und Farbe von SPS- und LPS-Korallen spielt. Brom ist ein nat\u00fcrlicher Bestandteil von Meerwasser und sein Vorhandensein ist f\u00fcr die Erhaltung der Gesundheit lebendiger Korallen unerl\u00e4sslich.<\/p>\n<p>Es ist wichtig zu beachten, dass dieses Produkt nur von erfahrenen Aquarianern verwendet werden sollte. In Kombination mit <strong>TRITON Lab ICP-Tests<\/strong> k\u00f6nnen Aquarianer pr\u00e4zise Einzelelementanpassungen vornehmen und so optimale Bedingungen f\u00fcr ihre Meereslebewesen gew\u00e4hrleisten.<\/p>\n<p>Nur <strong>TRITON<\/strong> bietet fortschrittliche L\u00f6sungen f\u00fcr die Aquarienhaltung, die einfach zu verwenden sind. Genaue Dosierungsinformationen finden Sie auf der Registerkarte <strong>DOSIERUNG<\/strong> in Ihrer ICP-Analyse.<\/p>\n<p>Die TRITON-Reihe von Makro- und Spurenelementzus\u00e4tzen basiert auf mehr als einem Jahrzehnt wissenschaftlicher Forschung mit Schwerpunkt auf der Chemie von nat\u00fcrlichem und geschlossenem Meerwassersystem.<\/p>\n","protected":false},"excerpt":{"rendered":"<p>Triton Bromide 10x Con. 100ml Beneficial for SPS\/LPS coral colour and health<\/p>\n","protected":false},"featured_media":84603,"template":"","meta":[],"pwb-brand":[2181],"product_cat":[1391,1392],"product_tag":[],"class_list":{"0":"post-85114","1":"product","2":"type-product","3":"status-publish","4":"has-post-thumbnail","6":"pwb-brand-triton","7":"product_cat-ergaenzungen","8":"product_cat-triton-de","10":"first","11":"instock","12":"taxable","13":"shipping-taxable","14":"purchasable","15":"product-type-simple"},"acf":[],"brands":[{"id":2181,"name":"Triton","slug":"triton"}],"_links":{"self":[{"href":"https:\/\/www.seaflowerstore.com\/de\/wp-json\/wp\/v2\/product\/85114","targetHints":{"allow":["GET"]}}],"collection":[{"href":"https:\/\/www.seaflowerstore.com\/de\/wp-json\/wp\/v2\/product"}],"about":[{"href":"https:\/\/www.seaflowerstore.com\/de\/wp-json\/wp\/v2\/types\/product"}],"wp:featuredmedia":[{"embeddable":true,"href":"https:\/\/www.seaflowerstore.com\/de\/wp-json\/wp\/v2\/media\/84603"}],"wp:attachment":[{"href":"https:\/\/www.seaflowerstore.com\/de\/wp-json\/wp\/v2\/media?parent=85114"}],"wp:term":[{"taxonomy":"pwb-brand","embeddable":true,"href":"https:\/\/www.seaflowerstore.com\/de\/wp-json\/wp\/v2\/pwb-brand?post=85114"},{"taxonomy":"product_cat","embeddable":true,"href":"https:\/\/www.seaflowerstore.com\/de\/wp-json\/wp\/v2\/product_cat?post=85114"},{"taxonomy":"product_tag","embeddable":true,"href":"https:\/\/www.seaflowerstore.com\/de\/wp-json\/wp\/v2\/product_tag?post=85114"}],"curies":[{"name":"wp","href":"https:\/\/api.w.org\/{rel}","templated":true}]}}