{"id":85120,"date":"2022-11-27T11:52:11","date_gmt":"2022-11-27T10:53:31","guid":{"rendered":"https:\/\/www.seaflowerstore.com\/nl\/jebao-doser-3-1-wi-fi\/"},"modified":"2022-11-27T11:52:11","modified_gmt":"2022-11-27T10:53:31","slug":"jebao-doser-3-1-wi-fi","status":"publish","type":"product","link":"https:\/\/www.seaflowerstore.com\/de\/jebao-doser-3-1-wi-fi\/","title":{"rendered":"Jebao Doser 3.1 Wi-Fi"},"content":{"rendered":"<h2>Jebao Doser 3.1 Wi-Fi is a very compact dosing pump<\/h2>\n<p>Die neue Dosierpumpe ist mit WLAN ausgestattet und <strong>verf\u00fcgt weder \u00fcber Display noch Tasten<\/strong>, was sie zu einem sehr kompakten Ger\u00e4t macht. Sie k\u00f6nnen die Dosiereinheit ganz einfach mit einem Smartphone oder Tablet einrichten.<\/p>\n<p>Der Jecod Dosiercomputer eignet sich perfekt f\u00fcr die t\u00e4gliche Dosierung von Zusatzstoffen zur Aufrechterhaltung der Wasserqualit\u00e4t. Dieser Dosierer funktioniert hervorragend mit Methoden wie der Balling-Methode und DSR f\u00fcr Salzwasseraquarien sowie dem Estimative Index oder Redfield Ratio f\u00fcr S\u00fc\u00dfwasseraquarien.<\/p>\n<p>Der Wi-Fi Doser 3.1 \u00e4hnelt dem Modell 3.4, verf\u00fcgt jedoch nur \u00fcber einen Pumpenkopf statt vier.<\/p>\n<h4><strong>Funktionen:<\/strong><\/h4>\n<ul>\n<li>Einfache Einrichtung mit einem Smartphone oder Tablet<\/li>\n<li>Hohe Genauigkeit durch Smartphone-Einrichtung<\/li>\n<li>Sehr gut geeignet zum Dosieren von Kalzium-, Magnesium-, Alkalinit\u00e4ts- oder Umkehrosmosewasser<\/li>\n<li>Maximales Programm von 24 Dosierungen pro Tag und Pumpe<\/li>\n<\/ul>\n<h4><strong>Spezifikationen:<\/strong><\/h4>\n<ul>\n<li>Stromverbrauch: 7,5 Watt<\/li>\n<li>Maximale Durchflussrate: 4&#215;70 L\/min<\/li>\n<li>Maximale F\u00f6rderh\u00f6he: 1,5 Meter<\/li>\n<li>Eingangsspannung: 12 V<\/li>\n<li>Abmessungen: 235 x 150 x 71 mm<\/li>\n<li><strong>Nur 2,4 GHz WLAN<\/strong><\/li>\n<\/ul>\n","protected":false},"excerpt":{"rendered":"<p>Jebao Doser 3.1 Wi-Fi is a very compact dosingpump<\/p>\n","protected":false},"featured_media":84587,"template":"","meta":[],"pwb-brand":[2187],"product_cat":[1406],"product_tag":[],"class_list":{"0":"post-85120","1":"product","2":"type-product","3":"status-publish","4":"has-post-thumbnail","6":"pwb-brand-jebao-jecod","7":"product_cat-dosierpumpen","9":"first","10":"outofstock","11":"taxable","12":"shipping-taxable","13":"purchasable","14":"product-type-simple"},"acf":[],"brands":[{"id":2187,"name":"Jebao \/ Jecod","slug":"jebao-jecod"}],"_links":{"self":[{"href":"https:\/\/www.seaflowerstore.com\/de\/wp-json\/wp\/v2\/product\/85120","targetHints":{"allow":["GET"]}}],"collection":[{"href":"https:\/\/www.seaflowerstore.com\/de\/wp-json\/wp\/v2\/product"}],"about":[{"href":"https:\/\/www.seaflowerstore.com\/de\/wp-json\/wp\/v2\/types\/product"}],"wp:featuredmedia":[{"embeddable":true,"href":"https:\/\/www.seaflowerstore.com\/de\/wp-json\/wp\/v2\/media\/84587"}],"wp:attachment":[{"href":"https:\/\/www.seaflowerstore.com\/de\/wp-json\/wp\/v2\/media?parent=85120"}],"wp:term":[{"taxonomy":"pwb-brand","embeddable":true,"href":"https:\/\/www.seaflowerstore.com\/de\/wp-json\/wp\/v2\/pwb-brand?post=85120"},{"taxonomy":"product_cat","embeddable":true,"href":"https:\/\/www.seaflowerstore.com\/de\/wp-json\/wp\/v2\/product_cat?post=85120"},{"taxonomy":"product_tag","embeddable":true,"href":"https:\/\/www.seaflowerstore.com\/de\/wp-json\/wp\/v2\/product_tag?post=85120"}],"curies":[{"name":"wp","href":"https:\/\/api.w.org\/{rel}","templated":true}]}}