{"id":85122,"date":"2022-11-24T18:03:20","date_gmt":"2022-11-24T17:03:20","guid":{"rendered":"https:\/\/www.seaflowerstore.com\/nl\/fauna-marin-arctic-plankton-250ml\/"},"modified":"2022-11-24T18:03:20","modified_gmt":"2022-11-24T17:07:10","slug":"fauna-marin-arctic-plankton-250ml","status":"publish","type":"product","link":"https:\/\/www.seaflowerstore.com\/de\/fauna-marin-arctic-plankton-250ml\/","title":{"rendered":"Fauna Marin Arctic Plankton 250ml"},"content":{"rendered":"<h2>Fauna Marin Arctic Plankton 250ml<\/h2>\n<p><strong>Fauna Marin Arctic Plankton (Mysis) Fl\u00fcssigfutterl\u00f6sung &#8211; 250ml<\/strong><\/p>\n<p>Entdecken Sie hochwertiges Futter f\u00fcr Ihre Fische und Korallen! Unser 100% nat\u00fcrliches Arctic Plankton besteht aus reinem Arctic Mysis relicta, frisch gefangen und sofort konserviert aus kanadischen Gletscherseen.<\/p>\n<ul>\n<li>Hochwertiges Futter f\u00fcr Fische und Korallen<\/li>\n<li>Einfache Handhabung und Dosierung<\/li>\n<li>Kein Auftauen n\u00f6tig &#8211; sofortige F\u00fctterung<\/li>\n<li>Hochkonzentriert und effizient<\/li>\n<li>Enth\u00e4lt nat\u00fcrliche Enzyme und Fetts\u00e4uren<\/li>\n<li>Verbessert F\u00e4rbung, Wachstum und Widerstandskraft<\/li>\n<\/ul>\n<p><strong>Dosierungsempfehlung:<\/strong> Am besten t\u00e4glich in kleinen Mengen f\u00fcttern. Nach dem \u00d6ffnen unbedingt im K\u00fchlschrank aufbewahren.<\/p>\n<p><strong>Zutaten:<\/strong> Mysis relicta 0,2 &#8211; 30 mm, Wasser und EG-zugelassene Antioxidantien.<\/p>\n<p><strong>Analyse (Werte bezogen auf Trockengewicht):<\/strong> Rohprotein 72,4 %, Rohfett 12,8 %, Rohfaser 2 %, Rohasche 1,2 %.<\/p>\n<p><strong>Sicherheitshinweis:<\/strong> Dieses Produkt ist ausschlie\u00dflich als Aquarienfutter vorgesehen und nicht f\u00fcr den menschlichen Verzehr geeignet. Bitte au\u00dferhalb der Reichweite von Kindern aufbewahren.<\/p>\n","protected":false},"excerpt":{"rendered":"<p>Fauna Marin Arctic Plankton (Mysis) Liquid food solution &#8211; 250ml\u00a0<span style=\"color: #333333; font-size: 14.4px;\">High quality food for fish and corals<\/span><\/p>\n","protected":false},"featured_media":84584,"template":"","meta":[],"pwb-brand":[2177],"product_cat":[1438,1437,1436],"product_tag":[],"class_list":{"0":"post-85122","1":"product","2":"type-product","3":"status-publish","4":"has-post-thumbnail","6":"pwb-brand-fauna-marin","7":"product_cat-fischfutter","8":"product_cat-fauna-marin-de","9":"product_cat-korallenfutter","11":"first","12":"outofstock","13":"taxable","14":"shipping-taxable","15":"purchasable","16":"product-type-simple"},"acf":[],"brands":[{"id":2177,"name":"Fauna Marin","slug":"fauna-marin"}],"_links":{"self":[{"href":"https:\/\/www.seaflowerstore.com\/de\/wp-json\/wp\/v2\/product\/85122","targetHints":{"allow":["GET"]}}],"collection":[{"href":"https:\/\/www.seaflowerstore.com\/de\/wp-json\/wp\/v2\/product"}],"about":[{"href":"https:\/\/www.seaflowerstore.com\/de\/wp-json\/wp\/v2\/types\/product"}],"wp:featuredmedia":[{"embeddable":true,"href":"https:\/\/www.seaflowerstore.com\/de\/wp-json\/wp\/v2\/media\/84584"}],"wp:attachment":[{"href":"https:\/\/www.seaflowerstore.com\/de\/wp-json\/wp\/v2\/media?parent=85122"}],"wp:term":[{"taxonomy":"pwb-brand","embeddable":true,"href":"https:\/\/www.seaflowerstore.com\/de\/wp-json\/wp\/v2\/pwb-brand?post=85122"},{"taxonomy":"product_cat","embeddable":true,"href":"https:\/\/www.seaflowerstore.com\/de\/wp-json\/wp\/v2\/product_cat?post=85122"},{"taxonomy":"product_tag","embeddable":true,"href":"https:\/\/www.seaflowerstore.com\/de\/wp-json\/wp\/v2\/product_tag?post=85122"}],"curies":[{"name":"wp","href":"https:\/\/api.w.org\/{rel}","templated":true}]}}