{"id":85125,"date":"2022-11-20T17:05:42","date_gmt":"2022-11-20T16:05:42","guid":{"rendered":"https:\/\/www.seaflowerstore.com\/nl\/reef-factory-ph-7-50-ml\/"},"modified":"2026-03-03T13:19:08","modified_gmt":"2026-03-03T12:19:08","slug":"reef-factory-ph-7-50-ml","status":"publish","type":"product","link":"https:\/\/www.seaflowerstore.com\/de\/reef-factory-ph-7-50-ml\/","title":{"rendered":"Reef Factory Ph 7 &#8211; 50 ml"},"content":{"rendered":"<h2>Reef Factory Ph 7 Calibration Liquid &#8211; 50 ml<\/h2>\n<p>Diese Fl\u00fcssigkeit hilft Ihnen dabei, Ihre pH-Sonde auf einen pr\u00e4zisen pH-Wert von 7,00 zu kalibrieren. Sie wird in einer praktischen 50-ml-Flasche geliefert und ist daher leicht zu handhaben und aufzubewahren. <\/p>\n<p><strong>Warum ist eine Kalibrierung wichtig?<\/strong> Eine ordnungsgem\u00e4\u00dfe Kalibrierung gew\u00e4hrleistet genaue Messwerte, die f\u00fcr die Erhaltung der Gesundheit Ihrer Wasserumgebung unerl\u00e4sslich sind.<\/p>\n","protected":false},"excerpt":{"rendered":"<p>Reef Factory Ph 7 Calibration Liquid to calibrate a pH probe<\/p>\n","protected":false},"featured_media":84580,"template":"","meta":[],"pwb-brand":[2285],"product_cat":[1399],"product_tag":[],"class_list":{"0":"post-85125","1":"product","2":"type-product","3":"status-publish","4":"has-post-thumbnail","6":"pwb-brand-reef-factory","7":"product_cat-referenz-fluessigkeiten","9":"first","10":"instock","11":"taxable","12":"shipping-taxable","13":"purchasable","14":"product-type-simple"},"acf":[],"brands":[{"id":2285,"name":"Reef Factory","slug":"reef-factory"}],"_links":{"self":[{"href":"https:\/\/www.seaflowerstore.com\/de\/wp-json\/wp\/v2\/product\/85125","targetHints":{"allow":["GET"]}}],"collection":[{"href":"https:\/\/www.seaflowerstore.com\/de\/wp-json\/wp\/v2\/product"}],"about":[{"href":"https:\/\/www.seaflowerstore.com\/de\/wp-json\/wp\/v2\/types\/product"}],"wp:featuredmedia":[{"embeddable":true,"href":"https:\/\/www.seaflowerstore.com\/de\/wp-json\/wp\/v2\/media\/84580"}],"wp:attachment":[{"href":"https:\/\/www.seaflowerstore.com\/de\/wp-json\/wp\/v2\/media?parent=85125"}],"wp:term":[{"taxonomy":"pwb-brand","embeddable":true,"href":"https:\/\/www.seaflowerstore.com\/de\/wp-json\/wp\/v2\/pwb-brand?post=85125"},{"taxonomy":"product_cat","embeddable":true,"href":"https:\/\/www.seaflowerstore.com\/de\/wp-json\/wp\/v2\/product_cat?post=85125"},{"taxonomy":"product_tag","embeddable":true,"href":"https:\/\/www.seaflowerstore.com\/de\/wp-json\/wp\/v2\/product_tag?post=85125"}],"curies":[{"name":"wp","href":"https:\/\/api.w.org\/{rel}","templated":true}]}}