{"id":85126,"date":"2022-11-20T17:02:32","date_gmt":"2022-11-20T16:03:09","guid":{"rendered":"https:\/\/www.seaflowerstore.com\/nl\/reef-factory-ph-4-50-ml\/"},"modified":"2026-03-03T13:19:08","modified_gmt":"2026-03-03T12:19:08","slug":"reef-factory-ph-4-50-ml","status":"publish","type":"product","link":"https:\/\/www.seaflowerstore.com\/de\/reef-factory-ph-4-50-ml\/","title":{"rendered":"Reef Factory Ph 4 &#8211; 50 ml"},"content":{"rendered":"<h2>Reef Factory Ph 4 Calibration Liquid &#8211; 50 ml<\/h2>\n<p>Diese Fl\u00fcssigkeit dient zur Kalibrierung Ihrer pH-Sonde auf einen pH-Wert von 4,00. Jede Flasche enth\u00e4lt 50 ml und ist somit eine praktische Option f\u00fcr Ihre Kalibrierungsanforderungen.<\/p>\n","protected":false},"excerpt":{"rendered":"<p>Reef Factory Ph 4 Calibration Liquid to calibrate a pH probe<\/p>\n","protected":false},"featured_media":84579,"template":"","meta":[],"pwb-brand":[2285],"product_cat":[1399],"product_tag":[],"class_list":{"0":"post-85126","1":"product","2":"type-product","3":"status-publish","4":"has-post-thumbnail","6":"pwb-brand-reef-factory","7":"product_cat-referenz-fluessigkeiten","9":"first","10":"instock","11":"taxable","12":"shipping-taxable","13":"purchasable","14":"product-type-simple"},"acf":[],"brands":[{"id":2285,"name":"Reef Factory","slug":"reef-factory"}],"_links":{"self":[{"href":"https:\/\/www.seaflowerstore.com\/de\/wp-json\/wp\/v2\/product\/85126","targetHints":{"allow":["GET"]}}],"collection":[{"href":"https:\/\/www.seaflowerstore.com\/de\/wp-json\/wp\/v2\/product"}],"about":[{"href":"https:\/\/www.seaflowerstore.com\/de\/wp-json\/wp\/v2\/types\/product"}],"wp:featuredmedia":[{"embeddable":true,"href":"https:\/\/www.seaflowerstore.com\/de\/wp-json\/wp\/v2\/media\/84579"}],"wp:attachment":[{"href":"https:\/\/www.seaflowerstore.com\/de\/wp-json\/wp\/v2\/media?parent=85126"}],"wp:term":[{"taxonomy":"pwb-brand","embeddable":true,"href":"https:\/\/www.seaflowerstore.com\/de\/wp-json\/wp\/v2\/pwb-brand?post=85126"},{"taxonomy":"product_cat","embeddable":true,"href":"https:\/\/www.seaflowerstore.com\/de\/wp-json\/wp\/v2\/product_cat?post=85126"},{"taxonomy":"product_tag","embeddable":true,"href":"https:\/\/www.seaflowerstore.com\/de\/wp-json\/wp\/v2\/product_tag?post=85126"}],"curies":[{"name":"wp","href":"https:\/\/api.w.org\/{rel}","templated":true}]}}