{"id":85127,"date":"2022-11-18T17:05:27","date_gmt":"2022-11-18T16:08:31","guid":{"rendered":"https:\/\/www.seaflowerstore.com\/nl\/deltec-spare-uv-bulb\/"},"modified":"2022-11-18T17:05:27","modified_gmt":"2022-11-18T16:08:31","slug":"deltec-spare-uv-bulb","status":"publish","type":"product","link":"https:\/\/www.seaflowerstore.com\/de\/deltec-spare-uv-bulb\/","title":{"rendered":"Deltec spare uv-bulb"},"content":{"rendered":"<h2>Deltec spare uv-bulb<\/h2>\n<p><strong>Bitte beachten Sie, dass dieses Produkt nicht f\u00fcr UV-Lampen anderer Marken geeignet ist.<\/strong><\/p>\n<p><strong>Es ist wichtig zu erw\u00e4hnen, dass eine UV-Lampe ein wichtiger Versandartikel ist. Wir verpacken den Artikel mit gro\u00dfer Sorgfalt, k\u00f6nnen jedoch keine Verantwortung f\u00fcr eventuelle Br\u00fcche oder Fehlfunktionen w\u00e4hrend des Transports \u00fcbernehmen.<\/strong><\/p>\n","protected":false},"excerpt":{"rendered":"<p>Deltec spare uv-bulb Bitte beachten Sie, dass dieses Produkt nicht f\u00fcr UV-Lampen anderer Marken geeignet ist. Es ist wichtig zu erw\u00e4hnen, dass eine UV-Lampe ein wichtiger Versandartikel ist. Wir verpacken den Artikel mit gro\u00dfer Sorgfalt, k\u00f6nnen jedoch keine Verantwortung f\u00fcr eventuelle Br\u00fcche oder Fehlfunktionen w\u00e4hrend des Transports \u00fcbernehmen.<\/p>\n","protected":false},"featured_media":84578,"template":"","meta":[],"pwb-brand":[2127],"product_cat":[1439],"product_tag":[],"class_list":{"0":"post-85127","1":"product","2":"type-product","3":"status-publish","4":"has-post-thumbnail","6":"pwb-brand-deltec","7":"product_cat-uvc-lampe-de","8":"pa_wattage-10-watt-de","9":"pa_wattage-20-watt-de","10":"pa_wattage-39-watt-de","12":"first","13":"instock","14":"taxable","15":"shipping-taxable","16":"purchasable","17":"product-type-variable"},"acf":[],"brands":[{"id":2127,"name":"Deltec","slug":"deltec"}],"_links":{"self":[{"href":"https:\/\/www.seaflowerstore.com\/de\/wp-json\/wp\/v2\/product\/85127","targetHints":{"allow":["GET"]}}],"collection":[{"href":"https:\/\/www.seaflowerstore.com\/de\/wp-json\/wp\/v2\/product"}],"about":[{"href":"https:\/\/www.seaflowerstore.com\/de\/wp-json\/wp\/v2\/types\/product"}],"wp:featuredmedia":[{"embeddable":true,"href":"https:\/\/www.seaflowerstore.com\/de\/wp-json\/wp\/v2\/media\/84578"}],"wp:attachment":[{"href":"https:\/\/www.seaflowerstore.com\/de\/wp-json\/wp\/v2\/media?parent=85127"}],"wp:term":[{"taxonomy":"pwb-brand","embeddable":true,"href":"https:\/\/www.seaflowerstore.com\/de\/wp-json\/wp\/v2\/pwb-brand?post=85127"},{"taxonomy":"product_cat","embeddable":true,"href":"https:\/\/www.seaflowerstore.com\/de\/wp-json\/wp\/v2\/product_cat?post=85127"},{"taxonomy":"product_tag","embeddable":true,"href":"https:\/\/www.seaflowerstore.com\/de\/wp-json\/wp\/v2\/product_tag?post=85127"}],"curies":[{"name":"wp","href":"https:\/\/api.w.org\/{rel}","templated":true}]}}