{"id":85131,"date":"2022-11-13T23:13:39","date_gmt":"2022-11-13T22:15:47","guid":{"rendered":"https:\/\/www.seaflowerstore.com\/nl\/tropic-marin-nano-fill-go-collapsible-container-5-l\/"},"modified":"2022-11-13T23:13:39","modified_gmt":"2022-11-13T22:15:47","slug":"tropic-marin-nano-fill-go-collapsible-container-5-l","status":"publish","type":"product","link":"https:\/\/www.seaflowerstore.com\/de\/tropic-marin-nano-fill-go-collapsible-container-5-l\/","title":{"rendered":"Tropic Marin Nano Fill &#038; Go Collapsible Container &#8211; 5 l"},"content":{"rendered":"<h2>Tropic Marin Nano Fill &#038; Go Collapsible Container &#8211; 5 l<\/h2>\n<p>Der Tropic Marin Nano Fill &#038; Go Faltbeh\u00e4lter ist eine fantastische L\u00f6sung f\u00fcr Ihren Wasserwechsel zu Hause. Mit dem 180 g PRO-REEF NANO Salzbeutel k\u00f6nnen Sie Ihren Wasserwechsel schnell und zuverl\u00e4ssig vorbereiten. Wenn Sie den Kanister nicht mehr brauchen, l\u00e4sst er sich bequem zusammenfalten und platzsparend verstauen.<\/p>\n<p>Dieses Produkt ist ideal f\u00fcr Lagerung und Transport. Hier sind einige gro\u00dfartige Verwendungsm\u00f6glichkeiten:<\/p>\n<ul>\n<li>Vorgemischtes Meerwasser f\u00fcr Meerwasseraquarien<\/li>\n<li>RO-Wasser f\u00fcr Buntbarsche, Diskusfische, bepflanzte Aquarien und Meerwasseraquarien<\/li>\n<li>Sch\u00fctteln und Wasser herstellen<\/li>\n<li>Ihre eigene Tropic Marin Meerwassermischung<\/li>\n<\/ul>\n","protected":false},"excerpt":{"rendered":"<p>Tropic Marin Nano Fill &amp; Go Collapsible Container &#8211; 5 l Collapsible jerry cans reusable for an easy water change<\/p>\n","protected":false},"featured_media":84573,"template":"","meta":[],"pwb-brand":[2151],"product_cat":[1443],"product_tag":[],"class_list":{"0":"post-85131","1":"product","2":"type-product","3":"status-publish","4":"has-post-thumbnail","6":"pwb-brand-tropic-marin","7":"product_cat-salzig","9":"first","10":"instock","11":"taxable","12":"shipping-taxable","13":"purchasable","14":"product-type-simple"},"acf":[],"brands":[{"id":2151,"name":"Tropic Marin","slug":"tropic-marin"}],"_links":{"self":[{"href":"https:\/\/www.seaflowerstore.com\/de\/wp-json\/wp\/v2\/product\/85131","targetHints":{"allow":["GET"]}}],"collection":[{"href":"https:\/\/www.seaflowerstore.com\/de\/wp-json\/wp\/v2\/product"}],"about":[{"href":"https:\/\/www.seaflowerstore.com\/de\/wp-json\/wp\/v2\/types\/product"}],"wp:featuredmedia":[{"embeddable":true,"href":"https:\/\/www.seaflowerstore.com\/de\/wp-json\/wp\/v2\/media\/84573"}],"wp:attachment":[{"href":"https:\/\/www.seaflowerstore.com\/de\/wp-json\/wp\/v2\/media?parent=85131"}],"wp:term":[{"taxonomy":"pwb-brand","embeddable":true,"href":"https:\/\/www.seaflowerstore.com\/de\/wp-json\/wp\/v2\/pwb-brand?post=85131"},{"taxonomy":"product_cat","embeddable":true,"href":"https:\/\/www.seaflowerstore.com\/de\/wp-json\/wp\/v2\/product_cat?post=85131"},{"taxonomy":"product_tag","embeddable":true,"href":"https:\/\/www.seaflowerstore.com\/de\/wp-json\/wp\/v2\/product_tag?post=85131"}],"curies":[{"name":"wp","href":"https:\/\/api.w.org\/{rel}","templated":true}]}}