{"id":85132,"date":"2022-11-13T16:19:36","date_gmt":"2022-11-13T15:21:56","guid":{"rendered":"https:\/\/www.seaflowerstore.com\/nl\/tropic-marin-bio-magnesium-liquid-1000ml\/"},"modified":"2022-11-13T16:19:36","modified_gmt":"2022-11-13T15:21:56","slug":"tropic-marin-bio-magnesium-liquid-1000ml","status":"publish","type":"product","link":"https:\/\/www.seaflowerstore.com\/de\/tropic-marin-bio-magnesium-liquid-1000ml\/","title":{"rendered":"Tropic Marin Bio-Magnesium Liquid &#8211; 1000ml"},"content":{"rendered":"<h2>Tropic Marin Bio-Magnesium is one of the most important minerals of seawater<\/h2>\n<p>Bestimmte Korallen und Korallenrotalgen speichern neben Kalzium und Strontium auch Magnesium in ihrem Skelett. Magnesium spielt eine wichtige Rolle bei der Photosynthese der Algen, bei der Kohlendioxid und Licht in organische Verbindungen umgewandelt werden. Daher ist Magnesium eines der essentiellen Mineralien im Meerwasser.<\/p>\n<p>Tropic Marin Bio-Magnesium liefert Magnesium und Kohlendioxid in einer biologisch optimalen Form und hilft so, Magnesiummangel im Meerwasser vorzubeugen und das nat\u00fcrliche Gleichgewicht der Erdalkalimetalle wiederherzustellen. Diese Faktoren sind entscheidend f\u00fcr die Erhaltung eines gesunden Korallenriffs in Ihrem Aquarium.<\/p>\n<ul>\n<li>F\u00fcr eine biologisch optimale Magnesiumversorgung in kristalliner Form im Riffaquarium<\/li>\n<li>Unterst\u00fctzt starkes Skelettwachstum von Korallen und Korallenrotalgen<\/li>\n<li>Bietet Kohlendioxid, um Zooxanthellen bei der Photosynthese und Kalzifizierung zu unterst\u00fctzen<\/li>\n<li>Erh\u00e4lt die nat\u00fcrliche Ionenzusammensetzung und den pH-Wert des Wassers<\/li>\n<li>Frei von unnat\u00fcrlichen Nebenprodukten<\/li>\n<li>Enth\u00e4lt keine Phosphate oder Nitrate<\/li>\n<li>Erm\u00f6glicht eine pr\u00e4zise Dosierung und einfache Anwendung<\/li>\n<\/ul>\n<p><strong>Inhaltsstoffe<\/strong><\/p>\n<p>Magnesiumsalze, Natrium, Kalium und 70 Spurenelemente.<\/p>\n<p><strong>Anwendung &amp; Dosierung<\/strong><\/p>\n<p>Nat\u00fcrliches Meerwasser hat normalerweise einen durchschnittlichen Magnesiumgehalt von 1280\u20131300 mg\/l. Beginnen Sie damit, die Magnesiumkonzentration Ihres Aquarienwassers zu messen und das Gesamtwasservolumen Ihres Aquariums, einschlie\u00dflich Dekorationen wie Steinen, abzusch\u00e4tzen.<\/p>\n<p><strong>Fl\u00fcssigkeit<\/strong><\/p>\n<p>Durch Zugabe von \u00bd fl. oz.\/15 ml erh\u00f6hen Sie den Magnesiumgehalt von 10 US-gal.\/38 l um ungef\u00e4hr 21 mg\/l (ppm).<\/p>\n<p>Die maximal empfohlene Dosierung betr\u00e4gt \u00bd fl. oz.\/15 ml pro 10 US-gal.\/38 l Aquarienwasser pro Tag. Tropic Marin Bio-Magnesium Liquid kann direkt oder \u00fcber eine Dosierpumpe dem Tankwasser zugegeben werden.<\/p>\n<p>Zum Nachf\u00fcllen der Flasche mischen Sie 16 oz.\/450 g kristallines Tropic Marin\u00ae Bio-Magnesium mit Umkehrosmosewasser, um eine L\u00f6sung von 0,26 US-gal.\/1 Liter zu erhalten.<\/p>\n<p>Es ist ratsam, Magnesiumkonzentrationen \u00fcber 1600 mg\/l zu vermeiden, da verschiedene Organismen auf derart hohe Werte negativ reagieren k\u00f6nnen.<\/p>\n<p>Mit der Zeit stellen Sie m\u00f6glicherweise einen leichten Anstieg des spezifischen Gewichts des Wassers fest. Es ist wichtig, das spezifische Gewicht regelm\u00e4\u00dfig zu \u00fcberpr\u00fcfen. Achten Sie neben der \u00dcberwachung der Magnesiumkonzentration auch auf den Kalziumspiegel. Verwenden Sie den Tropic Marin Calcium\/Magnesium Combitest Professional zur \u00dcberwachung dieser Werte und verwenden Sie Tropic Marin Carbo-Calcium und Tropic Marin Bio-Magnesium, um bei Bedarf Anpassungen vorzunehmen.<\/p>\n","protected":false},"excerpt":{"rendered":"<p>Tropic Marin Bio-Magnesium is one of the most important minerals of seawater<\/p>\n","protected":false},"featured_media":84572,"template":"","meta":[],"pwb-brand":[2151],"product_cat":[1391],"product_tag":[],"class_list":{"0":"post-85132","1":"product","2":"type-product","3":"status-publish","4":"has-post-thumbnail","6":"pwb-brand-tropic-marin","7":"product_cat-ergaenzungen","9":"first","10":"instock","11":"taxable","12":"shipping-taxable","13":"purchasable","14":"product-type-simple"},"acf":[],"brands":[{"id":2151,"name":"Tropic Marin","slug":"tropic-marin"}],"_links":{"self":[{"href":"https:\/\/www.seaflowerstore.com\/de\/wp-json\/wp\/v2\/product\/85132","targetHints":{"allow":["GET"]}}],"collection":[{"href":"https:\/\/www.seaflowerstore.com\/de\/wp-json\/wp\/v2\/product"}],"about":[{"href":"https:\/\/www.seaflowerstore.com\/de\/wp-json\/wp\/v2\/types\/product"}],"wp:featuredmedia":[{"embeddable":true,"href":"https:\/\/www.seaflowerstore.com\/de\/wp-json\/wp\/v2\/media\/84572"}],"wp:attachment":[{"href":"https:\/\/www.seaflowerstore.com\/de\/wp-json\/wp\/v2\/media?parent=85132"}],"wp:term":[{"taxonomy":"pwb-brand","embeddable":true,"href":"https:\/\/www.seaflowerstore.com\/de\/wp-json\/wp\/v2\/pwb-brand?post=85132"},{"taxonomy":"product_cat","embeddable":true,"href":"https:\/\/www.seaflowerstore.com\/de\/wp-json\/wp\/v2\/product_cat?post=85132"},{"taxonomy":"product_tag","embeddable":true,"href":"https:\/\/www.seaflowerstore.com\/de\/wp-json\/wp\/v2\/product_tag?post=85132"}],"curies":[{"name":"wp","href":"https:\/\/api.w.org\/{rel}","templated":true}]}}