{"id":85133,"date":"2022-11-13T16:04:51","date_gmt":"2022-11-13T15:06:20","guid":{"rendered":"https:\/\/www.seaflowerstore.com\/nl\/tropic-marin-bio-magnesium\/"},"modified":"2022-11-13T16:04:51","modified_gmt":"2022-11-13T15:06:20","slug":"tropic-marin-bio-magnesium","status":"publish","type":"product","link":"https:\/\/www.seaflowerstore.com\/de\/tropic-marin-bio-magnesium\/","title":{"rendered":"Tropic Marin Bio-Magnesium"},"content":{"rendered":"<h2>Tropic Marin Bio-Magnesium is one of the most important minerals of seawater<\/h2>\n<p>Magnesium ist neben Kalzium und Strontium ein wichtiges Mineral im Meerwasser. Einige Korallen und Korallenrotalgen bauen Magnesium in ihr Skelett ein und es spielt eine wichtige Rolle bei der Photosynthese der Algen, indem es hilft, Kohlendioxid und Licht in organische Stoffe umzuwandeln. Daher ist Magnesium f\u00fcr die Erhaltung eines gesunden aquatischen \u00d6kosystems unverzichtbar.<\/p>\n<p>Tropic Marin Bio-Magnesium bietet Magnesium und Kohlendioxid in einer Form, die biologisch optimal nutzbar ist. Dies hilft, Magnesiummangel im Meerwasser vorzubeugen und stellt das nat\u00fcrliche Gleichgewicht der Erdalkalimetalle wieder her, das f\u00fcr ein bl\u00fchendes Korallenriff in Ihrem Aquarium von grundlegender Bedeutung ist.<\/p>\n<ul>\n<li>Bietet eine biologisch ideale Magnesiumversorgung in kristalliner Form f\u00fcr das Riffaquarium<\/li>\n<li>Unterst\u00fctzt starkes Skelettwachstum von Korallen und Korallenrotalgen<\/li>\n<li>Liefert Kohlendioxid f\u00fcr Zooxanthellen und verbessert so die Photosynthese und Kalzifizierung<\/li>\n<li>Erh\u00e4lt die nat\u00fcrliche Ionenzusammensetzung und den pH-Wert des Wassers<\/li>\n<li>Enth\u00e4lt keine unnat\u00fcrlichen Nebenprodukte<\/li>\n<li>Frei von Phosphaten und Nitraten<\/li>\n<li>Erm\u00f6glicht eine pr\u00e4zise Dosierung und einfache Anwendung<\/li>\n<\/ul>\n<p><strong>Zutaten<\/strong><\/p>\n<p>Enth\u00e4lt Magnesiumsalze, Natrium, Kalium und 70 Spurenelemente.<\/p>\n<p><strong>Anwendung &amp; Dosierung<\/strong><\/p>\n<p>Der durchschnittliche Magnesiumgehalt in nat\u00fcrlichem Meerwasser betr\u00e4gt etwa 1280\u20131300 mg\/l. Messen Sie zun\u00e4chst die Magnesiumkonzentration in Ihrem Aquarienwasser und sch\u00e4tzen Sie das Gesamtwasservolumen Ihres Beckensystems, einschlie\u00dflich Dekorationen wie Steinen.<\/p>\n<p><strong>Pulver<\/strong><\/p>\n<p>F\u00fcgen Sie einen Messl\u00f6ffel Tropic Marin Bio-Magnesium hinzu, um den Magnesiumspiegel pro 100 Liter (26 Gallonen) Wasser um etwa 10 mg\/l zu erh\u00f6hen.<\/p>\n<p>Die empfohlene H\u00f6chstdosis betr\u00e4gt 2 Messl\u00f6ffel pro 100 Liter (26 Gallonen) Aquarienwasser pro Tag.<\/p>\n<p>Zur Anwendung f\u00fcllen Sie den Dosierl\u00f6ffel mit Tropic Marin Bio-Magnesium und streichen ihn mit einem Schaber glatt. R\u00fchren Sie den Inhalt in die Wasseroberfl\u00e4che ein, um sicherzustellen, dass er sich vollst\u00e4ndig aufl\u00f6st. Vermeiden Sie den direkten Kontakt gr\u00f6\u00dferer, ungel\u00f6ster Kristalle mit den Korallen und geben Sie den n\u00e4chsten L\u00f6ffel erst hinzu, wenn sich der vorherige vollst\u00e4ndig aufgel\u00f6st hat.<\/p>\n<p>Vermeiden Sie Konzentrationen \u00fcber 1600 mg\/l Magnesium, da sich dies negativ auf verschiedene Organismen in Ihrem Aquarium auswirken kann.<\/p>\n<p>Mit der Zeit kann es zu einer leichten Erh\u00f6hung der Dichte des Wassers kommen. Wir empfehlen, die Dichte regelm\u00e4\u00dfig zu kontrollieren. Achten Sie neben dem Magnesiumspiegel auch auf den Calciumgehalt. Verwenden Sie den Tropic Marin Calcium\/Magnesium-Combitest Professional, um diese Werte zu \u00fcberwachen und passen Sie sie bei Bedarf mit Tropic Marin Carbo-Calcium und Tropic Marin Bio-Magnesium an.<\/p>\n","protected":false},"excerpt":{"rendered":"<p>Tropic Marin Bio-Magnesium is one of the most important minerals of seawater<\/p>\n","protected":false},"featured_media":84571,"template":"","meta":[],"pwb-brand":[2151],"product_cat":[1391],"product_tag":[],"class_list":{"0":"post-85133","1":"product","2":"type-product","3":"status-publish","4":"has-post-thumbnail","6":"pwb-brand-tropic-marin","7":"product_cat-ergaenzungen","8":"pa_inhoud-1500-gr-de","9":"pa_inhoud-450-gr-de","11":"first","12":"instock","13":"taxable","14":"shipping-taxable","15":"purchasable","16":"product-type-variable"},"acf":[],"brands":[{"id":2151,"name":"Tropic Marin","slug":"tropic-marin"}],"_links":{"self":[{"href":"https:\/\/www.seaflowerstore.com\/de\/wp-json\/wp\/v2\/product\/85133","targetHints":{"allow":["GET"]}}],"collection":[{"href":"https:\/\/www.seaflowerstore.com\/de\/wp-json\/wp\/v2\/product"}],"about":[{"href":"https:\/\/www.seaflowerstore.com\/de\/wp-json\/wp\/v2\/types\/product"}],"wp:featuredmedia":[{"embeddable":true,"href":"https:\/\/www.seaflowerstore.com\/de\/wp-json\/wp\/v2\/media\/84571"}],"wp:attachment":[{"href":"https:\/\/www.seaflowerstore.com\/de\/wp-json\/wp\/v2\/media?parent=85133"}],"wp:term":[{"taxonomy":"pwb-brand","embeddable":true,"href":"https:\/\/www.seaflowerstore.com\/de\/wp-json\/wp\/v2\/pwb-brand?post=85133"},{"taxonomy":"product_cat","embeddable":true,"href":"https:\/\/www.seaflowerstore.com\/de\/wp-json\/wp\/v2\/product_cat?post=85133"},{"taxonomy":"product_tag","embeddable":true,"href":"https:\/\/www.seaflowerstore.com\/de\/wp-json\/wp\/v2\/product_tag?post=85133"}],"curies":[{"name":"wp","href":"https:\/\/api.w.org\/{rel}","templated":true}]}}