{"id":85136,"date":"2022-11-13T15:50:32","date_gmt":"2022-11-13T14:51:21","guid":{"rendered":"https:\/\/www.seaflowerstore.com\/nl\/tropic-marin-bio-strontium-200-g\/"},"modified":"2022-11-13T15:50:32","modified_gmt":"2022-11-13T14:51:21","slug":"tropic-marin-bio-strontium-200-g","status":"publish","type":"product","link":"https:\/\/www.seaflowerstore.com\/de\/tropic-marin-bio-strontium-200-g\/","title":{"rendered":"Tropic Marin Bio-Strontium 200 g"},"content":{"rendered":"<h2>Tropic Marin Bio-Strontium 200 g supplement for reef aquariums<\/h2>\n<p>Unser Tropic Marin Bio-Strontium liefert den Zooxanthellen lebenswichtiges Strontium und Kohlendioxid in biologisch optimaler kristalliner Form und unterst\u00fctzt so das gesunde Wachstum der Korallen. Es enth\u00e4lt keine Chelate, Phosphate oder Nitrate.<\/p>\n<p>F\u00fcr das Wachstum und Wohlbefinden riffbildender Korallen ist eine ausreichende Versorgung mit Strontium ebenso wichtig wie f\u00fcr Calcium und Magnesium. Obwohl Strontium im Meerwasser in deutlich geringeren Mengen vorkommt, kann es durch biologische Prozesse, Ausf\u00e4llungen und Einbau in das Kalkskelett dennoch zu einem Strontiummangel kommen.<\/p>\n<p><strong>Inhaltsstoffe:<\/strong><\/p>\n<ul>\n<li>Strontium<\/li>\n<li>Calcium- und Natriumsalze<\/li>\n<li>Bicarbonat<\/li>\n<li>Spurenelemente<\/li>\n<\/ul>\n<p><strong>Anwendung &#038; Dosierung:<\/strong><\/p>\n<p>Zur Anwendung von Tropic Marin Bio-Strontium geben Sie es einfach unter R\u00fchren direkt auf die Oberfl\u00e4che des Aquarien- oder Sumpfwassers. Achten Sie dabei darauf, dass keine ungel\u00f6sten Kristalle mit den Meereslebewesen in Ber\u00fchrung kommen. Ein gestrichener Messl\u00f6ffel (5 ml) erh\u00f6ht den Strontiumgehalt von 100 Litern um ca. 5 mg\/l (ppm). Die nat\u00fcrliche Konzentration im Meerwasser liegt bei ca. 8 mg\/l (ppm).<\/p>\n<p><strong>Grunddosierung:<\/strong> Wir empfehlen alle zwei Wochen einen gestrichenen Messl\u00f6ffel pro 50 US-Gallonen (190 Liter). Bei hoher Populationsdichte im Aquarium kann eine Verdoppelung der Dosierung in Erw\u00e4gung gezogen werden.<\/p>\n<p><strong>Achtung:<\/strong> Bitte seien Sie vorsichtig, da hohe Strontiumkonzentrationen im Aquarium den Korallen schaden k\u00f6nnen. Es ist wichtig, die Strontiumkonzentration regelm\u00e4\u00dfig zu kontrollieren.<\/p>\n","protected":false},"excerpt":{"rendered":"<p>Tropic Marin Bio-Strontium 200 g supplement for reef aquariums<\/p>\n","protected":false},"featured_media":84570,"template":"","meta":[],"pwb-brand":[2151],"product_cat":[1391],"product_tag":[],"class_list":{"0":"post-85136","1":"product","2":"type-product","3":"status-publish","4":"has-post-thumbnail","6":"pwb-brand-tropic-marin","7":"product_cat-ergaenzungen","9":"first","10":"instock","11":"taxable","12":"shipping-taxable","13":"purchasable","14":"product-type-simple"},"acf":[],"brands":[{"id":2151,"name":"Tropic Marin","slug":"tropic-marin"}],"_links":{"self":[{"href":"https:\/\/www.seaflowerstore.com\/de\/wp-json\/wp\/v2\/product\/85136","targetHints":{"allow":["GET"]}}],"collection":[{"href":"https:\/\/www.seaflowerstore.com\/de\/wp-json\/wp\/v2\/product"}],"about":[{"href":"https:\/\/www.seaflowerstore.com\/de\/wp-json\/wp\/v2\/types\/product"}],"wp:featuredmedia":[{"embeddable":true,"href":"https:\/\/www.seaflowerstore.com\/de\/wp-json\/wp\/v2\/media\/84570"}],"wp:attachment":[{"href":"https:\/\/www.seaflowerstore.com\/de\/wp-json\/wp\/v2\/media?parent=85136"}],"wp:term":[{"taxonomy":"pwb-brand","embeddable":true,"href":"https:\/\/www.seaflowerstore.com\/de\/wp-json\/wp\/v2\/pwb-brand?post=85136"},{"taxonomy":"product_cat","embeddable":true,"href":"https:\/\/www.seaflowerstore.com\/de\/wp-json\/wp\/v2\/product_cat?post=85136"},{"taxonomy":"product_tag","embeddable":true,"href":"https:\/\/www.seaflowerstore.com\/de\/wp-json\/wp\/v2\/product_tag?post=85136"}],"curies":[{"name":"wp","href":"https:\/\/api.w.org\/{rel}","templated":true}]}}