{"id":85137,"date":"2022-11-13T15:33:10","date_gmt":"2022-11-13T14:34:02","guid":{"rendered":"https:\/\/www.seaflowerstore.com\/nl\/tropic-marin-gh-test-freshwater\/"},"modified":"2022-11-13T15:33:10","modified_gmt":"2022-11-13T14:34:02","slug":"tropic-marin-gh-test-freshwater","status":"publish","type":"product","link":"https:\/\/www.seaflowerstore.com\/de\/tropic-marin-gh-test-freshwater\/","title":{"rendered":"Tropic Marin GH-Test Freshwater"},"content":{"rendered":"<h2>Tropic Marin GH-Test Freshwater precise determination of the total hardness<\/h2>\n<p><strong>Zur Bestimmung der Gesamth\u00e4rte (GH) in S\u00fc\u00dfwasseraquarien<\/strong><\/p>\n<p>Die Gesamth\u00e4rte (GH) bezeichnet die Konzentration gel\u00f6ster Magnesium- und Calciumsalze im Wasser. Ist die Konzentration dieser Salze gering, gilt das Wasser als weich. Ist die Konzentration hingegen hoch, gilt das Wasser als hart. \u00dcblicherweise wird die Messung in Grad deutscher H\u00e4rte (\u00b0dH) ausgedr\u00fcckt, wobei 1 \u00b0dH 10 mg pro Liter gel\u00f6stem Calciumoxid entspricht. Der Gehalt dieser Salze im Wasser kann die Gesundheit und das Wohlbefinden von Fischen und Pflanzen erheblich beeintr\u00e4chtigen. Regelm\u00e4\u00dfige Kontrollen sind daher unerl\u00e4sslich.<\/p>\n<p>Der ideale Wert f\u00fcr die Gesamth\u00e4rte variiert je nach Fischart. Viele afrikanische Arten wie Aphyosemion und s\u00fcdostasiatische Arten wie Trichogaster passen sich gut an hartes Wasser an. S\u00fcdamerikanische Salmler beispielsweise gedeihen jedoch in weicherem Wasser. F\u00fcr ein S\u00fc\u00dfwasseraquarium ist grunds\u00e4tzlich ein H\u00e4rtegrad von 3-10 \u00b0dH g\u00fcnstig.<\/p>\n<p>Mit dem <strong>Tropic Marin GH-Test<\/strong> k\u00f6nnen Sie schnell und pr\u00e4zise die Gesamth\u00e4rte Ihres Aquarienwassers bestimmen. Mit diesem Testkit k\u00f6nnen je nach Ergebnis ca. 100 Tests durchgef\u00fchrt werden.<\/p>\n<h3>Vorteile:<\/h3>\n<ul>\n<li>Messbereich: 1 \u2013 20 \u00b0dH<\/li>\n<li>Genauigkeit: 0,5\/1 \u00b0dH<\/li>\n<li>Entwickelt f\u00fcr die Pr\u00fcfung der Gesamth\u00e4rte in S\u00fc\u00dfwasseraquarien<\/li>\n<li>Bietet ausreichend Material f\u00fcr ca. 100 Anwendungen<\/li>\n<li>Gemessen nach deutscher H\u00e4rteskala (\u00b0dH)<\/li>\n<li>Enth\u00e4lt eine Umrechnungstabelle f\u00fcr andere Einheiten in der Bedienungsanleitung<\/li>\n<\/ul>\n<h3>So verwenden Sie den Tropic Marin GH-Test:<\/h3>\n<ol>\n<li>Weitere Einheiten finden Sie in der Umrechnungstabelle in der Bedienungsanleitung.<\/li>\n<li>Sp\u00fclen Sie die Glask\u00fcvette mit Leitungswasser und sp\u00fclen Sie sie anschlie\u00dfend mehrmals mit Aquarienwasser aus. Wasser.<\/li>\n<li>F\u00fcllen Sie die Glask\u00fcvette mit der Dosierspritze mit genau 5 ml Aquarienwasser.<\/li>\n<li>F\u00fcgen Sie das GH-Testreagenz tropfenweise hinzu und sch\u00fctteln Sie die K\u00fcvette nach jedem Tropfen, bis die L\u00f6sung ihre Farbe von ROSA nach T\u00dcRKIS \u00e4ndert.<\/li>\n<li>Die Gesamtzahl der Tropfen gibt die H\u00e4rte in \u00b0dH an; beispielsweise entsprechen 8 Tropfen 8 \u00b0dH. F\u00fcr eine h\u00f6here Genauigkeit k\u00f6nnen Sie eine 10 ml Wasserprobe (anstelle von 5 ml) verwenden, wobei 1 Tropfen 0,5 \u00b0dH entspricht; 15 Tropfen entsprechen also 7,5 \u00b0dH.<\/li>\n<li>Nach Abschluss der Messung sp\u00fclen Sie die Glask\u00fcvette und die Spritze gr\u00fcndlich mit Leitungswasser aus.<\/li>\n<\/ol>\n<h4>So korrigieren Sie ung\u00fcnstige Werte<\/h4>\n<p>Wenn die Gesamth\u00e4rte zu hoch ist, empfehlen wir, einen Teil des Wassers durch weiches Wasser zu ersetzen. Bitte lassen Sie sich hierzu von Ihrem \u00f6rtlichen Zoofachh\u00e4ndler beraten. Sollte die Gesamth\u00e4rte zu niedrig sein, k\u00f6nnen Sie den H\u00e4rtegrad durch Zugabe von <strong>Tropic Marin PRO-DISCUS MINERAL<\/strong> erh\u00f6hen.<\/p>\n<p><strong>Haltbarkeit und Lagerung:<\/strong> Das Produkt ist nach dem \u00d6ffnen 6 Monate lang wirksam. Lagern Sie es am besten an einem k\u00fchlen, dunklen Ort.<\/p>\n","protected":false},"excerpt":{"rendered":"<p>Tropic Marin GH-Test Freshwater precise determination of the total hardness<\/p>\n","protected":false},"featured_media":84569,"template":"","meta":[],"pwb-brand":[2151],"product_cat":[1446],"product_tag":[],"class_list":{"0":"post-85137","1":"product","2":"type-product","3":"status-publish","4":"has-post-thumbnail","6":"pwb-brand-tropic-marin","7":"product_cat-testers-de","9":"first","10":"outofstock","11":"taxable","12":"shipping-taxable","13":"purchasable","14":"product-type-simple"},"acf":[],"brands":[{"id":2151,"name":"Tropic Marin","slug":"tropic-marin"}],"_links":{"self":[{"href":"https:\/\/www.seaflowerstore.com\/de\/wp-json\/wp\/v2\/product\/85137","targetHints":{"allow":["GET"]}}],"collection":[{"href":"https:\/\/www.seaflowerstore.com\/de\/wp-json\/wp\/v2\/product"}],"about":[{"href":"https:\/\/www.seaflowerstore.com\/de\/wp-json\/wp\/v2\/types\/product"}],"wp:featuredmedia":[{"embeddable":true,"href":"https:\/\/www.seaflowerstore.com\/de\/wp-json\/wp\/v2\/media\/84569"}],"wp:attachment":[{"href":"https:\/\/www.seaflowerstore.com\/de\/wp-json\/wp\/v2\/media?parent=85137"}],"wp:term":[{"taxonomy":"pwb-brand","embeddable":true,"href":"https:\/\/www.seaflowerstore.com\/de\/wp-json\/wp\/v2\/pwb-brand?post=85137"},{"taxonomy":"product_cat","embeddable":true,"href":"https:\/\/www.seaflowerstore.com\/de\/wp-json\/wp\/v2\/product_cat?post=85137"},{"taxonomy":"product_tag","embeddable":true,"href":"https:\/\/www.seaflowerstore.com\/de\/wp-json\/wp\/v2\/product_tag?post=85137"}],"curies":[{"name":"wp","href":"https:\/\/api.w.org\/{rel}","templated":true}]}}