{"id":85138,"date":"2022-11-13T15:15:07","date_gmt":"2022-11-13T14:15:37","guid":{"rendered":"https:\/\/www.seaflowerstore.com\/nl\/vitalis-cichlid-carnivore-pellets-1-mm\/"},"modified":"2022-11-13T15:15:07","modified_gmt":"2022-11-13T14:15:37","slug":"vitalis-cichlid-carnivore-pellets-1-mm","status":"publish","type":"product","link":"https:\/\/www.seaflowerstore.com\/de\/vitalis-cichlid-carnivore-pellets-1-mm\/","title":{"rendered":"Vitalis Cichlid Carnivore Pellets 1 mm"},"content":{"rendered":"<h2>Vitalis Cichlid Carnivore Pellets 1 mm<\/h2>\n<p class=\"font_8\">Cichlid Carnivore Pellets sind ein schmackhaftes und leicht verdauliches, ausgewogenes Futter. Sie dienen als Alleinfuttermittel f\u00fcr Fische.<\/p>\n<p class=\"font_8\">Diese Pellets sind speziell auf den hohen Proteinbedarf kleinerer fleischfressender Buntbarscharten aus Afrika und Mittel-\/S\u00fcdamerika zugeschnitten. Die Pellets sind weich und sinken und enthalten eine einzigartige Proteinmischung, darunter Vollfischmehl sowie eine ma\u00dfgeschneiderte Mischung aus Weichtieren und Krustentieren. Dar\u00fcber hinaus unterst\u00fctzen die nat\u00fcrlichen Pigmente unserer Hauptzutaten die leuchtende F\u00e4rbung Ihrer Fische.<\/p>\n<p class=\"font_8\">Unsere Pellets sind weich und leicht verdaulich und so konzipiert, dass sie langsam im Wasser sinken, was Ihren Fischen ein nat\u00fcrliches F\u00fctterungserlebnis bietet.<\/p>\n<p><strong>Pelletgr\u00f6\u00dfe<\/strong>: 1 mm \u00d8. Diese Pellets sind f\u00fcr die fleischfressenden Buntbarscharten aus den afrikanischen Riftseen und Mittel-\/S\u00fcdamerika formuliert, darunter: <\/p>\n<ul>\n<li>Haplochromis<\/li>\n<li>Aulonocara<\/li>\n<li>Protomelas<\/li>\n<li>Julidochromis<\/li>\n<li>Nimbochromis<\/li>\n<li>Neolamprologus<\/li>\n<li>Apistogrammas<\/li>\n<li>Microgeophagus<\/li>\n<li>Nanacaras<\/li>\n<li>Laetacaras<\/li>\n<\/ul>\n","protected":false},"excerpt":{"rendered":"<p>Vitalis Cichlid Carnivore Pellets deliver a palatable and highly digestible balanced feed<\/p>\n","protected":false},"featured_media":84567,"template":"","meta":[],"pwb-brand":[2239],"product_cat":[1447],"product_tag":[],"class_list":{"0":"post-85138","1":"product","2":"type-product","3":"status-publish","4":"has-post-thumbnail","6":"pwb-brand-vitalis","7":"product_cat-futter-de","8":"pa_inhoud-1800-gr-de","9":"pa_inhoud-70-gr-de","11":"first","12":"instock","13":"taxable","14":"shipping-taxable","15":"purchasable","16":"product-type-variable"},"acf":[],"brands":[{"id":2239,"name":"Vitalis","slug":"vitalis"}],"_links":{"self":[{"href":"https:\/\/www.seaflowerstore.com\/de\/wp-json\/wp\/v2\/product\/85138","targetHints":{"allow":["GET"]}}],"collection":[{"href":"https:\/\/www.seaflowerstore.com\/de\/wp-json\/wp\/v2\/product"}],"about":[{"href":"https:\/\/www.seaflowerstore.com\/de\/wp-json\/wp\/v2\/types\/product"}],"wp:featuredmedia":[{"embeddable":true,"href":"https:\/\/www.seaflowerstore.com\/de\/wp-json\/wp\/v2\/media\/84567"}],"wp:attachment":[{"href":"https:\/\/www.seaflowerstore.com\/de\/wp-json\/wp\/v2\/media?parent=85138"}],"wp:term":[{"taxonomy":"pwb-brand","embeddable":true,"href":"https:\/\/www.seaflowerstore.com\/de\/wp-json\/wp\/v2\/pwb-brand?post=85138"},{"taxonomy":"product_cat","embeddable":true,"href":"https:\/\/www.seaflowerstore.com\/de\/wp-json\/wp\/v2\/product_cat?post=85138"},{"taxonomy":"product_tag","embeddable":true,"href":"https:\/\/www.seaflowerstore.com\/de\/wp-json\/wp\/v2\/product_tag?post=85138"}],"curies":[{"name":"wp","href":"https:\/\/api.w.org\/{rel}","templated":true}]}}