{"id":85141,"date":"2022-11-13T14:33:21","date_gmt":"2022-11-13T13:35:55","guid":{"rendered":"https:\/\/www.seaflowerstore.com\/nl\/vitalis-cichlid-herbivore-pellets-1-5-mm\/"},"modified":"2022-11-13T14:33:21","modified_gmt":"2022-11-13T13:35:55","slug":"vitalis-cichlid-herbivore-pellets-1-5-mm","status":"publish","type":"product","link":"https:\/\/www.seaflowerstore.com\/de\/vitalis-cichlid-herbivore-pellets-1-5-mm\/","title":{"rendered":"Vitalis Cichlid Herbivore Pellets &#8211; 1.5 mm"},"content":{"rendered":"<h2>Vitalis Cichlid Herbivore Pellets &#8211; 1.5 mm delivers a palatable and highly digestible balanced feed<\/h2>\n<p>Cichlid Herbivore Pellets bieten eine schmackhafte und leicht verdauliche, ausgewogene Ern\u00e4hrung. Sie dienen als vollwertige Nahrungsoption f\u00fcr Ihre Fische.<\/p>\n<p>Diese Pellets wurden speziell entwickelt, um den geringeren Proteinbedarf pflanzenfressender Buntbarscharten aus den afrikanischen Riftseen, insbesondere Tanganjikasee und Malawi, zu decken. Die Formel enth\u00e4lt eine einzigartige Mischung aus n\u00e4hrstoffreichen Algen und Spirulina. Dar\u00fcber hinaus tragen die nat\u00fcrlichen Pigmente in unseren Hauptzutaten dazu bei, die leuchtende F\u00e4rbung Ihrer Fische zu verst\u00e4rken.<\/p>\n<p>Jedes Pellet in unserer Nahrung ist weich, sodass es f\u00fcr Fische leicht verdaulich ist, und sie sind so konzipiert, dass sie langsam im Wasser sinken. Dieses langsame Absinken f\u00f6rdert ein nat\u00fcrliches F\u00fctterungserlebnis.<\/p>\n<p>Die Pellets sind speziell f\u00fcr die pflanzenfressenden Buntbarscharten der afrikanischen Riftseen formuliert, darunter:<\/p>\n<ul>\n<li>Tropheus<\/li>\n<li>Viele Mbuna-Arten wie Labeotropheus<\/li>\n<li>Labidochromis<\/li>\n<li>Melanochromis<\/li>\n<li>Metriaclima<\/li>\n<li>Pseudotropheus<\/li>\n<\/ul>\n","protected":false},"excerpt":{"rendered":"<p>Vitalis Cichlid Herbivore Pellets &#8211; 1.5 mm delivers a palatable and highly digestible balanced feed<\/p>\n","protected":false},"featured_media":84565,"template":"","meta":[],"pwb-brand":[2239],"product_cat":[1447],"product_tag":[],"class_list":{"0":"post-85141","1":"product","2":"type-product","3":"status-publish","4":"has-post-thumbnail","6":"pwb-brand-vitalis","7":"product_cat-futter-de","8":"pa_inhoud-1800-gr-de","10":"first","11":"instock","12":"taxable","13":"shipping-taxable","14":"purchasable","15":"product-type-variable"},"acf":[],"brands":[{"id":2239,"name":"Vitalis","slug":"vitalis"}],"_links":{"self":[{"href":"https:\/\/www.seaflowerstore.com\/de\/wp-json\/wp\/v2\/product\/85141","targetHints":{"allow":["GET"]}}],"collection":[{"href":"https:\/\/www.seaflowerstore.com\/de\/wp-json\/wp\/v2\/product"}],"about":[{"href":"https:\/\/www.seaflowerstore.com\/de\/wp-json\/wp\/v2\/types\/product"}],"wp:featuredmedia":[{"embeddable":true,"href":"https:\/\/www.seaflowerstore.com\/de\/wp-json\/wp\/v2\/media\/84565"}],"wp:attachment":[{"href":"https:\/\/www.seaflowerstore.com\/de\/wp-json\/wp\/v2\/media?parent=85141"}],"wp:term":[{"taxonomy":"pwb-brand","embeddable":true,"href":"https:\/\/www.seaflowerstore.com\/de\/wp-json\/wp\/v2\/pwb-brand?post=85141"},{"taxonomy":"product_cat","embeddable":true,"href":"https:\/\/www.seaflowerstore.com\/de\/wp-json\/wp\/v2\/product_cat?post=85141"},{"taxonomy":"product_tag","embeddable":true,"href":"https:\/\/www.seaflowerstore.com\/de\/wp-json\/wp\/v2\/product_tag?post=85141"}],"curies":[{"name":"wp","href":"https:\/\/api.w.org\/{rel}","templated":true}]}}