{"id":85144,"date":"2022-11-13T14:15:46","date_gmt":"2022-11-13T13:18:20","guid":{"rendered":"https:\/\/www.seaflowerstore.com\/nl\/tropic-marin-liquid-buffer\/"},"modified":"2022-11-13T14:15:46","modified_gmt":"2022-11-13T13:18:20","slug":"tropic-marin-liquid-buffer","status":"publish","type":"product","link":"https:\/\/www.seaflowerstore.com\/de\/tropic-marin-liquid-buffer\/","title":{"rendered":"Tropic Marin Liquid Buffer"},"content":{"rendered":"<h2>Tropic Marin Liquid Buffer is a pH buffer and KH creator for seawater aquariums<\/h2>\n<p>Meerwasseraquarien ben\u00f6tigen f\u00fcr ein gesundes Korallenwachstum eine optimale Pufferung, bei der die Karbonath\u00e4rte stabil zwischen 7 und 9 \u00b0dH gehalten wird. Dar\u00fcber hinaus k\u00f6nnen pH-Schwankungen, wie sie beispielsweise durch Ausscheidungen und Zersetzungsprozesse entstehen, bei den Aquarienbewohnern schnell Stress und Erkrankungen ausl\u00f6sen und so deren Lebensdauer verk\u00fcrzen. Tropic Marin Liquid Buffer wurde entwickelt, um die Alkalinit\u00e4t effektiv zu erh\u00f6hen und den pH-Wert im idealen Bereich von 8,1 bis 8,4 zu stabilisieren.<\/p>\n<ul>\n<li>Hilft zuverl\u00e4ssig und schnell, wenn der pH-Wert au\u00dferhalb des empfohlenen Bereichs von 8,1 &#8211; 8,4 liegt.<\/li>\n<li>Kontrolliert Situationen, in denen Niederschl\u00e4ge die Alkalinit\u00e4t und damit die Pufferkapazit\u00e4t des Wassers gesenkt haben.<\/li>\n<li>Reduziert den Stress f\u00fcr alle Aquarienbewohner durch stabilere Wasserbedingungen.<\/li>\n<li>Geeignet f\u00fcr Aquarien, die mit Meeresfischen, Weichkorallen, LPS, SPS, anderen Filtern und\/oder Krustentieren best\u00fcckt sind.<\/li>\n<li>Einfach zu verwenden \u2013 sowohl f\u00fcr manuelle Dosierung als auch f\u00fcr Dosierpumpen geeignet.<\/li>\n<\/ul>\n<div id=\"comp-kor2uiun\" class=\"_1ncY2\">\n<h4><strong>Zutaten<\/strong><\/h4>\n<\/div>\n<p class=\"font_8\">Carbonate und Bicarbonate<\/p>\n<h3>Anwendung &#038; Dosierung<\/h3>\n<p>Kontrollieren Sie regelm\u00e4\u00dfig die Karbonath\u00e4rte und den pH-Wert Ihres Aquarienwassers. Die Karbonath\u00e4rte sollte in einem Meerwasseraquarium zwischen 6 und 9 \u00b0dH liegen, w\u00e4hrend der pH-Wert im Bereich zwischen 8,1 und 8,4 bleiben sollte.<\/p>\n<p>Liegen die Werte deutlich au\u00dferhalb dieser Bereiche (pH kleiner 7,7 oder gr\u00f6\u00dfer 8,6 \/ Karbonath\u00e4rte kleiner 5 \u00b0dH), geben Sie 30 ml Tropic Marin Liquid Buffer auf 100 Liter Aquarienwasser hinzu, wodurch sich die Karbonath\u00e4rte um ca. 0,8 \u00b0dH erh\u00f6ht. Wiederholen Sie diese Anwendung bei Bedarf t\u00e4glich. Bitte \u00fcberschreiten Sie eine Karbonath\u00e4rte von 9 \u00b0dH nicht.<\/p>\n<p>Ein Liter Tropic Marin Liquid Buffer versorgt das Aquarium mit 2800\u00b0 Karbonath\u00e4rter.<\/p>\n","protected":false},"excerpt":{"rendered":"<h2>Tropic Marin Liquid Buffer is a pH buffer and KH creator for seawater aquariums<\/h2>\n","protected":false},"featured_media":84563,"template":"","meta":[],"pwb-brand":[2151],"product_cat":[1391],"product_tag":[],"class_list":{"0":"post-85144","1":"product","2":"type-product","3":"status-publish","4":"has-post-thumbnail","6":"pwb-brand-tropic-marin","7":"product_cat-ergaenzungen","8":"pa_inhoud-1000-ml-de","9":"pa_inhoud-500-ml-de","11":"first","12":"outofstock","13":"taxable","14":"shipping-taxable","15":"purchasable","16":"product-type-variable"},"acf":[],"brands":[{"id":2151,"name":"Tropic Marin","slug":"tropic-marin"}],"_links":{"self":[{"href":"https:\/\/www.seaflowerstore.com\/de\/wp-json\/wp\/v2\/product\/85144","targetHints":{"allow":["GET"]}}],"collection":[{"href":"https:\/\/www.seaflowerstore.com\/de\/wp-json\/wp\/v2\/product"}],"about":[{"href":"https:\/\/www.seaflowerstore.com\/de\/wp-json\/wp\/v2\/types\/product"}],"wp:featuredmedia":[{"embeddable":true,"href":"https:\/\/www.seaflowerstore.com\/de\/wp-json\/wp\/v2\/media\/84563"}],"wp:attachment":[{"href":"https:\/\/www.seaflowerstore.com\/de\/wp-json\/wp\/v2\/media?parent=85144"}],"wp:term":[{"taxonomy":"pwb-brand","embeddable":true,"href":"https:\/\/www.seaflowerstore.com\/de\/wp-json\/wp\/v2\/pwb-brand?post=85144"},{"taxonomy":"product_cat","embeddable":true,"href":"https:\/\/www.seaflowerstore.com\/de\/wp-json\/wp\/v2\/product_cat?post=85144"},{"taxonomy":"product_tag","embeddable":true,"href":"https:\/\/www.seaflowerstore.com\/de\/wp-json\/wp\/v2\/product_tag?post=85144"}],"curies":[{"name":"wp","href":"https:\/\/api.w.org\/{rel}","templated":true}]}}