{"id":85147,"date":"2022-11-13T14:04:56","date_gmt":"2022-11-13T13:05:47","guid":{"rendered":"https:\/\/www.seaflowerstore.com\/nl\/tropic-marin-triple-buffer\/"},"modified":"2022-11-13T14:04:56","modified_gmt":"2022-11-13T13:05:47","slug":"tropic-marin-triple-buffer","status":"publish","type":"product","link":"https:\/\/www.seaflowerstore.com\/de\/tropic-marin-triple-buffer\/","title":{"rendered":"Tropic Marin Triple Buffer"},"content":{"rendered":"<h2>Tropic Marin Triple Buffer For the adjustment of the pH-value<\/h2>\n<p>Die Dreifachwirkung von Tropic Marin\u00ae Triple Buffer ist darauf ausgelegt, den pH-Wert in den idealen Bereich zu heben, die Alkalinit\u00e4t zu verbessern und zu stabilisieren und gleichzeitig wichtige Spurenelemente f\u00fcr Ihr Meerwasseraquarium bereitzustellen.<\/p>\n<ul>\n<li><strong>Schnelle und zuverl\u00e4ssige Unterst\u00fctzung:<\/strong> Hilft, wenn der pH-Wert durch Fische und zerfallende Materialien au\u00dferhalb des empfohlenen Bereichs von 8,1 &#8211; 8,4 liegt.<\/li>\n<li><strong>Wirkt Niederschl\u00e4gen entgegen:<\/strong> Stellt die Alkalinit\u00e4t wieder her, wenn Niederschl\u00e4ge die erforderlichen Werte gesenkt haben.<\/li>\n<li><strong>Spurenelementversorgung:<\/strong> Liefert wichtige Spurenelemente, wenn deren Aufnahme durch die Aquarienbewohner und Niederschl\u00e4ge deren Werte reduziert haben.<\/li>\n<li><strong>Reduzierter Stress:<\/strong> Hilft, den Stress f\u00fcr alle Aquarienbewohner zu verringern, indem stabilere Wasserbedingungen aufrechterhalten werden.<\/li>\n<li><strong>Vielseitig einsetzbar:<\/strong> Geeignet f\u00fcr Aquarien mit Meeresfischen, Weichkorallen, LPS, SPS, Filter Fresser und\/oder Krustentiere.<\/li>\n<\/ul>\n<div id=\"comp-kor0vcnv\" class=\"_1ncY2\">\n<div class=\"\" data-mesh-id=\"comp-kor0vcnvinlineContent\" data-testid=\"inline-content\">\n<div data-mesh-id=\"comp-kor0vcnvinlineContent-gridContainer\" data-testid=\"mesh-container-content\">\n<div id=\"comp-kspq5rr2\" class=\"_1Q9if _3bcaz\" data-testid=\"richTextElement\">\n<h3 class=\"font_2\">Zutaten<\/h3>\n<\/div>\n<\/div>\n<\/div>\n<\/div>\n<div id=\"comp-kor0vco5\" class=\"_1Q9if _3bcaz\" data-testid=\"richTextElement\">\n<p class=\"font_8\">Zu den Zutaten geh\u00f6ren Carbonate, Hydrogencarbonate, und Spurenelemente.<\/p>\n<\/div>\n<div id=\"comp-kor0vcom\" class=\"_1ncY2\">\n<div class=\"\" data-mesh-id=\"comp-kor0vcominlineContent\" data-testid=\"inline-content\">\n<div data-mesh-id=\"comp-kor0vcominlineContent-gridContainer\" data-testid=\"mesh-container-content\">\n<div id=\"comp-kspq61tk\" class=\"_1Q9if _3bcaz\" data-testid=\"richTextElement\">\n<h3 class=\"font_2\">Anwendung &amp; Dosierung<\/h3>\n<\/div>\n<\/div>\n<\/div>\n<\/div>\n<\/div>\n<div id=\"comp-kor0vcp0\" class=\"_1Q9if _3bcaz\" data-testid=\"richTextElement\">\n<p class=\"font_8\">Pr\u00fcfen Sie zun\u00e4chst die Karbonath\u00e4rte und den pH-Wert Ihres Aquarienwassers.<\/p>\n<p class=\"font_8\"><strong>Empfohlene Wasserwerte:<\/strong><\/p>\n<ul class=\"font_8\">\n<li>Karbonath\u00e4rte: 6 &#8211; 9 \u00b0dH<\/li>\n<li>pH-Wert: 8,1 &#8211; 8,4<\/li>\n<\/ul>\n<p class=\"font_8\">Wenn Ihre Wasserwerte unter den empfohlenen Werten liegen, geben Sie w\u00f6chentlich (oder bei Bedarf t\u00e4glich) einen gestrichenen Messl\u00f6ffel Tropic Marin\u00ae Triple Buffer pro 75 Liter (oder 20 US-Gallonen) Aquarienwasser hinzu, bis die gew\u00fcnschten pH- und Alkalinit\u00e4tswerte erreicht sind. Zur Anwendung den Messl\u00f6ffel unter R\u00fchren direkt auf die Oberfl\u00e4che des Aquarienwassers streuen.<\/p>\n<p class=\"font_8\">Ein gestrichener Messl\u00f6ffel Tropic Marin\u00ae Triple Buffer erh\u00f6ht die Karbonath\u00e4rte um 1,4 \u00b0dH pro 75 Liter Aquarienwasser. Bitte \u00fcberschreiten Sie eine Karbonath\u00e4rte von 9 \u00b0dH nicht.<\/p>\n<p class=\"font_8\">Um m\u00f6glichen Ausf\u00e4llungen vorzubeugen, vermeiden Sie bitte die gleichzeitige Zugabe von Puffern und Calciumpr\u00e4paraten.<\/p>\n<\/div>\n","protected":false},"excerpt":{"rendered":"<p>Tropic Marin Triple Buffer For the adjustment of the pH-value<\/p>\n","protected":false},"featured_media":84562,"template":"","meta":[],"pwb-brand":[2151],"product_cat":[1391],"product_tag":[],"class_list":{"0":"post-85147","1":"product","2":"type-product","3":"status-publish","4":"has-post-thumbnail","6":"pwb-brand-tropic-marin","7":"product_cat-ergaenzungen","8":"pa_inhoud-1800-gr-de","9":"pa_inhoud-250-gr-de","11":"first","12":"instock","13":"taxable","14":"shipping-taxable","15":"purchasable","16":"product-type-variable"},"acf":[],"brands":[{"id":2151,"name":"Tropic Marin","slug":"tropic-marin"}],"_links":{"self":[{"href":"https:\/\/www.seaflowerstore.com\/de\/wp-json\/wp\/v2\/product\/85147","targetHints":{"allow":["GET"]}}],"collection":[{"href":"https:\/\/www.seaflowerstore.com\/de\/wp-json\/wp\/v2\/product"}],"about":[{"href":"https:\/\/www.seaflowerstore.com\/de\/wp-json\/wp\/v2\/types\/product"}],"wp:featuredmedia":[{"embeddable":true,"href":"https:\/\/www.seaflowerstore.com\/de\/wp-json\/wp\/v2\/media\/84562"}],"wp:attachment":[{"href":"https:\/\/www.seaflowerstore.com\/de\/wp-json\/wp\/v2\/media?parent=85147"}],"wp:term":[{"taxonomy":"pwb-brand","embeddable":true,"href":"https:\/\/www.seaflowerstore.com\/de\/wp-json\/wp\/v2\/pwb-brand?post=85147"},{"taxonomy":"product_cat","embeddable":true,"href":"https:\/\/www.seaflowerstore.com\/de\/wp-json\/wp\/v2\/product_cat?post=85147"},{"taxonomy":"product_tag","embeddable":true,"href":"https:\/\/www.seaflowerstore.com\/de\/wp-json\/wp\/v2\/product_tag?post=85147"}],"curies":[{"name":"wp","href":"https:\/\/api.w.org\/{rel}","templated":true}]}}