{"id":85150,"date":"2022-11-12T17:55:10","date_gmt":"2022-11-12T16:55:10","guid":{"rendered":"https:\/\/www.seaflowerstore.com\/nl\/us-style-coral-glasses\/"},"modified":"2023-06-24T11:28:11","modified_gmt":"2023-06-24T09:28:11","slug":"us-style-coral-glasses","status":"publish","type":"product","link":"https:\/\/www.seaflowerstore.com\/de\/us-style-coral-glasses\/","title":{"rendered":"US Style Coral Glasses"},"content":{"rendered":"<h2>Fauna Marin US Style Coral Glasses helping you see your corals and fish in a more natural light<\/h2>\n<p>Diese orange get\u00f6nten Schutzbrillen filtern das aktinische blaue Licht, das normalerweise in Meerwasseraquarien vorkommt, und erm\u00f6glichen Ihnen, Ihre Korallen und Fische in einem nat\u00fcrlicheren Licht zu betrachten. Sie werden angenehm \u00fcberrascht sein, wie lebendig die Farben aussehen, wenn das blaue Licht herausgefiltert ist. Es ist, als w\u00fcrden Sie Ihr Salzwasseraquarium erleben, als w\u00e4re es das allererste Mal!<\/p>\n<h4>Entsorgung:<\/h4>\n<ul>\n<li>Diese Schutzbrillen k\u00f6nnen im Hausm\u00fcll entsorgt oder zu Recycling-Sammelstellen gebracht werden.<\/li>\n<li>Bitte beachten Sie die \u00f6rtlichen Vorschriften zur Abfallentsorgung.<\/li>\n<\/ul>\n<h4>Herstellungsinformationen:<\/h4>\n<ul>\n<li>Die Korallenbrillen werden in Deutschland hergestellt.<\/li>\n<\/ul>\n","protected":false},"excerpt":{"rendered":"<p>Fauna Marin US Style Coral Glasses helping you see your corals and fish in a more natural light<\/p>\n","protected":false},"featured_media":84561,"template":"","meta":[],"pwb-brand":[2177],"product_cat":[1451],"product_tag":[],"class_list":{"0":"post-85150","1":"product","2":"type-product","3":"status-publish","4":"has-post-thumbnail","6":"pwb-brand-fauna-marin","7":"product_cat-zubehoer","9":"first","10":"outofstock","11":"taxable","12":"shipping-taxable","13":"purchasable","14":"product-type-simple"},"acf":[],"brands":[{"id":2177,"name":"Fauna Marin","slug":"fauna-marin"}],"_links":{"self":[{"href":"https:\/\/www.seaflowerstore.com\/de\/wp-json\/wp\/v2\/product\/85150","targetHints":{"allow":["GET"]}}],"collection":[{"href":"https:\/\/www.seaflowerstore.com\/de\/wp-json\/wp\/v2\/product"}],"about":[{"href":"https:\/\/www.seaflowerstore.com\/de\/wp-json\/wp\/v2\/types\/product"}],"wp:featuredmedia":[{"embeddable":true,"href":"https:\/\/www.seaflowerstore.com\/de\/wp-json\/wp\/v2\/media\/84561"}],"wp:attachment":[{"href":"https:\/\/www.seaflowerstore.com\/de\/wp-json\/wp\/v2\/media?parent=85150"}],"wp:term":[{"taxonomy":"pwb-brand","embeddable":true,"href":"https:\/\/www.seaflowerstore.com\/de\/wp-json\/wp\/v2\/pwb-brand?post=85150"},{"taxonomy":"product_cat","embeddable":true,"href":"https:\/\/www.seaflowerstore.com\/de\/wp-json\/wp\/v2\/product_cat?post=85150"},{"taxonomy":"product_tag","embeddable":true,"href":"https:\/\/www.seaflowerstore.com\/de\/wp-json\/wp\/v2\/product_tag?post=85150"}],"curies":[{"name":"wp","href":"https:\/\/api.w.org\/{rel}","templated":true}]}}