{"id":85151,"date":"2022-11-12T17:29:29","date_gmt":"2022-11-12T16:29:29","guid":{"rendered":"https:\/\/www.seaflowerstore.com\/nl\/ecotech-marine-radion-xr30-g6-pro\/"},"modified":"2023-10-01T11:04:54","modified_gmt":"2023-10-01T09:04:54","slug":"ecotech-marine-radion-xr30-g6-pro","status":"publish","type":"product","link":"https:\/\/www.seaflowerstore.com\/de\/ecotech-marine-radion-xr30-g6-pro\/","title":{"rendered":"Ecotech Marine Radion XR30 G6 Pro"},"content":{"rendered":"<h2>Ecotech Marine Radion XR30 G6 Pro<\/h2>\n<p>EcoTech freut sich, das Radion G6 vorstellen zu d\u00fcrfen. Dieses neue Modell steigert den Erfolg der bestehenden Radion-Plattform mit bemerkenswerten Verbesserungen bei Lichtleistung und Farbe. Das neueste Radion enth\u00e4lt einen neuen LED-Cluster zusammen mit einem optischen Hybrid Hemispherically Edge Illuminating-System, wodurch die F\u00e4higkeiten des Radion von den besten seiner Klasse zu wirklich au\u00dfergew\u00f6hnlichen Leistungen angehoben werden.<\/p>\n<h3><strong>Ob Blue oder Pro, EcoTech zielt darauf ab, das Beste zu liefern, was die Technologie zu bieten hat.<\/strong><\/h3>\n<p>In Ihrem Aquarium werden Sie sattere Farben, verbesserte Fluoreszenz und die perfekte Harmonie zwischen klarem und aktinischem Licht genie\u00dfen. Seit seiner Markteinf\u00fchrung hat das Radion den Ma\u00dfstab f\u00fcr LED-Vollspektrumbeleuchtung f\u00fcr Aquarien gesetzt. Die sechste Generation erweitert die Grenzen der Farbwiedergabe und Fluoreszenz und beh\u00e4lt gleichzeitig die bekannte Flexibilit\u00e4t bei, die Benutzer sch\u00e4tzen.<\/p>\n<p>Mit zus\u00e4tzlichen 395-nm-Dioden taucht das G6 tiefer in das UV-Spektrum ein und erreicht ein neues Fluoreszenzniveau f\u00fcr Korallen und Fische. Sowohl das Blue- als auch das Pro-Modell verf\u00fcgen au\u00dferdem \u00fcber eine neu ausbalancierte Mischung aus Farbkan\u00e4len und LEDs (Dioden), um die flexibelsten und ausgewogensten Spektren zu bieten, die f\u00fcr die Aquarienbeleuchtung verf\u00fcgbar sind.<\/p>\n<p><strong>Anatomie des G6-Spektrums<\/strong><\/p>\n<ul>\n<li><strong>395 nm:<\/strong> Schaltet zus\u00e4tzliche Fluoreszenz bei Fischen und Korallen frei.<\/li>\n<li><strong>400\u2013450 nm:<\/strong> Die Neuausbalancierung des Clusters mit mehr Blau und tiefem Blau verbessert die Fluoreszenz, die Farbwiedergabe und bietet ein neues Ma\u00df an Abstimmbarkeit im blauen Spektrum, das von klar bis aktinisch reicht.<\/li>\n<li><strong>460\u2013580 nm:<\/strong> Die Reduzierung der spektralen Leistung im mittleren Bereich beh\u00e4lt den Farbausdruck bei der Pigmentierung bei und erm\u00f6glicht gleichzeitig die Nutzung von mehr Watt f\u00fcr photosynthetisch vorteilhafte und optisch ansprechende Ergebnisse.<\/li>\n<li><strong>665 nm:<\/strong> Die Verwendung langwelliger Dioden sorgt effektiv f\u00fcr eine Lichtleistung, die f\u00fcr die Korallenphotosynthese n\u00fctzlich ist sowie visueller Farbausgleich.<\/li>\n<\/ul>\n<h2>RADION HAT ALLES<\/h2>\n<h4><strong>ABER WIE SIEHT IHR TANK AUS?<\/strong><\/h4>\n<p>Besser als je zuvor! Das G6 Hybrid Hemispherically Edge Illuminating (HEI2)-Optiksystem erzeugt zusammen mit der LED-Platzierung und dem LED-Design einen wundersch\u00f6nen Schimmer, eine ausgezeichnete Farbmischung, ein unglaublich gleichm\u00e4\u00dfiges PAR und eine au\u00dfergew\u00f6hnliche Streuung. Au\u00dferdem k\u00f6nnen Sie den Blauton sogar nach Ihren W\u00fcnschen anpassen.<\/p>\n<h5>Was bevorzugen Sie: Professional Balance oder Extreme Blue?<\/h5>\n<ul>\n<li><i class=\"fa fa-check2 text-color-339225-color\"><\/i>Umwerfende Ausbreitung<\/li>\n<li><i class=\"fa fa-check2 text-color-339225-color\"><\/i>Ultimative Fluoreszenz<\/li>\n<li><i class=\"fa fa-check2 text-color-339225-color\"><\/i>Intensive Vollspektrumfarbe<\/li>\n<li><i class=\"fa fa-check2 text-color-339225-color\"><\/i>Vollst\u00e4ndig programmierbar<\/li>\n<li><i class=\"fa fa-check2 text-color-339225-color\"><\/i>Drahtlose Steuerung<\/li>\n<li><i class=\"fa fa-check2 text-color-339225-color\"><\/i>Mondlicht<\/li>\n<li><i class=\"fa fa-check2 text-color-339225-color\"><\/i>Wettersimulation<\/li>\n<li><i class=\"fa fa-check2 text-color-339225-color\"><\/i>Technologisch \u00fcberlegenes Design<\/li>\n<li><i class=\"fa fa-check2 text-color-339225-color\"><\/i>Komponenten in Premiumqualit\u00e4t<\/li>\n<li><i class=\"fa fa-check2 text-color-339225-color\"><\/i>Un\u00fcbertroffener Support und Service<\/li>\n<li><i class=\"fa fa-check2 text-color-339225-color\"><\/i>Umfangreiche Montageoptionen<\/li>\n<li><i class=\"fa fa-check2 text-color-339225-color\"><\/i>Optionaler Diffusor Zubeh\u00f6r<\/li>\n<\/ul>\n<h5><strong>So weit gestreut, dass man es gesehen haben muss, um es zu glauben.<\/strong><\/h5>\n<p>Das Radion G6 erh\u00f6ht die Leistung von beeindruckenden 110,5 Grad im G5 auf erstaunliche 126,3 Grad. Diese Verbesserung wurde durch eine \u00c4nderung der Prim\u00e4roptik der LEDs erreicht, die sich in die Geometrie der vorhandenen HEI-Sekund\u00e4roptik (Linse) (Hemispherically Edge Illuminating) integriert.<\/p>\n<div class=\"uncode-single-media heiimage text-center\">\n<div class=\"single-wrapper\">\n<div class=\"tmb tmb-light tmb-media-first tmb-media-last tmb-content-overlay tmb-no-bg\">\n<div class=\"t-inside\">\n<div class=\"t-entry-visual\">\n<div class=\"t-entry-visual-tc\">\n<strong><span style=\"font-size: 14.4px;\">Hemispherical Edge Illumination<\/span><\/strong>\n<\/div>\n<\/div>\n<\/div>\n<\/div>\n<\/div>\n<\/div>\n<p>Radion ist ein Gewinner in der Kosten-Leistungs-Rechnung. Das optische HEI2-System bietet eine Leistung von 126,3 Grad, was zu einem unglaublich gleichm\u00e4\u00dfigen PAR \u00fcber eine Abdeckungsfl\u00e4che von fast 4 Fu\u00df f\u00fchrt. Damit ist es das Radion mit der h\u00f6chsten Durchschnittsleistung und m\u00f6glicherweise das effizienteste Aquarienlicht, das jemals hergestellt wurde.<\/p>\n<p><strong>RADION G6 Pro<\/strong><\/p>\n<p>Das Radion Pro ist unverzichtbar f\u00fcr die Beleuchtung \u00f6ffentlicher Aquarien, Aquakulturanlagen und Korallenzuchtlabors auf der ganzen Welt. Unser wichtigster Benutzer ist jedoch der anspruchsvolle Heimaquarianer. Der G6 PRO ist in seiner ausgewogenen Leistung un\u00fcbertroffen und setzt diese Tradition mit verbesserten F\u00e4higkeiten im blauen und UV-Spektrum und erstaunlicher zus\u00e4tzlicher Streuung fort!<\/p>\n<table>\n<tbody>\n<tr>\n<th colspan=\"2\">Abmessungen<\/th>\n<\/tr>\n<tr>\n<td>L\u00e4nge<\/td>\n<td>30 cm<\/td>\n<\/tr>\n<tr>\n<td>Breite<\/td>\n<td>18 cm<\/td>\n<\/tr>\n<tr>\n<td>H\u00f6he<\/td>\n<td>3,9 cm<\/td>\n<\/tr>\n<tr>\n<td>Gewicht<\/td>\n<td>2041 g<\/td>\n<\/tr>\n<\/tbody>\n<\/table>\n<table>\n<tbody>\n<tr>\n<th colspan=\"2\">Leistungsspezifikationen<\/th>\n<\/tr>\n<tr>\n<td>Leistung Verbrauch<\/td>\n<td><strong>215 W<\/strong><\/td>\n<\/tr>\n<tr>\n<td>Universeller Eingangsbereich<\/td>\n<td><strong>100-240 VAC, 50\/60 Hz<\/strong><\/td>\n<\/tr>\n<tr>\n<td>Spitzen-Einschaltstrom<\/td>\n<td><strong>4,0 A<\/strong><\/td>\n<\/tr>\n<\/tbody>\n<\/table>\n<table>\n<thead>\n<tr>\n<th colspan=\"2\">LEDs<\/th>\n<\/tr>\n<\/thead>\n<tbody>\n<tr>\n<td>\n<table border=\"0\" cellpadding=\"0\" cellspacing=\"0\" class=\"ledColors\">\n<tbody>\n<tr>\n<td rowspan=\"10\" width=\"60%\">\nFarben<br \/>\n<img loading=\"lazy\" decoding=\"async\" class=\"entered lazyloaded\" height=\"418\" src=\"https:\/\/ecotechmarine.com\/wp-content\/uploads\/2022\/04\/G6-30-Pro.webp\" width=\"154\"\/>\n<\/td>\n<td width=\"30%\"><strong>16 Kaltwei\u00df<\/strong><\/td>\n<\/tr>\n<tr>\n<td><strong>32 K\u00f6nigsblau<\/strong><\/td>\n<\/tr>\n<tr>\n<td><strong>16 Blau<\/strong><\/td>\n<\/tr>\n<tr>\n<td><strong>4 Rot<\/strong><\/td>\n<\/tr>\n<tr>\n<td><strong>6 Gr\u00fcn<\/strong><\/td>\n<\/tr>\n<tr>\n<td><strong>4 395 nm<\/strong><\/td>\n<\/tr>\n<tr>\n<td><strong>2 405 nm<\/strong><\/td>\n<\/tr>\n<tr>\n<td><strong>4 415 nm<\/strong><\/td>\n<\/tr>\n<tr>\n<td><strong>8 430 nm<\/strong><\/td>\n<\/tr>\n<tr>\n<td><strong>8 Warmwei\u00df<\/strong><\/td>\n<\/tr>\n<\/tbody>\n<\/table>\n<\/td>\n<\/tr>\n<\/tbody>\n<\/table>\n","protected":false},"excerpt":{"rendered":"<p>Ecotech Marine Radion XR30 G6 Pro Unbeatable in balanced output the G6 PRO with extra capability in the blue and UV spectrum and mind-blowing additional spread<\/p>\n","protected":false},"featured_media":84560,"template":"","meta":[],"pwb-brand":[2169],"product_cat":[1384],"product_tag":[],"class_list":{"0":"post-85151","1":"product","2":"type-product","3":"status-publish","4":"has-post-thumbnail","6":"pwb-brand-ecotech-marine","7":"product_cat-led-de","9":"first","10":"instock","11":"sale","12":"taxable","13":"shipping-taxable","14":"purchasable","15":"product-type-simple"},"acf":[],"brands":[{"id":2169,"name":"Ecotech Marine","slug":"ecotech-marine"}],"_links":{"self":[{"href":"https:\/\/www.seaflowerstore.com\/de\/wp-json\/wp\/v2\/product\/85151","targetHints":{"allow":["GET"]}}],"collection":[{"href":"https:\/\/www.seaflowerstore.com\/de\/wp-json\/wp\/v2\/product"}],"about":[{"href":"https:\/\/www.seaflowerstore.com\/de\/wp-json\/wp\/v2\/types\/product"}],"wp:featuredmedia":[{"embeddable":true,"href":"https:\/\/www.seaflowerstore.com\/de\/wp-json\/wp\/v2\/media\/84560"}],"wp:attachment":[{"href":"https:\/\/www.seaflowerstore.com\/de\/wp-json\/wp\/v2\/media?parent=85151"}],"wp:term":[{"taxonomy":"pwb-brand","embeddable":true,"href":"https:\/\/www.seaflowerstore.com\/de\/wp-json\/wp\/v2\/pwb-brand?post=85151"},{"taxonomy":"product_cat","embeddable":true,"href":"https:\/\/www.seaflowerstore.com\/de\/wp-json\/wp\/v2\/product_cat?post=85151"},{"taxonomy":"product_tag","embeddable":true,"href":"https:\/\/www.seaflowerstore.com\/de\/wp-json\/wp\/v2\/product_tag?post=85151"}],"curies":[{"name":"wp","href":"https:\/\/api.w.org\/{rel}","templated":true}]}}