{"id":85155,"date":"2022-11-07T11:53:04","date_gmt":"2022-11-07T10:53:04","guid":{"rendered":"https:\/\/www.seaflowerstore.com\/nl\/nyos-active-carb-1000ml\/"},"modified":"2022-11-07T11:53:04","modified_gmt":"2022-11-07T13:28:37","slug":"nyos-active-carb-1000ml","status":"publish","type":"product","link":"https:\/\/www.seaflowerstore.com\/de\/nyos-active-carb-1000ml\/","title":{"rendered":"NYOS Active Carb 1000ml"},"content":{"rendered":"<h2>NYOS Active Carb 1000ml is a high-quality, pH-neutral activated carbon<\/h2>\n<p>NYOS ACTIVE CARB ist eine ausgezeichnete Wahl f\u00fcr Ihre Aquarienbed\u00fcrfnisse. Diese hochwertige, dampfaktivierte, pH-neutrale Aktivkohle verhilft Ihnen zu kristallklarem und sauberem Aquarienwasser.<\/p>\n<p><strong>Hier die Vorteile auf einen Blick:<\/strong><\/p>\n<ul>\n<li>Entfernt effektiv sch\u00e4dliche Gelbstoffe, organische Verschmutzungen, Tr\u00fcbungen, Ger\u00fcche und Brennnesseltoxine.<\/li>\n<li>Verf\u00fcgt \u00fcber eine extrem hohe Bindungskapazit\u00e4t.<\/li>\n<li>Hergestellt aus hochwertigen, dampfaktivierten und pH-neutralen Materialien.<\/li>\n<li>Phosphat- und schwermetallarm.<\/li>\n<li>Ideal f\u00fcr S\u00fc\u00df- und Meerwasseraquarien.<\/li>\n<\/ul>\n<h4 class=\"text-center\">ANWENDUNG<\/h4>\n<p class=\"text-center\">Verwenden Sie 500 &#8211; 1000 ml (17-34 oz) pro 1000 l (250 gal).<\/p>\n","protected":false},"excerpt":{"rendered":"<p>NYOS Active Carb 1000ml\u00a0is a high-quality, pH-neutral steam-activated carbon<\/p>\n","protected":false},"featured_media":84551,"template":"","meta":[],"pwb-brand":[2209],"product_cat":[1394],"product_tag":[],"class_list":{"0":"post-85155","1":"product","2":"type-product","3":"status-publish","4":"has-post-thumbnail","6":"pwb-brand-nyos","7":"product_cat-aktivkohle","9":"first","10":"instock","11":"taxable","12":"shipping-taxable","13":"purchasable","14":"product-type-simple"},"acf":[],"brands":[{"id":2209,"name":"NYOS","slug":"nyos"}],"_links":{"self":[{"href":"https:\/\/www.seaflowerstore.com\/de\/wp-json\/wp\/v2\/product\/85155","targetHints":{"allow":["GET"]}}],"collection":[{"href":"https:\/\/www.seaflowerstore.com\/de\/wp-json\/wp\/v2\/product"}],"about":[{"href":"https:\/\/www.seaflowerstore.com\/de\/wp-json\/wp\/v2\/types\/product"}],"wp:featuredmedia":[{"embeddable":true,"href":"https:\/\/www.seaflowerstore.com\/de\/wp-json\/wp\/v2\/media\/84551"}],"wp:attachment":[{"href":"https:\/\/www.seaflowerstore.com\/de\/wp-json\/wp\/v2\/media?parent=85155"}],"wp:term":[{"taxonomy":"pwb-brand","embeddable":true,"href":"https:\/\/www.seaflowerstore.com\/de\/wp-json\/wp\/v2\/pwb-brand?post=85155"},{"taxonomy":"product_cat","embeddable":true,"href":"https:\/\/www.seaflowerstore.com\/de\/wp-json\/wp\/v2\/product_cat?post=85155"},{"taxonomy":"product_tag","embeddable":true,"href":"https:\/\/www.seaflowerstore.com\/de\/wp-json\/wp\/v2\/product_tag?post=85155"}],"curies":[{"name":"wp","href":"https:\/\/api.w.org\/{rel}","templated":true}]}}