{"id":85157,"date":"2022-11-03T16:39:23","date_gmt":"2022-11-03T15:46:05","guid":{"rendered":"https:\/\/www.seaflowerstore.com\/nl\/tropic-marin-bio-calcium\/"},"modified":"2022-11-03T16:39:23","modified_gmt":"2022-11-03T15:46:05","slug":"tropic-marin-bio-calcium","status":"publish","type":"product","link":"https:\/\/www.seaflowerstore.com\/de\/tropic-marin-bio-calcium\/","title":{"rendered":"Tropic Marin Bio-Calcium"},"content":{"rendered":"<h2>Tropic Marin Bio-Calcium ideal calcium supplement for reef aquariums using the Balling method<\/h2>\n<p>Calcium ist eines der lebensnotwendigen Elemente im Meerwasser, da es in Form von Kalziumkarbonat neben Kohlendioxid f\u00fcr das Skelett von Fischen und Korallen ben\u00f6tigt wird. Daher ist die Zugabe von Calcium in Riffaquarien unabdingbar, um insbesondere das gesunde Wachstum von Steinkorallen zu f\u00f6rdern und naturnahe Bedingungen zu schaffen.<\/p>\n<p>Mit Tropic Marin Bio-Calcium erh\u00e4lt Ihr Aquarium ausschlie\u00dflich Kohlendioxid und Calcium in biologisch optimaler Form, ausgerichtet an der Balling-Methode. Im Gegensatz zu anderen Kalziumpr\u00e4paraten st\u00f6rt Tropic Marin Bio-Calcium das Ionengleichgewicht nicht und der pH-Wert bleibt stabil.<\/p>\n<h3>Vorteile:<\/h3>\n<ul>\n<li><strong>Biologisch ideales Kalziumpr\u00e4parat<\/strong> f\u00fcr Riffaquarien nach der Balling-Methode<\/li>\n<li>Durch die kristalline Form gibt es nur eine Komponente statt der \u00fcblichen drei<\/li>\n<li>Liefert Kalzium und Alkalinit\u00e4t, ohne das Ionengleichgewicht zu st\u00f6ren<\/li>\n<li>Enth\u00e4lt alle 70 Spurenelemente, die in nat\u00fcrlichem Meerwasser vorkommen<\/li>\n<li>Keine unnat\u00fcrlichen Nebenprodukte<\/li>\n<li>Exakte Dosierung ohne vorheriges Aufl\u00f6sen<\/li>\n<li>Ver\u00e4ndert bei bestimmungsgem\u00e4\u00dfer Verwendung nicht den pH-Wert des Aquarienwassers<\/li>\n<li>Frei von Phosphaten und anderen Schadstoffen<\/li>\n<\/ul>\n<h3>Anwendung:<\/h3>\n<p>Bio-Calcium erh\u00f6ht sowohl den Kalzium- als auch Alkalinit\u00e4t gleichzeitig. Berechnen Sie zun\u00e4chst das gesamte Wasservolumen des Systems. Jeder gestrichene Messl\u00f6ffel erh\u00f6ht den Calciumgehalt von 10 US-Gallonen (36 Liter) um etwa 28 ppm und die Alkalinit\u00e4t um 4\u00b0 KH.<\/p>\n<p>Nat\u00fcrliches Meerwasser enth\u00e4lt etwa 410 ppm Calcium und eine Alkalinit\u00e4t von 6,5\u00b0 KH. Es ist ratsam, einen Calciumgehalt von 440 ppm und eine Alkalinit\u00e4t von 8\u00b0 KH nicht zu \u00fcberschreiten, um das Risiko einer \u00dcbers\u00e4ttigung und der anschlie\u00dfenden Ausf\u00e4llung von Calciumcarbonat zu vermeiden. Die maximal empfohlene Dosis betr\u00e4gt einen gestrichenen Messl\u00f6ffel pro 10 US-Gallonen (36 Liter) Aquarienwasser pro Tag.<\/p>\n<p>Zur Anwendung streuen Sie einen Messl\u00f6ffel voll Tropic Marin Bio-Calcium auf die Wasseroberfl\u00e4che, wo es von Ihrer Pumpe umgew\u00e4lzt wird. Achten Sie darauf, dass keine gr\u00f6\u00dferen Mengen ungel\u00f6sten Bio-Calciums mit Wirbellosen in Kontakt kommen. Geben Sie das Erg\u00e4nzungsmittel langsam hinzu, um eine Tr\u00fcbung durch lokale \u00dcbers\u00e4ttigung zu verhindern.<\/p>\n<div id=\"gt-c\" class=\"g-section\">\n<div id=\"gt-form-c\">\n<form id=\"gt-form\" action=\"https:\/\/www.tropic-marin.com\/\" autocomplete=\"off\" enctype=\"application\/x-www-form-urlencoded\" method=\"post\" name=\"text_form\">\n<div id=\"gt-text-all\">\n<div id=\"gt-main\">\n<div id=\"gt-text-c\">\n<div id=\"gt-text-top\">\n<div id=\"gt-res-c\" class=\"g-unit\">\n<div id=\"gt-res-p\">\n<div id=\"gt-res-data\">\n<div id=\"gt-res-wrap\">\n<div id=\"gt-res-content\">\n<div dir=\"ltr\">\n<span id=\"result_box\" lang=\"en\">Mit der Zeit nimmt das spezifische Gewicht des Wassers kann leicht ansteigen. <span class=\"alt-edited\">Bitte \u00fcberpr\u00fcfen Sie daher regelm\u00e4\u00dfig das spezifische Gewicht.<\/span><\/span>\n<\/div>\n<\/div>\n<\/div>\n<\/div>\n<\/div>\n<\/div>\n<\/div>\n<\/div>\n<\/div>\n<\/div>\n<\/div>\n<\/div>\n<\/div>\n<\/form>\n<\/div>\n<\/div>\n","protected":false},"excerpt":{"rendered":"<p>Tropic Marin Bio-Calcium ideal calcium supplement for reef aquariums using the Balling method<\/p>\n","protected":false},"featured_media":84549,"template":"","meta":[],"pwb-brand":[2151],"product_cat":[1391],"product_tag":[],"class_list":{"0":"post-85157","1":"product","2":"type-product","3":"status-publish","4":"has-post-thumbnail","6":"pwb-brand-tropic-marin","7":"product_cat-ergaenzungen","8":"pa_inhoud-1800-gr-de","9":"pa_inhoud-500-gr-de","11":"first","12":"instock","13":"taxable","14":"shipping-taxable","15":"purchasable","16":"product-type-variable"},"acf":[],"brands":[{"id":2151,"name":"Tropic Marin","slug":"tropic-marin"}],"_links":{"self":[{"href":"https:\/\/www.seaflowerstore.com\/de\/wp-json\/wp\/v2\/product\/85157","targetHints":{"allow":["GET"]}}],"collection":[{"href":"https:\/\/www.seaflowerstore.com\/de\/wp-json\/wp\/v2\/product"}],"about":[{"href":"https:\/\/www.seaflowerstore.com\/de\/wp-json\/wp\/v2\/types\/product"}],"wp:featuredmedia":[{"embeddable":true,"href":"https:\/\/www.seaflowerstore.com\/de\/wp-json\/wp\/v2\/media\/84549"}],"wp:attachment":[{"href":"https:\/\/www.seaflowerstore.com\/de\/wp-json\/wp\/v2\/media?parent=85157"}],"wp:term":[{"taxonomy":"pwb-brand","embeddable":true,"href":"https:\/\/www.seaflowerstore.com\/de\/wp-json\/wp\/v2\/pwb-brand?post=85157"},{"taxonomy":"product_cat","embeddable":true,"href":"https:\/\/www.seaflowerstore.com\/de\/wp-json\/wp\/v2\/product_cat?post=85157"},{"taxonomy":"product_tag","embeddable":true,"href":"https:\/\/www.seaflowerstore.com\/de\/wp-json\/wp\/v2\/product_tag?post=85157"}],"curies":[{"name":"wp","href":"https:\/\/api.w.org\/{rel}","templated":true}]}}