{"id":85160,"date":"2022-11-01T17:33:54","date_gmt":"2022-11-01T16:33:54","guid":{"rendered":"https:\/\/www.seaflowerstore.com\/nl\/tropic-marin-elimi-phos-rapid-500ml\/"},"modified":"2025-04-20T20:15:57","modified_gmt":"2025-04-20T18:15:57","slug":"tropic-marin-elimi-phos-rapid-500ml","status":"publish","type":"product","link":"https:\/\/www.seaflowerstore.com\/de\/tropic-marin-elimi-phos-rapid-500ml\/","title":{"rendered":"Tropic Marin Elimi-Phos Rapid &#8211;  500ml"},"content":{"rendered":"<h2>Tropic Marin Elimi-Phos Rapid &#8211;  500ml<\/h2>\n<p>Tropic Marin Elimi-Phos Rapid ist ein extrem schneller Phosphatl\u00f6ser. Hohe Phosphatwerte in Ihrem Aquarium k\u00f6nnen zu starkem Algenwachstum f\u00fchren und das Wachstum von Korallen und Wasserpflanzen behindern. Daher ist es wichtig, den Phosphatgehalt regelm\u00e4\u00dfig zu \u00fcberwachen und ihn im idealen Bereich f\u00fcr Ihr Wasserleben zu halten. Der optimale Phosphatgehalt im Meerwasser liegt zwischen 0,02 und 0,15 mg\/l, w\u00e4hrend er f\u00fcr Riffaquarien zwischen 0,03 und 0,1 mg\/l liegt. Phosphatablagerungen k\u00f6nnen aus verschiedenen Quellen wie Nahrungsmitteln und Nahrungserg\u00e4nzungsmitteln entstehen, daher ist es manchmal notwendig, umgehend Ma\u00dfnahmen zu ergreifen, um diese Werte zu senken.<\/p>\n<p>Tropic Marin Elimi-Phos Rapid ist eine hochwirksame L\u00f6sung, die Lanthan verwendet, um Phosphate schnell zu binden und aus dem Wasser zu entfernen. Dadurch k\u00f6nnen Sie die Phosphatkonzentration in k\u00fcrzester Zeit effizient auf einen Bereich von 0,2\u20130,4 mg\/l (ppm) senken.<\/p>\n<p>Dieses Produkt ist sowohl f\u00fcr S\u00fc\u00df- als auch f\u00fcr Salzwasseraquarien geeignet.<\/p>\n<ul>\n<li>Extrem schnelle Entfernung hoher Phosphatkonzentrationen<\/li>\n<li>Hochwirksame L\u00f6sung auf Lanthanbasis<\/li>\n<li>Phosphatkonzentration kann schnell auf einen Bereich von 0,2 \u2013 0,4 mg\/l (ppm) gesenkt werden<\/li>\n<li>Tropic Marin Elimi-Phos Rapid enth\u00e4lt <strong>Lanthan<\/strong><\/li>\n<\/ul>\n<div id=\"comp-kocyb37v1\" class=\"_1ncY2\">\n<div data-mesh-id=\"comp-kocyb37v1inlineContent\" data-testid=\"inline-content\">\n<div data-mesh-id=\"comp-kocyb37v1inlineContent-gridContainer\" data-testid=\"mesh-container-content\">\n<div id=\"comp-kssljktn\" class=\"_1Q9if _3bcaz\" data-testid=\"richTextElement\">\n<h3>Anwendung &#038; Dosierung<\/h3>\n<\/div>\n<\/div>\n<\/div>\n<\/div>\n<p>Messen Sie zun\u00e4chst die Phosphatkonzentration in Ihrem Aquarium, um die ben\u00f6tigte Menge Tropic Marin Elimi-Phos Rapid zu bestimmen. Die Zugabe von 10 ml pro 100 l Aquarienwasser kann die Phosphatkonzentration um bis zu 1 mg\/l (ppm) senken. Es empfiehlt sich, die Phosphatkonzentration um maximal 0,1 mg\/l (ppm) pro Tag zu senken, d.h. maximal 1 ml Tropic Marin Elimi-Phos Rapid langsam auf 100 l Wasser zu verabreichen. Sobald der Phosphatwert den Zielbereich von 0,2\u20130,4 mg\/l (ppm) erreicht, kann durch den Einsatz des Adsorbergranulats <a href=\"https:\/\/www.tropic-marin-smartinfo.com\/elimi-phos-elimi-phos-longlife?lang=de\" target=\"_self\" rel=\"noopener nofollow\">Tropic Marin\u00ae Elimi-Phos Longlife<\/a> die Phosphatkonzentration weiter gesenkt, stabilisiert und auf einem konstant niedrigen Niveau gehalten werden.<\/p>\n<p>Wir empfehlen f\u00fcr Ihr Aquarium folgende Phosphatkonzentrationen:<\/p>\n<ul>\n<li>S\u00fc\u00dfwasser: &lt; 0,3\u20130,5 mg\/l (ppm)<\/li>\n<li>Meerwasser: 0,02\u20130,15 mg\/l (ppm)<\/li>\n<li>Riffaquarien: 0,03\u20130,1 mg\/l (ppm)<\/li>\n<\/ul>\n<p>Die Phosphatreduzierungsbehandlung funktioniert am besten in Tanks, die mit einem Absch\u00e4umer oder einem mechanischen Filter ausgestattet sind, der das ausgeflockte Phosphat effektiv aus dem System entfernt. Eine langsame, tropfenweise Zugabe mittels Dosierpumpe ist die ideale Methode.<\/p>\n<p><strong>Bitte beachten Sie folgende Hinweise:<\/strong><\/p>\n<ul>\n<li>Wenn Sie bei einzelnen Organismen, insbesondere bei Korallen, die an h\u00f6here Phosphatwerte gew\u00f6hnt sind, Anzeichen von Stress feststellen, sollten Sie die Behandlung f\u00fcr 1\u20132 Tage oder bis zum Abklingen der Symptome unterbrechen und dann mit der halben empfohlenen Dosis fortsetzen.<\/li>\n<li>\u00dcberwachen Sie die Alkalit\u00e4t, da diese gelegentlich leicht sinken kann.<\/li>\n<li>Alle Organismen ben\u00f6tigen eine geringe Menge Phosphat; ein Wert von 0,00 mg\/l (ppm) ist f\u00fcr ein Aquarium nicht ratsam. Verwenden Sie Tropic Marin Elimi-Phos Rapid daher nicht im \u00dcberma\u00df.<\/li>\n<\/ul>\n<p>Au\u00dferhalb der Reichweite von Kindern aufbewahren!<\/p>\n<p><strong>WARNUNG:<\/strong> <em>Die Verwendung von Elimi-Phos Rapid kann vorhandene Wirbelw\u00fcrmer der Gattungen Waminoa, Concolutriloba und m\u00f6glicherweise auch Wirbelw\u00fcrmer der Gattung Acropora sch\u00e4digen. Es ist ratsam, so viele Plattw\u00fcrmer wie m\u00f6glich vorsichtig abzusaugen, um die Freisetzung von Toxinen aus den Wirbelw\u00fcrmern zu minimieren.<\/em><\/p>\n","protected":false},"excerpt":{"rendered":"<p>Tropic Marin Elimi-Phos Rapid is a extremely rapid phosphate remover<\/p>\n","protected":false},"featured_media":84547,"template":"","meta":[],"pwb-brand":[2151],"product_cat":[1453],"product_tag":[],"class_list":{"0":"post-85160","1":"product","2":"type-product","3":"status-publish","4":"has-post-thumbnail","6":"pwb-brand-tropic-marin","7":"product_cat-nitrat-und-phosphatentferner","9":"first","10":"instock","11":"taxable","12":"shipping-taxable","13":"purchasable","14":"product-type-simple"},"acf":[],"brands":[{"id":2151,"name":"Tropic Marin","slug":"tropic-marin"}],"_links":{"self":[{"href":"https:\/\/www.seaflowerstore.com\/de\/wp-json\/wp\/v2\/product\/85160","targetHints":{"allow":["GET"]}}],"collection":[{"href":"https:\/\/www.seaflowerstore.com\/de\/wp-json\/wp\/v2\/product"}],"about":[{"href":"https:\/\/www.seaflowerstore.com\/de\/wp-json\/wp\/v2\/types\/product"}],"wp:featuredmedia":[{"embeddable":true,"href":"https:\/\/www.seaflowerstore.com\/de\/wp-json\/wp\/v2\/media\/84547"}],"wp:attachment":[{"href":"https:\/\/www.seaflowerstore.com\/de\/wp-json\/wp\/v2\/media?parent=85160"}],"wp:term":[{"taxonomy":"pwb-brand","embeddable":true,"href":"https:\/\/www.seaflowerstore.com\/de\/wp-json\/wp\/v2\/pwb-brand?post=85160"},{"taxonomy":"product_cat","embeddable":true,"href":"https:\/\/www.seaflowerstore.com\/de\/wp-json\/wp\/v2\/product_cat?post=85160"},{"taxonomy":"product_tag","embeddable":true,"href":"https:\/\/www.seaflowerstore.com\/de\/wp-json\/wp\/v2\/product_tag?post=85160"}],"curies":[{"name":"wp","href":"https:\/\/api.w.org\/{rel}","templated":true}]}}