{"id":85161,"date":"2022-11-01T14:58:55","date_gmt":"2022-11-01T14:03:29","guid":{"rendered":"https:\/\/www.seaflowerstore.com\/nl\/tropic-marin-elimi-phos-longlife\/"},"modified":"2022-11-01T14:58:55","modified_gmt":"2022-11-01T14:03:29","slug":"tropic-marin-elimi-phos-longlife","status":"publish","type":"product","link":"https:\/\/www.seaflowerstore.com\/de\/tropic-marin-elimi-phos-longlife\/","title":{"rendered":"Tropic Marin Elimi-Phos Longlife"},"content":{"rendered":"<h2>Tropic Marin Elimi-Phos Longlife highly effective removal of phosphates<\/h2>\n<p>Hohe Konzentrationen von Phosphaten und organischen Schadstoffen k\u00f6nnen zu unerw\u00fcnschtem Algenwachstum f\u00fchren und sich negativ auf die Gesundheit Ihrer Aquarienbewohner auswirken. Tropic Marin Elimi-Phos und Tropic Marin\u00ae Elimi-Phos Longlife Granulate bieten eine hochwirksame L\u00f6sung zur Entfernung von Phosphaten und organischen Schadstoffen in Salz- und S\u00fc\u00dfwasseraquarien. Die Phosphate binden sich fest an die Elimi-Phos- oder Elimi-Phos Longlife-Granulate und stellen sicher, dass sie niemals freigesetzt werden, selbst wenn die Granulate ihre volle Adsorptionskapazit\u00e4t erreicht haben.<\/p>\n<p>Beide Produkte senken den Phosphatgehalt in Ihrem Aquarium schnell, wobei Tropic Marin Elimi-Phos Longlife seine phosphatentfernenden Eigenschaften \u00fcber einen l\u00e4ngeren Zeitraum beibeh\u00e4lt. Neben der effektiven Entfernung von Phosphaten k\u00f6nnen Tropic Marin Elimi-Phos und Tropic Marin Elimi-Phos Longlife Aktivkohle ersetzen und so die allgemeine Wasserqualit\u00e4t in Ihrem Aquarium verbessern.<\/p>\n<p>Obwohl Tropic Marin\u00ae regelm\u00e4\u00dfige Wasserwechsel empfiehlt, um die Ansammlung unerw\u00fcnschter Verbindungen zu verhindern, ist die konsequente Verwendung von Tropic Marin\u00ae Elimi-Phos oder Tropic Marin\u00ae Elimi-Phos Longlife unerl\u00e4sslich, um die h\u00f6chste Wasserqualit\u00e4t in Ihrem Aquarium aufrechtzuerhalten.<\/p>\n<ul>\n<li>Zur Entfernung von Phosphaten und anderen organischen Schadstoffen in Aquarien<\/li>\n<li>Verhindert unerw\u00fcnschtes Algenwachstum<\/li>\n<li>Tropic Marin Elimi-Phos-Granulat besteht aus Aluminiumoxid<\/li>\n<li><strong>Tropic Marin Elimi-Phos Longlife besteht aus reinem, trockenem Eisenhydroxid-Granulat zur extralangen Entfernung von Phosphaten<\/strong><\/li>\n<li>Praktische Quick &#038; Clean-Filterbeutel f\u00fcr einfache und saubere Handhabung<\/li>\n<li>Geeignet f\u00fcr Filtersysteme oder zum freien Aufh\u00e4ngen im Becken<\/li>\n<li>Phosphate binden sich so stark an das Granulat, dass sie nie freigesetzt werden<\/li>\n<li>Verbessert die Wachstumsbedingungen f\u00fcr Korallen und andere Organismen<\/li>\n<li>Geeignet f\u00fcr S\u00fc\u00df- und Salzwasseraquarien<\/li>\n<\/ul>\n<div id=\"comp-kor4m1iv\" class=\"_1ncY2\">\n<div class=\"\" data-mesh-id=\"comp-kor4m1ivinlineContent\" data-testid=\"inline-content\">\n<div data-mesh-id=\"comp-kor4m1ivinlineContent-gridContainer\" data-testid=\"mesh-container-content\">\n<div id=\"comp-ksslp7sz\" class=\"_1Q9if _3bcaz\" data-testid=\"richTextElement\">\n<h3 class=\"font_2\">Anwendung &#038; Dosierung<\/h3>\n<\/div>\n<\/div>\n<\/div>\n<\/div>\n<p>Zur Anwendung geben Sie 100 g Tropic Marin\u00ae Elimi-Phos oder Tropic Marin\u00ae Elimi-Phos Longlife pro 200 l Gesamtwasservolumen des Aquariumsystems in das Becken und platzieren es im Filter oder an einem Ort mit starker Wasserzirkulation.<\/p>\n<p>Es ist ratsam, \u00c4nderungen in Ihrer Aquarienumgebung schrittweise vorzunehmen. Wenn die organische Belastung besonders hoch ist, beginnen Sie mit 100 g Tropic Marin Elimi-Phos oder Tropic Marin Elimi-Phos Longlife pro 500 l Systemvolumen und erh\u00f6hen Sie die Menge dann langsam auf die empfohlene Menge. Mit dieser Vorgehensweise k\u00f6nnen Sie Ihre empfindlicheren Pflanzen und Tiere sanft an die verbesserte Wasserqualit\u00e4t gew\u00f6hnen.<\/p>\n<p>F\u00fcr eine optimale Leistung mischen und sp\u00fclen Sie das Granulat einmal pro Woche kurz unter flie\u00dfendem Wasser. Tropic Marin Elimi-Phos und Tropic Marin Elimi-Phos Longlife k\u00f6nnen auch nach Erreichen ihrer Adsorptionskapazit\u00e4t im Aquarium verbleiben. Bei erneutem Anstieg des Phosphatgehalts ist das Granulat gem\u00e4\u00df den oben angegebenen Dosierungsrichtlinien auszutauschen.<\/p>\n<p><strong>Verf\u00fcgbare Gr\u00f6\u00dfen:<\/strong><\/p>\n<ul>\n<li>100 g f\u00fcr 200 l<\/li>\n<li>200 g f\u00fcr 400 l<\/li>\n<li>400 g f\u00fcr 800 l<\/li>\n<\/ul>\n","protected":false},"excerpt":{"rendered":"<p>Tropic Marin Elimi-Phos Longlife highly effective removal of phosphates<\/p>\n","protected":false},"featured_media":84544,"template":"","meta":[],"pwb-brand":[2151],"product_cat":[1453],"product_tag":[],"class_list":{"0":"post-85161","1":"product","2":"type-product","3":"status-publish","4":"has-post-thumbnail","6":"pwb-brand-tropic-marin","7":"product_cat-nitrat-und-phosphatentferner","8":"pa_inhoud-100-gr-de","9":"pa_inhoud-200-gr-de","10":"pa_inhoud-400-gr-de","12":"first","13":"instock","14":"taxable","15":"shipping-taxable","16":"purchasable","17":"product-type-variable"},"acf":[],"brands":[{"id":2151,"name":"Tropic Marin","slug":"tropic-marin"}],"_links":{"self":[{"href":"https:\/\/www.seaflowerstore.com\/de\/wp-json\/wp\/v2\/product\/85161","targetHints":{"allow":["GET"]}}],"collection":[{"href":"https:\/\/www.seaflowerstore.com\/de\/wp-json\/wp\/v2\/product"}],"about":[{"href":"https:\/\/www.seaflowerstore.com\/de\/wp-json\/wp\/v2\/types\/product"}],"wp:featuredmedia":[{"embeddable":true,"href":"https:\/\/www.seaflowerstore.com\/de\/wp-json\/wp\/v2\/media\/84544"}],"wp:attachment":[{"href":"https:\/\/www.seaflowerstore.com\/de\/wp-json\/wp\/v2\/media?parent=85161"}],"wp:term":[{"taxonomy":"pwb-brand","embeddable":true,"href":"https:\/\/www.seaflowerstore.com\/de\/wp-json\/wp\/v2\/pwb-brand?post=85161"},{"taxonomy":"product_cat","embeddable":true,"href":"https:\/\/www.seaflowerstore.com\/de\/wp-json\/wp\/v2\/product_cat?post=85161"},{"taxonomy":"product_tag","embeddable":true,"href":"https:\/\/www.seaflowerstore.com\/de\/wp-json\/wp\/v2\/product_tag?post=85161"}],"curies":[{"name":"wp","href":"https:\/\/api.w.org\/{rel}","templated":true}]}}