{"id":85165,"date":"2022-11-01T14:41:06","date_gmt":"2022-11-01T13:44:10","guid":{"rendered":"https:\/\/www.seaflowerstore.com\/nl\/tropic-marin-elimi-phos-200-g-for-400-l\/"},"modified":"2022-11-01T14:41:06","modified_gmt":"2022-11-01T13:44:10","slug":"tropic-marin-elimi-phos-200-g-for-400-l","status":"publish","type":"product","link":"https:\/\/www.seaflowerstore.com\/de\/tropic-marin-elimi-phos-200-g-for-400-l\/","title":{"rendered":"Tropic Marin Elimi-Phos &#8211; 200 g for 400 l"},"content":{"rendered":"<h2>Tropic Marin Elimi-Phos highly effective removal of phosphates<\/h2>\n<p>Hohe Konzentrationen von Phosphaten und organischen Schadstoffen k\u00f6nnen zu unerw\u00fcnschtem Algenwachstum f\u00fchren und sich negativ auf die Gesundheit Ihrer Aquarienbewohner auswirken. Tropic Marin Elimi-Phos-Granulate bieten eine effektive L\u00f6sung zur Entfernung von Phosphaten und organischen Schadstoffen in Salz- und S\u00fc\u00dfwasseraquarien.<\/p>\n<p>Die Phosphate binden sich so stark an die Elimi-Phos-Granulate, dass sie nicht freigesetzt werden, selbst wenn die Granulate ihre volle Adsorptionskapazit\u00e4t erreicht haben. Dieses Produkt reduziert den Phosphatgehalt in Ihrem Aquarium effizient und Tropic Marin\u00ae Elimi-Phos Longlife beh\u00e4lt seine phosphatentfernenden Eigenschaften \u00fcber einen l\u00e4ngeren Zeitraum.<\/p>\n<p>Neben der effektiven Entfernung von Phosphaten k\u00f6nnen Tropic Marin\u00ae Elimi-Phos und Tropic Marin\u00ae Elimi-Phos Longlife Aktivkohle ersetzen und so die allgemeine Wasserqualit\u00e4t Ihres Aquariums verbessern.<\/p>\n<p>Trotz dieser Produkte empfiehlt Tropic Marin regelm\u00e4\u00dfige Wasserwechsel, um die Ansammlung unerw\u00fcnschter Verbindungen zu verhindern. Die regelm\u00e4\u00dfige Anwendung von Tropic Marin Elimi-Phos tr\u00e4gt au\u00dferdem zur Erhaltung h\u00f6chster Wasserqualit\u00e4t in Ihrem Aquarium bei.<\/p>\n<ul>\n<li>Zur Entfernung von Phosphaten und anderen organischen Schadstoffen in Aquarien<\/li>\n<li>Verhindert unerw\u00fcnschtes Algenwachstum<\/li>\n<li>Tropic Marin Elimi-Phos-Granulat besteht aus <strong>Aluminiumoxid<\/strong><\/li>\n<li>Tropic Marin Elimi-Phos Longlife besteht aus reinem, trockenem Eisenhydroxid-Granulat zur verl\u00e4ngerten Phosphatentfernung<\/li>\n<li>Praktisches Quick &amp; Saubere Filterbeutel f\u00fcr einfache Handhabung<\/li>\n<li>Geeignet f\u00fcr Filtersysteme oder zum freien Aufh\u00e4ngen im Aquarium<\/li>\n<li>Phosphate binden sich fest an das Granulat und werden nicht freigesetzt<\/li>\n<li>Verbessern die Wachstumsbedingungen f\u00fcr Korallen und andere Organismen<\/li>\n<li>Geeignet f\u00fcr S\u00fc\u00df- und Salzwasseraquarien<\/li>\n<\/ul>\n<h3>Anwendung &#038; Dosierung<\/h3>\n<p>F\u00fcr optimale Ergebnisse geben Sie 100 g (3,5 oz.) Tropic Marin\u00ae Elimi-Phos oder Tropic Marin\u00ae Elimi-Phos Longlife pro 200 Liter (50 US-Gallonen) Gesamtwasservolumen des Aquariumsystems in das Aquarium. Positionieren Sie es im Filter oder in einem Bereich mit starker Wasserzirkulation.<\/p>\n<p>Es ist ratsam, alle \u00c4nderungen an Ihrer Aquarienumgebung langsam vorzunehmen. Wenn Ihr Aquarium eine hohe organische Belastung aufweist, beginnen Sie mit 100 g (3,5 oz.) Tropic Marin\u00ae Elimi-Phos oder Tropic Marin\u00ae Elimi-Phos Longlife pro 500 Liter (130 US-Gallonen) Systemvolumen und steigern Sie die Menge allm\u00e4hlich bis zum empfohlenen Maximum. Auf diese Weise k\u00f6nnen sich Ihre empfindlicheren Pflanzen und Tiere an die verbesserte Wasserqualit\u00e4t anpassen.<\/p>\n<p>Um die beste Leistung des Granulats zu gew\u00e4hrleisten, mischen und sp\u00fclen Sie es einmal pro Woche kurz unter flie\u00dfendem Wasser. Tropic Marin\u00ae Elimi-Phos und Tropic Marin\u00ae Elimi-Phos Longlife k\u00f6nnen auch nach Erreichen ihrer Adsorptionskapazit\u00e4t im Aquarium verbleiben. Wenn der Phosphatgehalt wieder zu steigen beginnt, ersetzen Sie das Tropic Marin\u00ae Elimi-Phos oder Tropic Marin\u00ae Elimi-Phos Longlife gem\u00e4\u00df den oben genannten Dosierungsrichtlinien.<\/p>\n","protected":false},"excerpt":{"rendered":"<p>Tropic Marin Elimi-Phos highly effective removal of phosphates<\/p>\n","protected":false},"featured_media":84543,"template":"","meta":[],"pwb-brand":[2151],"product_cat":[1453],"product_tag":[],"class_list":{"0":"post-85165","1":"product","2":"type-product","3":"status-publish","4":"has-post-thumbnail","6":"pwb-brand-tropic-marin","7":"product_cat-nitrat-und-phosphatentferner","9":"first","10":"instock","11":"taxable","12":"shipping-taxable","13":"purchasable","14":"product-type-simple"},"acf":[],"brands":[{"id":2151,"name":"Tropic Marin","slug":"tropic-marin"}],"_links":{"self":[{"href":"https:\/\/www.seaflowerstore.com\/de\/wp-json\/wp\/v2\/product\/85165","targetHints":{"allow":["GET"]}}],"collection":[{"href":"https:\/\/www.seaflowerstore.com\/de\/wp-json\/wp\/v2\/product"}],"about":[{"href":"https:\/\/www.seaflowerstore.com\/de\/wp-json\/wp\/v2\/types\/product"}],"wp:featuredmedia":[{"embeddable":true,"href":"https:\/\/www.seaflowerstore.com\/de\/wp-json\/wp\/v2\/media\/84543"}],"wp:attachment":[{"href":"https:\/\/www.seaflowerstore.com\/de\/wp-json\/wp\/v2\/media?parent=85165"}],"wp:term":[{"taxonomy":"pwb-brand","embeddable":true,"href":"https:\/\/www.seaflowerstore.com\/de\/wp-json\/wp\/v2\/pwb-brand?post=85165"},{"taxonomy":"product_cat","embeddable":true,"href":"https:\/\/www.seaflowerstore.com\/de\/wp-json\/wp\/v2\/product_cat?post=85165"},{"taxonomy":"product_tag","embeddable":true,"href":"https:\/\/www.seaflowerstore.com\/de\/wp-json\/wp\/v2\/product_tag?post=85165"}],"curies":[{"name":"wp","href":"https:\/\/api.w.org\/{rel}","templated":true}]}}