{"id":85166,"date":"2022-11-01T14:27:25","date_gmt":"2022-11-01T13:28:14","guid":{"rendered":"https:\/\/www.seaflowerstore.com\/nl\/tropic-marin-pro-coral-mineral-250gr\/"},"modified":"2022-11-01T14:27:25","modified_gmt":"2022-11-01T13:28:14","slug":"tropic-marin-pro-coral-mineral-250gr","status":"publish","type":"product","link":"https:\/\/www.seaflowerstore.com\/de\/tropic-marin-pro-coral-mineral-250gr\/","title":{"rendered":"Tropic Marin Pro-Coral Mineral &#8211; 250gr"},"content":{"rendered":"<h2>Tropic Marin Pro-Coral Mineral crystallized trace elements to stimulate coral growth<\/h2>\n<p>In einem Meerwasseraquarium mit vielen Wirbellosen, insbesondere riffbildenden Steinkorallen, werden die Spurenelemente im Wasser schnell aufgebraucht. Die Konzentrationen von Makroelementen wie Natrium, Chlor, Kalium und Sulfat bleiben dagegen eher stabil. Ein Mangel an Spurenelementen und das daraus resultierende Ungleichgewicht der nat\u00fcrlichen Ionenkonzentrationen kann zu Wachstumsst\u00f6rungen und Entwicklungsst\u00f6rungen der Organismen f\u00fchren.<\/p>\n<p>Pro-Coral Mineral liefert die Spurenelemente des bekannten Tropic Marin Meersalzes in kristalliner, hochkonzentrierter Form und schafft so optimale Lebensbedingungen f\u00fcr alle Wirbellosen \u00fcber den regelm\u00e4\u00dfigen Wasserwechsel hinaus.<\/p>\n<ul>\n<li>Enth\u00e4lt alle Spurenelemente des Meeres in hochkonzentrierter Form<\/li>\n<li>F\u00f6rdert Wachstum, Farbintensit\u00e4t und Widerstandskraft von Wirbellosen<\/li>\n<li>Besonders geeignet f\u00fcr Meerwasseraquarien mit hohem Wirbellosenbestand<\/li>\n<li>Enth\u00e4lt Jod und Strontium<\/li>\n<li>Frei von Chelaten, Phosphaten und Nitraten<\/li>\n<\/ul>\n<div id=\"comp-kolag6sl\">\n<strong>Zutaten:<\/strong> Spurenelemente, Magnesiumsalze, Jodid<\/p>\n<div id=\"comp-kolag6u6\" class=\"_1Q9if _3bcaz\" data-testid=\"richTextElement\">\n<h3>Anwendung &#038; Dosierung<\/h3>\n<p><strong>Dosierung:<\/strong> W\u00f6chentlich 1 gestrichenen Messl\u00f6ffel (5 ml) pro 100 Liter Aquarienwasser zugeben. Dadurch erh\u00f6ht sich der Strontiumgehalt um ca. 0,8 mg pro Liter und der Jodgehalt um ca. 0,04 mg pro Liter. Eine 250 g Dose reicht f\u00fcr ca. 5.000 Liter Aquarienwasser.<\/p>\n<p><strong>Maximale Dosierung:<\/strong> Keinesfalls 2 Messl\u00f6ffel pro 100 Liter w\u00f6chentlich \u00fcberschreiten.<\/p>\n<p><strong>Anwendung:<\/strong> Tropic Marin\u00ae Pro-Coral Mineral vorsichtig im Filterbereich des Aquariums zugeben und dabei ausreichend Abstand zur Pumpe einhalten. Alternativ k\u00f6nnen Sie einen Messl\u00f6ffel in 250 ml Umkehrosmosewasser aufl\u00f6sen und dann in das Aquarium geben.<\/p>\n<\/div>\n<\/div>\n<p>Wir empfehlen die w\u00f6chentliche Anwendung von <strong>Tropic Marin Reef Actif<\/strong>, um das Polypenwachstum zu f\u00f6rdern und sicherzustellen, dass die Korallen ihre ideale F\u00e4rbung erreichen.<\/p>\n","protected":false},"excerpt":{"rendered":"<p>Tropic Marin Pro-Coral Mineral crystallized trace elements to stimulate coral growth<\/p>\n","protected":false},"featured_media":84542,"template":"","meta":[],"pwb-brand":[2151],"product_cat":[1391],"product_tag":[],"class_list":{"0":"post-85166","1":"product","2":"type-product","3":"status-publish","4":"has-post-thumbnail","6":"pwb-brand-tropic-marin","7":"product_cat-ergaenzungen","9":"first","10":"instock","11":"taxable","12":"shipping-taxable","13":"purchasable","14":"product-type-simple"},"acf":[],"brands":[{"id":2151,"name":"Tropic Marin","slug":"tropic-marin"}],"_links":{"self":[{"href":"https:\/\/www.seaflowerstore.com\/de\/wp-json\/wp\/v2\/product\/85166","targetHints":{"allow":["GET"]}}],"collection":[{"href":"https:\/\/www.seaflowerstore.com\/de\/wp-json\/wp\/v2\/product"}],"about":[{"href":"https:\/\/www.seaflowerstore.com\/de\/wp-json\/wp\/v2\/types\/product"}],"wp:featuredmedia":[{"embeddable":true,"href":"https:\/\/www.seaflowerstore.com\/de\/wp-json\/wp\/v2\/media\/84542"}],"wp:attachment":[{"href":"https:\/\/www.seaflowerstore.com\/de\/wp-json\/wp\/v2\/media?parent=85166"}],"wp:term":[{"taxonomy":"pwb-brand","embeddable":true,"href":"https:\/\/www.seaflowerstore.com\/de\/wp-json\/wp\/v2\/pwb-brand?post=85166"},{"taxonomy":"product_cat","embeddable":true,"href":"https:\/\/www.seaflowerstore.com\/de\/wp-json\/wp\/v2\/product_cat?post=85166"},{"taxonomy":"product_tag","embeddable":true,"href":"https:\/\/www.seaflowerstore.com\/de\/wp-json\/wp\/v2\/product_tag?post=85166"}],"curies":[{"name":"wp","href":"https:\/\/api.w.org\/{rel}","templated":true}]}}