{"id":85167,"date":"2022-11-01T14:13:54","date_gmt":"2022-11-01T13:16:11","guid":{"rendered":"https:\/\/www.seaflowerstore.com\/nl\/tropic-marin-o-megavital-micro-60-g\/"},"modified":"2022-11-01T14:13:54","modified_gmt":"2022-11-01T13:16:11","slug":"tropic-marin-o-megavital-micro-60-g","status":"publish","type":"product","link":"https:\/\/www.seaflowerstore.com\/de\/tropic-marin-o-megavital-micro-60-g\/","title":{"rendered":"Tropic Marin O-Megavital Micro &#8211; 60 g"},"content":{"rendered":"<h2>Tropic Marin O-Megavital Micro powdered food for juvenile fish and filter feeders<\/h2>\n<p>Wir pr\u00e4sentieren Tropic Marin\u00ae O-Megavital Micro! Dieses hochwertige Pulverfutter wurde speziell f\u00fcr Jungfische und Filtrierer entwickelt. Herk\u00f6mmliche Granulate k\u00f6nnen f\u00fcr diese kleineren Lebewesen zu gro\u00df sein, aber mit seinem hohen Gehalt an mehrfach unges\u00e4ttigten Fetts\u00e4uren und Proteinen ist O-Megavital Micro die perfekte L\u00f6sung. Inhaltsstoffe wie Fisch\u00f6l und skandinavischer Wildfisch machen es f\u00fcr Jungfische und Krustentiere sehr attraktiv und f\u00f6rdern schnelles Wachstum und gesteigerte Kraft.<\/p>\n<p>Mit einem beeindruckenden Energiegehalt von 5.250 kcal\/kg ist Tropic Marin\u00ae O-Megavital Micro hocheffizient und tr\u00e4gt dazu bei, eine niedrige N\u00e4hrstoffbelastung im Wasser aufrechtzuerhalten. Dadurch gedeihen die Jungfische nicht nur, sondern wachsen auch schnell.<\/p>\n<p>Dieses Produkt dient als Alleinfuttermittel und ist auch mit Futterautomaten kompatibel, was es zu einer praktischen Wahl f\u00fcr vielbesch\u00e4ftigte Aquarianer macht.<\/p>\n<ul>\n<li>Ausgewogenes Alleinfuttermittel f\u00fcr kleine Meeresjungfische und Filtrierer (Korallen)<\/li>\n<li>Enth\u00e4lt Meeresalgen, Jod und Spurenelemente<\/li>\n<li>Reich an unges\u00e4ttigten Fetts\u00e4uren und Vitaminen<\/li>\n<li>Fisch\u00f6le liefern die notwendige Energie und minimieren die Wasserverschmutzung<\/li>\n<li>Besonders schonend hergestellt<\/li>\n<li>Hoher Energiegehalt von 5.250 kcal\/kg<\/li>\n<li>Mit Futterautomaten kompatibel<\/li>\n<\/ul>\n<p><strong>Zusammensetzung:<\/strong> Fischmehl 43 %, Fisch\u00f6l 13 %, Sojaprotein, Maisprotein, Erbsenprotein, Weizen, Meeresalgenmehl 2 %, Hefe. <strong>Zusatzstoffe:<\/strong> E672 Vitamin A (75.000 IE\/kg), E671 Vitamin D3 (1.500 IE\/kg), E300 Vitamin C (500 mg\/kg), E307 Vitamin E (260 mg\/kg). <\/p>\n<p><strong>Analyse:<\/strong> Rohprotein 54%, Rohfett 18%, Rohasche 8%, Rohfaser 1,5%, Wasser 8%, Phosphor 1,3%, Jod 0,1%, (n-3) mehrfach unges\u00e4ttigte Fetts\u00e4uren (HUFA) 25 mg\/kg. <\/p>\n<p><strong>Energiewert:<\/strong> 22.000 kJ\/kg.<\/p>\n<h4><strong>F\u00fctterungsempfehlung:<\/strong> Mehrmals t\u00e4glich f\u00fcttern und dabei so viel Futter ins Wasser geben, wie die Fische in kurzer Zeit aufnehmen k\u00f6nnen.<\/h4>\n","protected":false},"excerpt":{"rendered":"<p>Tropic Marin O-Megavital Micro powdered food for juvenile fish and filter feeders<\/p>\n","protected":false},"featured_media":84541,"template":"","meta":[],"pwb-brand":[2151],"product_cat":[1438,1436],"product_tag":[],"class_list":{"0":"post-85167","1":"product","2":"type-product","3":"status-publish","4":"has-post-thumbnail","6":"pwb-brand-tropic-marin","7":"product_cat-fischfutter","8":"product_cat-korallenfutter","10":"first","11":"instock","12":"taxable","13":"shipping-taxable","14":"purchasable","15":"product-type-simple"},"acf":[],"brands":[{"id":2151,"name":"Tropic Marin","slug":"tropic-marin"}],"_links":{"self":[{"href":"https:\/\/www.seaflowerstore.com\/de\/wp-json\/wp\/v2\/product\/85167","targetHints":{"allow":["GET"]}}],"collection":[{"href":"https:\/\/www.seaflowerstore.com\/de\/wp-json\/wp\/v2\/product"}],"about":[{"href":"https:\/\/www.seaflowerstore.com\/de\/wp-json\/wp\/v2\/types\/product"}],"wp:featuredmedia":[{"embeddable":true,"href":"https:\/\/www.seaflowerstore.com\/de\/wp-json\/wp\/v2\/media\/84541"}],"wp:attachment":[{"href":"https:\/\/www.seaflowerstore.com\/de\/wp-json\/wp\/v2\/media?parent=85167"}],"wp:term":[{"taxonomy":"pwb-brand","embeddable":true,"href":"https:\/\/www.seaflowerstore.com\/de\/wp-json\/wp\/v2\/pwb-brand?post=85167"},{"taxonomy":"product_cat","embeddable":true,"href":"https:\/\/www.seaflowerstore.com\/de\/wp-json\/wp\/v2\/product_cat?post=85167"},{"taxonomy":"product_tag","embeddable":true,"href":"https:\/\/www.seaflowerstore.com\/de\/wp-json\/wp\/v2\/product_tag?post=85167"}],"curies":[{"name":"wp","href":"https:\/\/api.w.org\/{rel}","templated":true}]}}