{"id":85168,"date":"2022-11-01T13:54:37","date_gmt":"2022-11-01T12:54:38","guid":{"rendered":"https:\/\/www.seaflowerstore.com\/nl\/tropic-marin-o-megavital-1-5-mm\/"},"modified":"2022-11-01T13:54:37","modified_gmt":"2022-11-01T12:54:38","slug":"tropic-marin-o-megavital-1-5-mm","status":"publish","type":"product","link":"https:\/\/www.seaflowerstore.com\/de\/tropic-marin-o-megavital-1-5-mm\/","title":{"rendered":"Tropic Marin O-Megavital 1.5 mm"},"content":{"rendered":"<h2>Tropic Marin O-Megavital 1.5 mm Energy-rich granulate for seawater fishes<\/h2>\n<p class=\"font_8\">In freier Wildbahn haben Fische die Freiheit, aus einem abwechslungsreichen Speiseplan das schmackhafteste und ges\u00fcndeste Futter auszuw\u00e4hlen. Deshalb brauchen anspruchsvolle Meerwasserfische in Ihrem Aquarium hochwertiges Futter, das eine ausgewogene Mischung aus N\u00e4hrstoffen und Vitaminen bietet.<\/p>\n<p class=\"font_8\">Tropic Marin O-Megavital ist ein Premium-Granulatfutter aus hochwertigem skandinavischem Wildfisch und Meeresalgen. Unsere schonenden Produktionsmethoden stellen sicher, dass die lebenswichtigen Vitamine, hochunges\u00e4ttigten Fetts\u00e4uren und die nat\u00fcrlichen Aromen des Futters erhalten bleiben. Die Meeresalgen in Tropic Marin O-Megavital decken den Jod- und Spurenelementbedarf der Fische und unterst\u00fctzen gleichzeitig ihre nat\u00fcrliche Darmflora.<\/p>\n<p class=\"font_8\">Mit diesem Futter bleiben Ihre Fische energiegeladen und zeigen ihre leuchtenden Farben wundersch\u00f6n. Die sorgf\u00e4ltig ausgew\u00e4hlten Fisch\u00f6le liefern die notwendige Energie, minimieren gleichzeitig die Stoffwechselbelastung und reduzieren die Wasserbelastung durch Ammonium und andere Abbauprodukte. Dieses Granulat ist langzeitstabil und sinkt langsam ab, sodass Fische in unterschiedlichen Tiefen ausreichend mit N\u00e4hrstoffen versorgt werden.<\/p>\n<ul>\n<li>Ausgewogene Alleinnahrung f\u00fcr Meerwasserzierfische<\/li>\n<li>Enth\u00e4lt Meeresalgen, Jod und Spurenelemente<\/li>\n<li>Reich an unges\u00e4ttigten Fetts\u00e4uren und Vitaminen<\/li>\n<li>Fisch\u00f6le liefern die n\u00f6tige Energie und helfen, die Wasserverschmutzung zu reduzieren<\/li>\n<li>Schonend hergestellt<\/li>\n<li>Fische zeigen sch\u00f6ne Farben und Lebendigkeit<\/li>\n<li>Erh\u00e4ltlich in den K\u00f6rnungen 1,0 mm und 1,5 mm<\/li>\n<li>Granulat bleibt langzeitstabil und sinkt sehr langsam<\/li>\n<\/ul>\n<p class=\"font_8\"><strong>Zutaten:<\/strong> Fischmehl 43%, Fisch\u00f6l 13%, Sojaprotein, Maisprotein, Erbsenprotein, Weizen, Seealgenmehl 2 %, Hefe.<\/p>\n<p class=\"font_8\"><strong>Zusatzstoffe:<\/strong> E672 Vitamin A (75000 IE\/kg), E671 Vitamin D3 (1500 IE\/kg), E300 Vitamin C (500 mg\/kg), E307 Vitamin E (260 mg\/kg)<\/p>\n<p class=\"font_8\"><strong>Analyse:<\/strong> Rohprotein 54 %, Rohfett 18 %, Rohasche 8 %, Rohfaser 1,5 %, Wasser 8 %, Phosphor 1,3 %, Jod 0,1 %, (n-3) mehrfach unges\u00e4ttigte Fetts\u00e4uren (HUFA) 25 mg\/kg<\/p>\n<p class=\"font_8\">Brennwert: 22000 kJ\/kg<\/p>\n<div id=\"comp-koli3jyz\" class=\"_1ncY2\">\n<div class=\"\" data-mesh-id=\"comp-koli3jyzinlineContent\" data-testid=\"inline-content\">\n<div data-mesh-id=\"comp-koli3jyzinlineContent-gridContainer\" data-testid=\"mesh-container-content\">\n<div id=\"comp-ksrizurr\" class=\"_1Q9if _3bcaz\" data-testid=\"richTextElement\">\n<h3 class=\"font_2\">Anwendung &#038; Dosierung<\/h3>\n<\/div>\n<\/div>\n<\/div>\n<\/div>\n<div id=\"comp-koli3jzc\" class=\"_1Q9if _3bcaz\" data-testid=\"richTextElement\">\n<p class=\"font_8\">F\u00fctterungsempfehlung: Mehrmals t\u00e4glich f\u00fcttern und dabei so viel Futter ins Wasser geben, wie die Fische innerhalb kurzer Zeit aufnehmen k\u00f6nnen.<\/p>\n<\/div>\n","protected":false},"excerpt":{"rendered":"<p>Tropic Marin O-Megavital 1.5 mm Energy-rich granulate for seawater fishes<\/p>\n","protected":false},"featured_media":84540,"template":"","meta":[],"pwb-brand":[2151],"product_cat":[1438],"product_tag":[],"class_list":{"0":"post-85168","1":"product","2":"type-product","3":"status-publish","4":"has-post-thumbnail","6":"pwb-brand-tropic-marin","7":"product_cat-fischfutter","8":"pa_inhoud-150-gr-de","9":"pa_inhoud-75-gr-de","11":"first","12":"instock","13":"taxable","14":"shipping-taxable","15":"purchasable","16":"product-type-variable"},"acf":[],"brands":[{"id":2151,"name":"Tropic Marin","slug":"tropic-marin"}],"_links":{"self":[{"href":"https:\/\/www.seaflowerstore.com\/de\/wp-json\/wp\/v2\/product\/85168","targetHints":{"allow":["GET"]}}],"collection":[{"href":"https:\/\/www.seaflowerstore.com\/de\/wp-json\/wp\/v2\/product"}],"about":[{"href":"https:\/\/www.seaflowerstore.com\/de\/wp-json\/wp\/v2\/types\/product"}],"wp:featuredmedia":[{"embeddable":true,"href":"https:\/\/www.seaflowerstore.com\/de\/wp-json\/wp\/v2\/media\/84540"}],"wp:attachment":[{"href":"https:\/\/www.seaflowerstore.com\/de\/wp-json\/wp\/v2\/media?parent=85168"}],"wp:term":[{"taxonomy":"pwb-brand","embeddable":true,"href":"https:\/\/www.seaflowerstore.com\/de\/wp-json\/wp\/v2\/pwb-brand?post=85168"},{"taxonomy":"product_cat","embeddable":true,"href":"https:\/\/www.seaflowerstore.com\/de\/wp-json\/wp\/v2\/product_cat?post=85168"},{"taxonomy":"product_tag","embeddable":true,"href":"https:\/\/www.seaflowerstore.com\/de\/wp-json\/wp\/v2\/product_tag?post=85168"}],"curies":[{"name":"wp","href":"https:\/\/api.w.org\/{rel}","templated":true}]}}