{"id":85171,"date":"2022-11-01T13:50:56","date_gmt":"2022-11-01T12:51:38","guid":{"rendered":"https:\/\/www.seaflowerstore.com\/nl\/tropic-marin-o-megavital-1-0-mm\/"},"modified":"2022-11-01T13:50:56","modified_gmt":"2022-11-01T12:51:38","slug":"tropic-marin-o-megavital-1-0-mm","status":"publish","type":"product","link":"https:\/\/www.seaflowerstore.com\/de\/tropic-marin-o-megavital-1-0-mm\/","title":{"rendered":"Tropic Marin O-Megavital 1.0 mm"},"content":{"rendered":"<h2>Tropic Marin O-Megavital 1.0 mm Energy-rich granulate for seawater fishes<\/h2>\n<p>In freier Wildbahn k\u00f6nnen Fische aus einer Vielzahl von Optionen das schmackhafteste und nahrhafteste Futter ausw\u00e4hlen. Anspruchsvolle Meerwasserfische in Ihrem Aquarium ben\u00f6tigen daher hochwertiges Futter, das eine gesunde N\u00e4hrstoff- und Vitaminbalance bietet.<\/p>\n<p>Tropic Marin O-Megavital ist ein Granulatfutter aus hochwertigen skandinavischen Wildfischen und Meeresalgen. Dank der schonenden Herstellung bleiben die Vitamine, hochunges\u00e4ttigten Fetts\u00e4uren und der nat\u00fcrliche Geschmack des Futters erhalten. Die in Tropic Marin\u00ae O-Megavital enthaltenen Algen decken den Bedarf der Fische an Jod und Spurenelementen und tragen zur F\u00f6rderung der nat\u00fcrlichen Darmflora bei. So bleiben die Fische energiegeladen und k\u00f6nnen ihre Sch\u00f6nheit und Farbenpracht entfalten. Ausgew\u00e4hlte Fisch\u00f6le liefern die n\u00f6tige Energie, schonen den Stoffwechsel und reduzieren die Wasserbelastung durch Ammonium und andere Abbauprodukte. Das Granulat bleibt \u00fcber lange Zeit stabil und sinkt langsam ab, sodass Fische in unterschiedlichen Tiefen ausreichend versorgt werden.<\/p>\n<ul>\n<li>Ausgewogene Alleinnahrung f\u00fcr Meerwasserzierfische<\/li>\n<li>Enth\u00e4lt Meeresalgen, Jod und Spurenelemente<\/li>\n<li>Reich an unges\u00e4ttigten Fetts\u00e4uren und Vitaminen<\/li>\n<li>Fisch\u00f6le liefern die n\u00f6tige Energie und minimieren die Wasserbelastung<\/li>\n<li>Besonders schonend hergestellt<\/li>\n<li>Fische zeigen ihre sch\u00f6ne Farbenpracht und Lebendigkeit<\/li>\n<li>Erh\u00e4ltlich in den K\u00f6rnungen 1,0 mm und 1,5 mm<\/li>\n<li>Granulat bleibt lange stabil und sinkt sehr langsam<\/li>\n<\/ul>\n<p><strong>Zutaten:<\/strong> Fischmehl 43%, Fisch\u00f6l 13%, Sojaprotein, Maisprotein, Erbsenprotein, Weizen, Meeresalgenmehl 2%, Hefe.<\/p>\n<p><strong>Zusatzstoffe:<\/strong> E672 Vitamin A (75000 IE\/kg), E671 Vitamin D3 (1500 IE\/kg), E300 Vitamin C (500 mg\/kg), E307 Vitamin E (260 mg\/kg)<\/p>\n<p><strong>Analyse:<\/strong> Rohprotein 54 %, Rohfett 18 %, Rohasche 8 %, Rohfaser 1,5 %, Wasser 8 %, Phosphor 1,3 %, Jod 0,1 %, (n-3) mehrfach unges\u00e4ttigte Fetts\u00e4uren (HUFA) 25 mg\/kg<\/p>\n<p>Energiewert: 22000 kJ\/kg<\/p>\n<div id=\"comp-koli3jyz\" class=\"_1ncY2\">\n<div class=\"\" data-mesh-id=\"comp-koli3jyzinlineContent\" data-testid=\"inline-content\">\n<div data-mesh-id=\"comp-koli3jyzinlineContent-gridContainer\" data-testid=\"mesh-container-content\">\n<div id=\"comp-ksrizurr\" class=\"_1Q9if _3bcaz\" data-testid=\"richTextElement\">\n<h3 class=\"font_2\">Anwendung &#038; Dosierung<\/h3>\n<\/div>\n<\/div>\n<\/div>\n<\/div>\n<div id=\"comp-koli3jzc\" class=\"_1Q9if _3bcaz\" data-testid=\"richTextElement\">\n<p>F\u00fctterungsempfehlung: Mehrmals t\u00e4glich so viel Futter ins Wasser geben, wie die Fische in kurzer Zeit aufnehmen k\u00f6nnen.<\/p>\n<\/div>\n","protected":false},"excerpt":{"rendered":"<p>Tropic Marin O-Megavital 1.0 mm Energy-rich granulate for seawater fishes<\/p>\n","protected":false},"featured_media":84539,"template":"","meta":[],"pwb-brand":[2151],"product_cat":[1438],"product_tag":[],"class_list":{"0":"post-85171","1":"product","2":"type-product","3":"status-publish","4":"has-post-thumbnail","6":"pwb-brand-tropic-marin","7":"product_cat-fischfutter","8":"pa_inhoud-150-gr-de","9":"pa_inhoud-75-gr-de","11":"first","12":"instock","13":"taxable","14":"shipping-taxable","15":"purchasable","16":"product-type-variable"},"acf":[],"brands":[{"id":2151,"name":"Tropic Marin","slug":"tropic-marin"}],"_links":{"self":[{"href":"https:\/\/www.seaflowerstore.com\/de\/wp-json\/wp\/v2\/product\/85171","targetHints":{"allow":["GET"]}}],"collection":[{"href":"https:\/\/www.seaflowerstore.com\/de\/wp-json\/wp\/v2\/product"}],"about":[{"href":"https:\/\/www.seaflowerstore.com\/de\/wp-json\/wp\/v2\/types\/product"}],"wp:featuredmedia":[{"embeddable":true,"href":"https:\/\/www.seaflowerstore.com\/de\/wp-json\/wp\/v2\/media\/84539"}],"wp:attachment":[{"href":"https:\/\/www.seaflowerstore.com\/de\/wp-json\/wp\/v2\/media?parent=85171"}],"wp:term":[{"taxonomy":"pwb-brand","embeddable":true,"href":"https:\/\/www.seaflowerstore.com\/de\/wp-json\/wp\/v2\/pwb-brand?post=85171"},{"taxonomy":"product_cat","embeddable":true,"href":"https:\/\/www.seaflowerstore.com\/de\/wp-json\/wp\/v2\/product_cat?post=85171"},{"taxonomy":"product_tag","embeddable":true,"href":"https:\/\/www.seaflowerstore.com\/de\/wp-json\/wp\/v2\/product_tag?post=85171"}],"curies":[{"name":"wp","href":"https:\/\/api.w.org\/{rel}","templated":true}]}}