{"id":85174,"date":"2022-11-01T13:25:55","date_gmt":"2022-11-01T12:26:28","guid":{"rendered":"https:\/\/www.seaflowerstore.com\/nl\/tropic-marin-immuvit-70-g-100ml\/"},"modified":"2022-11-01T13:25:55","modified_gmt":"2022-11-01T12:26:28","slug":"tropic-marin-immuvit-70-g-100ml","status":"publish","type":"product","link":"https:\/\/www.seaflowerstore.com\/de\/tropic-marin-immuvit-70-g-100ml\/","title":{"rendered":"Tropic Marin Immuvit &#8211; 70 g \/ 100ml"},"content":{"rendered":"<h2>Tropic Marin Immuvit stimulates the immune system of fish + vitamine B<\/h2>\n<p>Fische im Aquarium sind einem erh\u00f6hten Infektionsrisiko durch sch\u00e4dliche Bakterien und Keime ausgesetzt. Dies f\u00fchrt h\u00e4ufig zu Erkrankungen bei bereits gestressten oder geschw\u00e4chten Fischen. Werden Probleme nicht rechtzeitig behoben, kann dies schwerwiegende Folgen f\u00fcr die Fische haben und m\u00f6glicherweise Krankheiten im gesamten Aquarium verbreiten. Aktuelle Studien zeigen, dass Beta-Glucane besonders effektiv bei der Aktivierung der Immunabwehr sind.<\/p>\n<p>Tropic Marin Immuvit enth\u00e4lt nat\u00fcrliche Beta-Glucane aus Bierhefe in angereicherter Form. Diese Beta-Glucane helfen, das Immunsystem der Fische zu aktivieren und ihre Widerstandskraft gegen Krankheiten zu st\u00e4rken. Dar\u00fcber hinaus sind die nat\u00fcrlichen B-Vitamine in Bierhefe und Spirulina wichtig f\u00fcr die Versorgung der Fische mit den notwendigen N\u00e4hrstoffen und eine ideale Erg\u00e4nzung jedes Futters. Vitamin B12 regt die Aquarienbewohner zudem zu einer erh\u00f6hten Nahrungsaufnahme an. Dar\u00fcber hinaus enth\u00e4lt Spirulina Astaxanthin, das die Farbe und Fruchtbarkeit der Fische verbessert.<\/p>\n<ul>\n<li>Nat\u00fcrliche Beta-Glucane aktivieren die Immunabwehr der Fische<\/li>\n<li>Reich an B-Vitaminen<\/li>\n<li>Nat\u00fcrliches Astaxanthin f\u00f6rdert kr\u00e4ftige Farben und Fruchtbarkeit der Fische<\/li>\n<li>Steigert Appetit und Vitalit\u00e4t der Fische<\/li>\n<li>Keine Gefahr der \u00dcberdosierung<\/li>\n<\/ul>\n<p><strong>Zutaten:<\/strong> Spirulina, Bierhefe (nicht extrahiert und extrahiert)<\/p>\n<h3>Anwendung &#038; Dosierung<\/h3>\n<p>Wir empfehlen eine Erg\u00e4nzung des Fischfutters mit Tropic Marin\u00ae Immuvit in einer Menge von 10 % der Trockenmasse. Dies entspricht etwa 3 gestrichenen Messl\u00f6ffeln pro Teel\u00f6ffel (5 ml) Granulatfutter bzw. pro Essl\u00f6ffel (15 ml) Frost- oder Flockenfutter. <strong>Mischen<\/strong> Sie Tropic Marin Immuvit gr\u00fcndlich mit dem Futter.<\/p>\n","protected":false},"excerpt":{"rendered":"<p>Tropic Marin Immuvit stimulates the immune system of fish + vitamine B<\/p>\n","protected":false},"featured_media":84538,"template":"","meta":[],"pwb-brand":[2151],"product_cat":[1391,1390],"product_tag":[],"class_list":{"0":"post-85174","1":"product","2":"type-product","3":"status-publish","4":"has-post-thumbnail","6":"pwb-brand-tropic-marin","7":"product_cat-ergaenzungen","8":"product_cat-medikamente","10":"first","11":"instock","12":"taxable","13":"shipping-taxable","14":"purchasable","15":"product-type-simple"},"acf":[],"brands":[{"id":2151,"name":"Tropic Marin","slug":"tropic-marin"}],"_links":{"self":[{"href":"https:\/\/www.seaflowerstore.com\/de\/wp-json\/wp\/v2\/product\/85174","targetHints":{"allow":["GET"]}}],"collection":[{"href":"https:\/\/www.seaflowerstore.com\/de\/wp-json\/wp\/v2\/product"}],"about":[{"href":"https:\/\/www.seaflowerstore.com\/de\/wp-json\/wp\/v2\/types\/product"}],"wp:featuredmedia":[{"embeddable":true,"href":"https:\/\/www.seaflowerstore.com\/de\/wp-json\/wp\/v2\/media\/84538"}],"wp:attachment":[{"href":"https:\/\/www.seaflowerstore.com\/de\/wp-json\/wp\/v2\/media?parent=85174"}],"wp:term":[{"taxonomy":"pwb-brand","embeddable":true,"href":"https:\/\/www.seaflowerstore.com\/de\/wp-json\/wp\/v2\/pwb-brand?post=85174"},{"taxonomy":"product_cat","embeddable":true,"href":"https:\/\/www.seaflowerstore.com\/de\/wp-json\/wp\/v2\/product_cat?post=85174"},{"taxonomy":"product_tag","embeddable":true,"href":"https:\/\/www.seaflowerstore.com\/de\/wp-json\/wp\/v2\/product_tag?post=85174"}],"curies":[{"name":"wp","href":"https:\/\/api.w.org\/{rel}","templated":true}]}}