{"id":85175,"date":"2022-11-01T12:54:16","date_gmt":"2022-11-01T11:54:56","guid":{"rendered":"https:\/\/www.seaflowerstore.com\/nl\/tropic-marin-reef-snow-60-g-100ml\/"},"modified":"2022-11-01T12:54:16","modified_gmt":"2022-11-01T11:54:56","slug":"tropic-marin-reef-snow-60-g-100ml","status":"publish","type":"product","link":"https:\/\/www.seaflowerstore.com\/de\/tropic-marin-reef-snow-60-g-100ml\/","title":{"rendered":"Tropic Marin Reef Snow &#8211; 60 g \/ 100ml"},"content":{"rendered":"<h2>Tropic Marin Reef Snow Natural binding agent consisting of algae for creating reef snow particles<\/h2>\n<p>Die lebhafte biologische Aktivit\u00e4t in gesunden Korallenriffen bedeutet, dass diese Umgebungen reich an Biopolymersubstanzen sind. Wenn N\u00e4hrstoffpartikel mit bestimmten Bakterien in Kontakt kommen, bilden sie Partikel, die nicht nur nahrhaft, sondern auch mit blo\u00dfem Auge sichtbar sind. Diese Flocken und Filamente sind allgemein als Riffschnee bekannt.<\/p>\n<p>Tropic Marin Reef Snow nutzt diese nat\u00fcrlichen marinen Biopolymere. In Kombination mit anderen Futtermitteln bilden sie n\u00e4hrstoffreiche Flocken, die nat\u00fcrlichem Riffschnee \u00e4hneln und dann Korallen und anderen Filtrierern angeboten werden. Durch die Konzentrationsanpassung einer Tropic Marin\u00ae Reef Snow-L\u00f6sung k\u00f6nnen Sie die Gr\u00f6\u00dfe der Flocken ver\u00e4ndern und sie so an die Filtrierer in Ihrem Aquarium anpassen.<\/p>\n<ul>\n<li>Nat\u00fcrliche N\u00e4hrstoffquelle f\u00fcr Korallen und andere Filtrierer<\/li>\n<li>Verbessert die Filterbarkeit der Partikel f\u00fcr viele Korallen und Filtrierer<\/li>\n<li>Verbessert die N\u00e4hrstoffverwertung<\/li>\n<li>Reduziert den N\u00e4hrstoffgehalt des Wassers<\/li>\n<li>Variable Flockengr\u00f6\u00dfe<\/li>\n<li>Gr\u00f6ssere Partikel bieten gesundes Futter mit pr\u00e4biotischer Wirkung f\u00fcr Fische<\/li>\n<li>Ideal zur Bindung von Vitaminen und anderen Futteranreicherungen<\/li>\n<\/ul>\n<p><strong>Zutaten:<\/strong> Algen, Algenextrakt<\/p>\n<p><strong>Anwendung &#038; Dosierung:<\/strong> Mischen Sie ca. 1,5 Messl\u00f6ffel Tropic Marin Reef Snow mit 100 ml Umkehrosmose-L\u00f6sung. Osmosewasser zugeben und unter gelegentlichem Umr\u00fchren ein bis zwei Stunden quellen lassen. Anschlie\u00dfend Futter oder Planktonersatz untermischen und weitere 30 Minuten quellen lassen, bevor es im Aquarium verteilt wird.<\/p>\n<p>Eine fertige Tropic Marin Reef Snow Stamml\u00f6sung (ohne Futter\/Planktonersatz) ist bei Zimmertemperatur bis zu zwei Wochen haltbar. Die Gr\u00f6\u00dfe der Tropic Marin Reef Snow Partikel k\u00f6nnen Sie durch eine Dosierung zwischen 1 und 2 Messl\u00f6ffeln pro 100 ml variieren.<\/p>\n<p>F\u00fcr noch bessere Ergebnisse empfehlen wir die Kombination von Tropic Marin Reef Snow mit den Planktonersatzstoffen <strong>Tropic Marin Phyton<\/strong> und <strong>Tropic Marin Zooton<\/strong>.<\/p>\n","protected":false},"excerpt":{"rendered":"<p>Tropic Marin Reef Snow Natural binding agent consisting of algae for creating reef snow particles<\/p>\n","protected":false},"featured_media":84537,"template":"","meta":[],"pwb-brand":[2151],"product_cat":[1391,1436],"product_tag":[],"class_list":{"0":"post-85175","1":"product","2":"type-product","3":"status-publish","4":"has-post-thumbnail","6":"pwb-brand-tropic-marin","7":"product_cat-ergaenzungen","8":"product_cat-korallenfutter","10":"first","11":"instock","12":"taxable","13":"shipping-taxable","14":"purchasable","15":"product-type-simple"},"acf":[],"brands":[{"id":2151,"name":"Tropic Marin","slug":"tropic-marin"}],"_links":{"self":[{"href":"https:\/\/www.seaflowerstore.com\/de\/wp-json\/wp\/v2\/product\/85175","targetHints":{"allow":["GET"]}}],"collection":[{"href":"https:\/\/www.seaflowerstore.com\/de\/wp-json\/wp\/v2\/product"}],"about":[{"href":"https:\/\/www.seaflowerstore.com\/de\/wp-json\/wp\/v2\/types\/product"}],"wp:featuredmedia":[{"embeddable":true,"href":"https:\/\/www.seaflowerstore.com\/de\/wp-json\/wp\/v2\/media\/84537"}],"wp:attachment":[{"href":"https:\/\/www.seaflowerstore.com\/de\/wp-json\/wp\/v2\/media?parent=85175"}],"wp:term":[{"taxonomy":"pwb-brand","embeddable":true,"href":"https:\/\/www.seaflowerstore.com\/de\/wp-json\/wp\/v2\/pwb-brand?post=85175"},{"taxonomy":"product_cat","embeddable":true,"href":"https:\/\/www.seaflowerstore.com\/de\/wp-json\/wp\/v2\/product_cat?post=85175"},{"taxonomy":"product_tag","embeddable":true,"href":"https:\/\/www.seaflowerstore.com\/de\/wp-json\/wp\/v2\/product_tag?post=85175"}],"curies":[{"name":"wp","href":"https:\/\/api.w.org\/{rel}","templated":true}]}}