{"id":85176,"date":"2022-11-01T11:50:09","date_gmt":"2022-11-01T10:53:19","guid":{"rendered":"https:\/\/www.seaflowerstore.com\/nl\/easy-reefs-freshtick-omnivorous-42\/"},"modified":"2022-11-01T11:50:09","modified_gmt":"2022-11-01T10:53:19","slug":"easy-reefs-freshtick-omnivorous-42","status":"publish","type":"product","link":"https:\/\/www.seaflowerstore.com\/de\/easy-reefs-freshtick-omnivorous-42\/","title":{"rendered":"Easy Reefs Freshtick Omnivorous 42"},"content":{"rendered":"<h2>Easy Reefs Freshtick Omnivorous 42 is a natural and balanced nutrition for omnivorous freshwater fish and invertebrates<\/h2>\n<p><strong>Freshtick<\/strong> bietet eine <strong>essentielle Quelle f\u00fcr Proteine, Lipide mit hohem Fetts\u00e4uregehalt (EPA, ARA und DHA),<\/strong> Vitamine und Kohlenhydrate, die alle aus nat\u00fcrlichen Wasserquellen stammen. Dieses Produkt ist eine <strong>selbstklebende Paste in Pulverform<\/strong>, die mit Wasser rehydriert werden kann. <strong>Nach der Rehydrierung kann sie leicht an jeder Oberfl\u00e4che in Ihrem Aquarium angebracht werden<\/strong>, um den Bedarf Ihrer Wassertiere zu decken.<\/p>\n<p>Dank der <strong>rehydrierbaren Pulverformel kann Freshtick mit jedem Weichtier- oder Krustentierfleisch sowie mit Eiern von Fischen, Weichtieren und Krustentieren, Artemien, Mysiden, Ruderfu\u00dfkrebsen, R\u00e4dertierchen und oralen Medikamenten gemischt werden<\/strong>. Sobald <strong>Freshtick<\/strong> zubereitet und ins Aquarium gegeben wurde, <strong>verteilt es sich stundenlang nicht im Wasser<\/strong>, sodass Fische und Krustentiere voll davon profitieren k\u00f6nnen. Diese Eigenschaft erm\u00f6glicht eine F\u00fctterung \u201ead libitum\u201c oder kontrollierte Portionen.<\/p>\n<p>Da <strong>Freshtick<\/strong> haupts\u00e4chlich aus gefriergetrockneten Krustentieren besteht, <strong>enth\u00e4lt es keine Fischskelette, was zu einem sehr niedrigen Phosphatgehalt<\/strong> im Verh\u00e4ltnis zum Proteingehalt f\u00fchrt. <strong>Freshtick<\/strong> wird aus den frischesten, hochwertigsten Zutaten hergestellt. Die Mischung besteht haupts\u00e4chlich aus Garnelen (Palaemonetes varians) aus unserem Naturschutzgebiet Veta La Palma, die umgehend gefriergetrocknet werden, um ihren N\u00e4hrwert zu erhalten. Wir f\u00fcgen der Mischung auch gefriergetrocknete Mikroalgen und Makroalgen hinzu, um den Ern\u00e4hrungsbed\u00fcrfnissen einer Vielzahl von S\u00fc\u00dfwasserfischen gerecht zu werden.<\/p>\n<p><strong>Anleitung:<\/strong><\/p>\n<ul>\n<li>F\u00fcgen Sie <strong>Freshtick<\/strong> im Verh\u00e4ltnis 2:1 zu Osmosewasser hinzu.<\/li>\n<li>Beispiel: <strong>Mischen Sie 42 g Freshtick mit 20\u201321 ml RO-Wasser<\/strong>.<\/li>\n<li>Kneten Sie die Mischung in einem kleinen Ziplock-Beutel, bis sie homogen wird.<\/li>\n<li>Sobald die Mischung eine einheitliche Konsistenz hat, kann <strong>Freshtick<\/strong> <strong>sofort verwendet oder f\u00fcr die sp\u00e4tere Verwendung eingefroren werden<\/strong>.<\/li>\n<li><strong>Wenn Sie Freshtick einfrieren, sollte es innerhalb von f\u00fcnf Wochen<\/strong> nach der Zubereitung verzehrt werden.<\/li>\n<\/ul>\n<p><strong>Anleitung f\u00fcr Anwendung:<\/strong><\/p>\n<p>Nehmen Sie eine Portion <strong>Freshtick<\/strong> und befestigen Sie diese an einem Stein, einem verzweigten Korallenskelett oder der Aquarienscheibe (idealerweise im unteren Drittel), je nach Fressgewohnheiten der Tiere in Ihrem Aquarium.<\/p>\n","protected":false},"excerpt":{"rendered":"<p>Easy Reefs Freshtick Omnivorous 42<strong>\u00a0<\/strong>is a blend of diverse, all natural, self-production, highly technical compounds, providing\u00a0<strong>natural and balanced nutrition for omnivorous freshwater fish\u00a0<\/strong>and invertebrates<\/p>\n","protected":false},"featured_media":84534,"template":"","meta":[],"pwb-brand":[2195],"product_cat":[1447],"product_tag":[],"class_list":{"0":"post-85176","1":"product","2":"type-product","3":"status-publish","4":"has-post-thumbnail","6":"pwb-brand-easy-reefs","7":"product_cat-futter-de","9":"first","10":"instock","11":"taxable","12":"shipping-taxable","13":"purchasable","14":"product-type-simple"},"acf":[],"brands":[{"id":2195,"name":"Easy Reefs","slug":"easy-reefs"}],"_links":{"self":[{"href":"https:\/\/www.seaflowerstore.com\/de\/wp-json\/wp\/v2\/product\/85176","targetHints":{"allow":["GET"]}}],"collection":[{"href":"https:\/\/www.seaflowerstore.com\/de\/wp-json\/wp\/v2\/product"}],"about":[{"href":"https:\/\/www.seaflowerstore.com\/de\/wp-json\/wp\/v2\/types\/product"}],"wp:featuredmedia":[{"embeddable":true,"href":"https:\/\/www.seaflowerstore.com\/de\/wp-json\/wp\/v2\/media\/84534"}],"wp:attachment":[{"href":"https:\/\/www.seaflowerstore.com\/de\/wp-json\/wp\/v2\/media?parent=85176"}],"wp:term":[{"taxonomy":"pwb-brand","embeddable":true,"href":"https:\/\/www.seaflowerstore.com\/de\/wp-json\/wp\/v2\/pwb-brand?post=85176"},{"taxonomy":"product_cat","embeddable":true,"href":"https:\/\/www.seaflowerstore.com\/de\/wp-json\/wp\/v2\/product_cat?post=85176"},{"taxonomy":"product_tag","embeddable":true,"href":"https:\/\/www.seaflowerstore.com\/de\/wp-json\/wp\/v2\/product_tag?post=85176"}],"curies":[{"name":"wp","href":"https:\/\/api.w.org\/{rel}","templated":true}]}}