{"id":85177,"date":"2022-10-31T16:54:34","date_gmt":"2022-10-31T15:58:33","guid":{"rendered":"https:\/\/www.seaflowerstore.com\/nl\/tropic-marin-phyton-60-g-100ml\/"},"modified":"2025-12-05T22:00:34","modified_gmt":"2025-12-05T21:00:34","slug":"tropic-marin-phyton-60-g-100ml","status":"publish","type":"product","link":"https:\/\/www.seaflowerstore.com\/de\/tropic-marin-phyton-60-g-100ml\/","title":{"rendered":"Tropic Marin Phyton &#8211; 60 g \/ 100ml"},"content":{"rendered":"<h2>Tropic Marin Phyton &#8211; 60 g \/ 100ml a plankton replacement for leather corals, soft corals, bivalves and other fine particle filter feeders<\/h2>\n<p>Auch wenn es leicht ist, feste Planktonfiltrierer zu \u00fcbersehen, decken Schw\u00e4mme, Weichkorallen und Lederkorallen einen Teil ihres Nahrungsbedarfs tats\u00e4chlich durch Phytoplankton. Nat\u00fcrliches Phytoplankton dient Leder- und Weichkorallen, Muscheln und anderen Feinpartikelfiltrierern als wichtige Energie- und N\u00e4hrstoffquelle. In der Natur flie\u00dfen gro\u00dfe Wassermengen durch das Riff und versorgen die Korallen mit Phytoplankton. In einem Riffaquarium muss diese Energiezufuhr naturnah ersetzt werden, damit gen\u00fcgend N\u00e4hrstoffe f\u00fcr Bewegung und Stoffwechselprozesse zur Verf\u00fcgung stehen.<\/p>\n<p>Durch die Aktivierung der Mikroflora gelangen auf nat\u00fcrliche Weise eine Vielzahl von Vitaminen und anderen lebenswichtigen Substanzen ins Wasser. Dies hilft Korallen und Muscheln, sich effektiver zu \u00f6ffnen und ihre leuchtenden Farben zu zeigen. Auch Fische profitieren von der stabilen Bakterienflora und der pr\u00e4biotischen Wirkung, die zu einer kr\u00e4ftigen Entwicklung und kr\u00e4ftigen Farbenpracht f\u00fchrt.<\/p>\n<p>Tropic Marin Phyton ist ein ausgewogener Planktonersatz f\u00fcr alle Feinfilter im Meerwasseraquarium. Eine hochwertige Algenmischung versorgt die Tiere mit Spurenelementen und energiereichen Kohlenhydraten, wie sie nur im Meerwasser vorkommen. Spirulina, eine der Zutaten, ist reich an Carotinoiden und erf\u00fcllt in Kombination mit Bierhefe den Bedarf an nat\u00fcrlichen Vitaminen der B-Gruppe, insbesondere Vitamin B12.<\/p>\n<div id=\"comp-kod08jwy\" class=\"_1ncY2\">\n<h3 class=\"font_2\">Vorteile<\/h3>\n<ul>\n<li>Ein Planktonersatz f\u00fcr Lederkorallen, Weichkorallen, Muscheln und andere Feinpartikelfilterfresser<\/li>\n<li>Eine ausgewogene Energie- und N\u00e4hrstoffquelle im Meerwasseraquarium<\/li>\n<li>Reich an Spurenelementen und energiereichen Kohlenhydraten<\/li>\n<li>Reich an nat\u00fcrlichen Vitaminen der B-Gruppe, insbesondere Vitamin B12<\/li>\n<\/ul>\n<\/div>\n<p><strong>Zutaten:<\/strong> Algen, Bierhefe, Spirulina, Garnelen und Garnelennebenprodukte. <strong>Zusatzstoffe:<\/strong> Cellulose 10 %, Betain 25 g\/kg, Vitamin B12 100 mg\/kg.<\/p>\n<h4><strong>Anwendung &#038; Dosierung<\/strong><\/h4>\n<p>Zweimal t\u00e4glich einen Messl\u00f6ffel Tropic Marin Phyton auf 200 bis 500 Liter Aquarienvolumen geben. Dazu zun\u00e4chst die entsprechende Menge Tropic Marin\u00ae Phyton in einem Becher in etwas Aquarienwasser einr\u00fchren und kurz einweichen lassen. Das fertige Futter nach und nach dem Aquarienwasser zugeben, damit es von den Tieren aufgenommen werden kann.<\/p>\n<p><em>K\u00fchl und trocken lagern. Nicht zum Verzehr geeignet.<\/em><\/p>\n","protected":false},"excerpt":{"rendered":"<p>Tropic Marin Phyton a plankton replacement for leather corals, soft corals, bivalves and other fine particle filter feeders<\/p>\n","protected":false},"featured_media":84533,"template":"","meta":[],"pwb-brand":[2151],"product_cat":[1436],"product_tag":[],"class_list":{"0":"post-85177","1":"product","2":"type-product","3":"status-publish","4":"has-post-thumbnail","6":"pwb-brand-tropic-marin","7":"product_cat-korallenfutter","9":"first","10":"instock","11":"taxable","12":"shipping-taxable","13":"purchasable","14":"product-type-simple"},"acf":[],"brands":[{"id":2151,"name":"Tropic Marin","slug":"tropic-marin"}],"_links":{"self":[{"href":"https:\/\/www.seaflowerstore.com\/de\/wp-json\/wp\/v2\/product\/85177","targetHints":{"allow":["GET"]}}],"collection":[{"href":"https:\/\/www.seaflowerstore.com\/de\/wp-json\/wp\/v2\/product"}],"about":[{"href":"https:\/\/www.seaflowerstore.com\/de\/wp-json\/wp\/v2\/types\/product"}],"wp:featuredmedia":[{"embeddable":true,"href":"https:\/\/www.seaflowerstore.com\/de\/wp-json\/wp\/v2\/media\/84533"}],"wp:attachment":[{"href":"https:\/\/www.seaflowerstore.com\/de\/wp-json\/wp\/v2\/media?parent=85177"}],"wp:term":[{"taxonomy":"pwb-brand","embeddable":true,"href":"https:\/\/www.seaflowerstore.com\/de\/wp-json\/wp\/v2\/pwb-brand?post=85177"},{"taxonomy":"product_cat","embeddable":true,"href":"https:\/\/www.seaflowerstore.com\/de\/wp-json\/wp\/v2\/product_cat?post=85177"},{"taxonomy":"product_tag","embeddable":true,"href":"https:\/\/www.seaflowerstore.com\/de\/wp-json\/wp\/v2\/product_tag?post=85177"}],"curies":[{"name":"wp","href":"https:\/\/api.w.org\/{rel}","templated":true}]}}