{"id":85178,"date":"2022-10-31T15:47:39","date_gmt":"2022-10-31T14:48:54","guid":{"rendered":"https:\/\/www.seaflowerstore.com\/nl\/tropic-marin-zooton-60-g-100ml\/"},"modified":"2022-10-31T15:47:39","modified_gmt":"2022-10-31T14:48:54","slug":"tropic-marin-zooton-60-g-100ml","status":"publish","type":"product","link":"https:\/\/www.seaflowerstore.com\/de\/tropic-marin-zooton-60-g-100ml\/","title":{"rendered":"Tropic Marin Zooton &#8211; 60 g \/ 100ml"},"content":{"rendered":"<h2>Tropic Marin Zooton &#8211; 60 g \/ 100ml is a plankton replacement for stony corals and other zooplankton filter feeders<\/h2>\n<p>Wie Fische ben\u00f6tigen auch Korallen und andere Filtrierer N\u00e4hrstoffe f\u00fcr ihr Wachstum und Wohlbefinden. Nat\u00fcrliches Zooplankton dient Steinkorallen und verschiedenen Planktonfiltrierern als lebenswichtige Energie- und N\u00e4hrstoffquelle. Im Meer wandert Zooplankton normalerweise nachts aus tieferen Gew\u00e4ssern in die Lebensr\u00e4ume von Riffkorallen. Daher ist es wichtig, den Korallen in Ihrem Riffaquarium eine \u00e4hnliche Planktonmenge zu bieten und die nat\u00fcrliche Umgebung so genau wie m\u00f6glich nachzuahmen.<\/p>\n<p>Tropic Marin Zooton ist ein ausgewogener Planktonersatz, der speziell f\u00fcr Steinkorallen, insbesondere kleinpolypige Steinkorallen, und andere Zooplanktonfiltrierer in Salzwasseraquarien entwickelt wurde. Es enth\u00e4lt haupts\u00e4chlich ausgew\u00e4hlte tierische und pflanzliche Meeresbestandteile, die reich an Spurenelementen und Mineralien sind. Einer seiner Hauptbestandteile, Spirulina, ist vollgepackt mit Carotinoiden und deckt in Kombination mit Bierhefe den Bedarf an nat\u00fcrlichen Vitaminen der B-Gruppe, insbesondere Vitamin B12.<\/p>\n<div>\n<h3>Vorteile<\/h3>\n<ul>\n<li>Ein Planktonersatz f\u00fcr kleinpolypige Steinkorallen und andere Zooplankton-Filtrierer<\/li>\n<li>Enth\u00e4lt ausgew\u00e4hlte marine Inhaltsstoffe, die reich an Spurenelementen und Mineralien sind<\/li>\n<li>Unterst\u00fctzt die Energieversorgung und f\u00f6rdert das Korallenwachstum<\/li>\n<li>Reich an Carotinoiden und Vitamin B12<\/li>\n<\/ul>\n<\/div>\n<h4><strong>Inhaltsstoffe<\/strong><\/h4>\n<p>Garnelen und Garnelennebenprodukte, Algen, Bierhefe, Spirulina. Zusatzstoffe: Cellulose 10%, Betain 25g\/kg, Vitamin B12 100mg\/kg<\/p>\n<div>\n<h3>Anwendung &#038; Dosierung<\/h3>\n<p>Zweimal t\u00e4glich einen Messl\u00f6ffel Tropic Marin Zooton auf 200 bis 500 Liter Aquarienwasser geben. Hierzu die entsprechende Menge Tropic Marin Zooton in einen Becher Aquarienwasser einr\u00fchren und kurz einweichen lassen. Das fertige Futter nach und nach in das Aquarienwasser geben, damit es von den Tieren gut aufgenommen werden kann.<\/p>\n<p><em>Nicht f\u00fcr den menschlichen Verzehr geeignet.<\/em><\/p>\n<\/div>\n","protected":false},"excerpt":{"rendered":"<p>Tropic Marin Zooton &#8211; 60 g \/ 100ml is a plankton replacement for stony corals and other zooplankton filter feeders<\/p>\n","protected":false},"featured_media":84532,"template":"","meta":[],"pwb-brand":[2151],"product_cat":[1436],"product_tag":[],"class_list":{"0":"post-85178","1":"product","2":"type-product","3":"status-publish","4":"has-post-thumbnail","6":"pwb-brand-tropic-marin","7":"product_cat-korallenfutter","9":"first","10":"instock","11":"taxable","12":"shipping-taxable","13":"purchasable","14":"product-type-simple"},"acf":[],"brands":[{"id":2151,"name":"Tropic Marin","slug":"tropic-marin"}],"_links":{"self":[{"href":"https:\/\/www.seaflowerstore.com\/de\/wp-json\/wp\/v2\/product\/85178","targetHints":{"allow":["GET"]}}],"collection":[{"href":"https:\/\/www.seaflowerstore.com\/de\/wp-json\/wp\/v2\/product"}],"about":[{"href":"https:\/\/www.seaflowerstore.com\/de\/wp-json\/wp\/v2\/types\/product"}],"wp:featuredmedia":[{"embeddable":true,"href":"https:\/\/www.seaflowerstore.com\/de\/wp-json\/wp\/v2\/media\/84532"}],"wp:attachment":[{"href":"https:\/\/www.seaflowerstore.com\/de\/wp-json\/wp\/v2\/media?parent=85178"}],"wp:term":[{"taxonomy":"pwb-brand","embeddable":true,"href":"https:\/\/www.seaflowerstore.com\/de\/wp-json\/wp\/v2\/pwb-brand?post=85178"},{"taxonomy":"product_cat","embeddable":true,"href":"https:\/\/www.seaflowerstore.com\/de\/wp-json\/wp\/v2\/product_cat?post=85178"},{"taxonomy":"product_tag","embeddable":true,"href":"https:\/\/www.seaflowerstore.com\/de\/wp-json\/wp\/v2\/product_tag?post=85178"}],"curies":[{"name":"wp","href":"https:\/\/api.w.org\/{rel}","templated":true}]}}