{"id":85179,"date":"2022-10-31T15:28:20","date_gmt":"2022-10-31T14:33:47","guid":{"rendered":"https:\/\/www.seaflowerstore.com\/nl\/tropic-marin-pro-tect\/"},"modified":"2022-10-31T15:28:20","modified_gmt":"2022-10-31T14:33:47","slug":"tropic-marin-pro-tect","status":"publish","type":"product","link":"https:\/\/www.seaflowerstore.com\/de\/tropic-marin-pro-tect\/","title":{"rendered":"Tropic Marin Pro-Tect"},"content":{"rendered":"<h2>Tropic Marin Pro-Tect improves the quality of the water \u2013 especially in fish aquariums<\/h2>\n<p>Tropic Marin\u00ae Pro-Tect verbessert die Wasserqualit\u00e4t insbesondere in Fischaquarien durch eine Mischung hochwirksamer Wirkstoffe. Dieses Produkt steigert das Wohlbefinden Ihrer Wassertiere deutlich. Die Schutzkolloide in Pro-Tect bewahren die empfindlichen Schleimh\u00e4ute der Fische vor Schadstoffen und f\u00f6rdern ihre nat\u00fcrliche Regeneration. Es bindet und neutralisiert wirksam giftige Schwermetallionen und sorgt so f\u00fcr eine sicherere Umgebung. Dar\u00fcber hinaus tr\u00e4gt die Stabilisierung des pH-Wertes dazu bei, Stress f\u00fcr die Fische zu reduzieren. Die verbesserte Leistung des Eiwei\u00dfabsch\u00e4umers tr\u00e4gt dazu bei, das Wasser frei von Tr\u00fcbungen und organischen Verunreinigungen zu halten. Um einem Mangel an lebenswichtigen Mineralstoffen vorzubeugen, werden die Wirkstoffe durch eine Auswahl lebenswichtiger Spurenelemente erg\u00e4nzt.<\/p>\n<div id=\"comp-kopwygmg1\" class=\"_1ncY2\">\n<h3 class=\"font_2\">Vorteile<\/h3>\n<ul>\n<li class=\"font_8\"><strong>Verbessert die Wasserqualit\u00e4t<\/strong><\/li>\n<li class=\"font_8\"><strong>Steigert das Wohlbefinden der Fische und reduziert Stress<\/strong><\/li>\n<li class=\"font_8\"><strong>Enth\u00e4lt Kolloide, die die Schleimh\u00e4ute der Fische vor Schadstoffen sch\u00fctzen<\/strong><\/li>\n<li class=\"font_8\"><strong>Bindet und neutralisiert giftige Schwermetallionen<\/strong><\/li>\n<li class=\"font_8\"><strong>Stabilisiert den pH-Wert des Wassers<\/strong><\/li>\n<li class=\"font_8\"><strong>Verst\u00e4rkt die Wirksamkeit von ein Eiwei\u00dfabsch\u00e4umer<\/strong><\/li>\n<li class=\"font_8\"><strong>Enth\u00e4lt Jod, ein essentielles Spurenelement<\/strong><\/li>\n<li class=\"font_8\"><strong>Sehr gut geeignet zur Eingew\u00f6hnung neuer Fische<\/strong><\/li>\n<\/ul>\n<\/div>\n<div id=\"comp-kopwygmv1\" class=\"_1ncY2\">\n<h3 class=\"font_2\">Inhaltsstoffe<\/h3>\n<p class=\"font_8\">Gereinigtes Wasser, Polymere und Jodid.<\/p>\n<\/div>\n<div id=\"comp-kopwygna\" class=\"_1ncY2\">\n<h3 class=\"font_2\">Anwendung &#038; Dosierung<\/h3>\n<p class=\"font_8\">Einmal w\u00f6chentlich 10 ml pro 100 l Aquarienwasser zugeben. Die Fl\u00fcssigkeit in einen Bereich des Aquariums mit starker Str\u00f6mung gie\u00dfen. Wir empfehlen au\u00dferdem, jede Woche etwa 10 % des Aquarienwassers zu wechseln.<\/p>\n<p class=\"font_8\">Mit 250 ml Tropic Marin\u00ae Pro-Tect k\u00f6nnen rund 2.500 l Aquarienwasser verbessert werden.<\/p>\n<\/div>\n","protected":false},"excerpt":{"rendered":"<p>Tropic Marin Pro-Tect improves the quality of the water \u2013 especially in fish aquariums<\/p>\n","protected":false},"featured_media":84531,"template":"","meta":[],"pwb-brand":[2151],"product_cat":[1391],"product_tag":[],"class_list":{"0":"post-85179","1":"product","2":"type-product","3":"status-publish","4":"has-post-thumbnail","6":"pwb-brand-tropic-marin","7":"product_cat-ergaenzungen","8":"pa_inhoud-1000-ml-de","9":"pa_inhoud-250-ml-de","11":"first","12":"instock","13":"taxable","14":"shipping-taxable","15":"purchasable","16":"product-type-variable"},"acf":[],"brands":[{"id":2151,"name":"Tropic Marin","slug":"tropic-marin"}],"_links":{"self":[{"href":"https:\/\/www.seaflowerstore.com\/de\/wp-json\/wp\/v2\/product\/85179","targetHints":{"allow":["GET"]}}],"collection":[{"href":"https:\/\/www.seaflowerstore.com\/de\/wp-json\/wp\/v2\/product"}],"about":[{"href":"https:\/\/www.seaflowerstore.com\/de\/wp-json\/wp\/v2\/types\/product"}],"wp:featuredmedia":[{"embeddable":true,"href":"https:\/\/www.seaflowerstore.com\/de\/wp-json\/wp\/v2\/media\/84531"}],"wp:attachment":[{"href":"https:\/\/www.seaflowerstore.com\/de\/wp-json\/wp\/v2\/media?parent=85179"}],"wp:term":[{"taxonomy":"pwb-brand","embeddable":true,"href":"https:\/\/www.seaflowerstore.com\/de\/wp-json\/wp\/v2\/pwb-brand?post=85179"},{"taxonomy":"product_cat","embeddable":true,"href":"https:\/\/www.seaflowerstore.com\/de\/wp-json\/wp\/v2\/product_cat?post=85179"},{"taxonomy":"product_tag","embeddable":true,"href":"https:\/\/www.seaflowerstore.com\/de\/wp-json\/wp\/v2\/product_tag?post=85179"}],"curies":[{"name":"wp","href":"https:\/\/api.w.org\/{rel}","templated":true}]}}