{"id":85182,"date":"2022-10-31T14:58:36","date_gmt":"2022-10-31T14:09:37","guid":{"rendered":"https:\/\/www.seaflowerstore.com\/nl\/tropic-marin-potassium-500ml\/"},"modified":"2022-10-31T14:58:36","modified_gmt":"2022-10-31T14:09:37","slug":"tropic-marin-potassium-500ml","status":"publish","type":"product","link":"https:\/\/www.seaflowerstore.com\/de\/tropic-marin-potassium-500ml\/","title":{"rendered":"Tropic Marin Potassium &#8211; 500ml"},"content":{"rendered":"<h2>Tropic Marin Potassium &#8211; 500ml<\/h2>\n<h2>Tropic Marin Kalium 500 ml Erg\u00e4nzung f\u00fcr Riffaquarien<\/h2>\n<p>Kalium ist ein lebenswichtiger N\u00e4hrstoff f\u00fcr alle lebenden Organismen. In nat\u00fcrlichem Meerwasser betr\u00e4gt die typische Kaliumkonzentration etwa 408 ppm.<\/p>\n<p>Indem Sie Tropic Marin\u00ae Potassium verwenden, um den Kaliumspiegel auf diesen nat\u00fcrlichen Wert einzustellen, k\u00f6nnen Sie die Vitalit\u00e4t und Farben vieler Korallen verbessern.<\/p>\n<p>Es ist wichtig, die Kaliumkonzentration vor der Anwendung des Erg\u00e4nzungsmittels mit einem Wassertest genau zu messen.<\/p>\n<h2>Vorteile<\/h2>\n<ul>\n<li>Kaliumerg\u00e4nzungsmittel f\u00fcr Riffaquarien<\/li>\n<li>Verbessert die Vitalit\u00e4t und Farben verschiedener Korallen<\/li>\n<li>Ideal f\u00fcr Aquarien mit Weich- und Lederkorallen, LPS und SPS<\/li>\n<\/ul>\n<h2>Anwendung und Dosierung<\/h2>\n<p>Tropic Marin Potassium enth\u00e4lt 100 mg\/ml Kalium. Durch Zugabe von 10 ml Tropic Marin Kalium auf 100 Liter Wasser erh\u00f6hen Sie die Gesamtkaliumkonzentration im Aquarium um 10 mg\/l. Achten Sie dabei darauf, dass Sie t\u00e4glich nicht mehr als 20 ml Kalium auf 100 Liter Wasser geben.<\/p>\n<p>Einige Korallenarten reagieren mit langsamem Wachstum und blassen Farben, wenn der Kaliumgehalt im Aquarienwasser zu niedrig ist.<\/p>\n<p>In Salzwasser liegt Kalium typischerweise in einer Konzentration von etwa 408 mg\/l vor. Zu hohe Kaliumkonzentrationen sind unbedingt zu vermeiden, da sie f\u00fcr empfindliche Meereslebewesen sch\u00e4dlich sein k\u00f6nnen. \u00dcberschreiten Sie daher den nat\u00fcrlichen Kaliumgehalt nicht deutlich.<\/p>\n","protected":false},"excerpt":{"rendered":"<p>Tropic Marin Potassium 500ml supplement for reef aquaria. Coral types can react with low growth and weak coloring if the potassium content in the aquarium water is too low<\/p>\n","protected":false},"featured_media":84530,"template":"","meta":[],"pwb-brand":[2151],"product_cat":[1391],"product_tag":[],"class_list":{"0":"post-85182","1":"product","2":"type-product","3":"status-publish","4":"has-post-thumbnail","6":"pwb-brand-tropic-marin","7":"product_cat-ergaenzungen","9":"first","10":"instock","11":"taxable","12":"shipping-taxable","13":"purchasable","14":"product-type-simple"},"acf":[],"brands":[{"id":2151,"name":"Tropic Marin","slug":"tropic-marin"}],"_links":{"self":[{"href":"https:\/\/www.seaflowerstore.com\/de\/wp-json\/wp\/v2\/product\/85182","targetHints":{"allow":["GET"]}}],"collection":[{"href":"https:\/\/www.seaflowerstore.com\/de\/wp-json\/wp\/v2\/product"}],"about":[{"href":"https:\/\/www.seaflowerstore.com\/de\/wp-json\/wp\/v2\/types\/product"}],"wp:featuredmedia":[{"embeddable":true,"href":"https:\/\/www.seaflowerstore.com\/de\/wp-json\/wp\/v2\/media\/84530"}],"wp:attachment":[{"href":"https:\/\/www.seaflowerstore.com\/de\/wp-json\/wp\/v2\/media?parent=85182"}],"wp:term":[{"taxonomy":"pwb-brand","embeddable":true,"href":"https:\/\/www.seaflowerstore.com\/de\/wp-json\/wp\/v2\/pwb-brand?post=85182"},{"taxonomy":"product_cat","embeddable":true,"href":"https:\/\/www.seaflowerstore.com\/de\/wp-json\/wp\/v2\/product_cat?post=85182"},{"taxonomy":"product_tag","embeddable":true,"href":"https:\/\/www.seaflowerstore.com\/de\/wp-json\/wp\/v2\/product_tag?post=85182"}],"curies":[{"name":"wp","href":"https:\/\/api.w.org\/{rel}","templated":true}]}}