{"id":85183,"date":"2022-10-30T17:55:38","date_gmt":"2022-10-30T16:55:38","guid":{"rendered":"https:\/\/www.seaflowerstore.com\/nl\/triton-sulphate-1000-g\/"},"modified":"2022-10-30T17:55:38","modified_gmt":"2022-10-30T16:56:10","slug":"triton-sulphate-1000-g","status":"publish","type":"product","link":"https:\/\/www.seaflowerstore.com\/de\/triton-sulphate-1000-g\/","title":{"rendered":"Triton Sulphate &#8211; 1000 g"},"content":{"rendered":"<h2>Triton Sulphate &#8211; 1000 g<\/h2>\n<p><strong>Tritonsulfat \u2013 1000 g<\/strong> ist ein Schl\u00fcsselelement, das nat\u00fcrlicherweise in Meerwasser vorkommt. Dieses Sulfat-Makroelement dient als Meerwassererg\u00e4nzung, die sich positiv auf die Farbe und Gesundheit von SPS- und LPS-Korallen auswirkt.<\/p>\n<p>Bitte beachten Sie, dass dieses Produkt nur f\u00fcr fortgeschrittene Aquarianer bestimmt ist. In Verbindung mit <strong>TRITON Lab ICP-Tests<\/strong> k\u00f6nnen Aquarianer pr\u00e4zise Einzelelementanpassungen mit Leichtigkeit vornehmen. Nur <strong>TRITON<\/strong> bietet fortschrittliches Aquarienmanagement mit derart benutzerfreundlichen Funktionen.<\/p>\n<p>Detaillierte Dosierungsinformationen finden Sie auf der Registerkarte <strong>DOSIERUNG<\/strong> Ihrer ICP-Analyse. Die <strong>TRITON<\/strong>-Reihe von Makro- und Spurenelementerg\u00e4nzungen basiert auf \u00fcber einem Jahrzehnt wissenschaftlicher Forschung mit Schwerpunkt auf der Chemie von nat\u00fcrlichem und geschlossenem Meerwassersystem.<\/p>\n","protected":false},"excerpt":{"rendered":"<p>Triton Sulphate &#8211; 1000 gr is an important element that naturally occurs in seawater<\/p>\n","protected":false},"featured_media":84529,"template":"","meta":[],"pwb-brand":[2181],"product_cat":[1391,1392],"product_tag":[],"class_list":{"0":"post-85183","1":"product","2":"type-product","3":"status-publish","4":"has-post-thumbnail","6":"pwb-brand-triton","7":"product_cat-ergaenzungen","8":"product_cat-triton-de","10":"first","11":"instock","12":"taxable","13":"shipping-taxable","14":"purchasable","15":"product-type-simple"},"acf":[],"brands":[{"id":2181,"name":"Triton","slug":"triton"}],"_links":{"self":[{"href":"https:\/\/www.seaflowerstore.com\/de\/wp-json\/wp\/v2\/product\/85183","targetHints":{"allow":["GET"]}}],"collection":[{"href":"https:\/\/www.seaflowerstore.com\/de\/wp-json\/wp\/v2\/product"}],"about":[{"href":"https:\/\/www.seaflowerstore.com\/de\/wp-json\/wp\/v2\/types\/product"}],"wp:featuredmedia":[{"embeddable":true,"href":"https:\/\/www.seaflowerstore.com\/de\/wp-json\/wp\/v2\/media\/84529"}],"wp:attachment":[{"href":"https:\/\/www.seaflowerstore.com\/de\/wp-json\/wp\/v2\/media?parent=85183"}],"wp:term":[{"taxonomy":"pwb-brand","embeddable":true,"href":"https:\/\/www.seaflowerstore.com\/de\/wp-json\/wp\/v2\/pwb-brand?post=85183"},{"taxonomy":"product_cat","embeddable":true,"href":"https:\/\/www.seaflowerstore.com\/de\/wp-json\/wp\/v2\/product_cat?post=85183"},{"taxonomy":"product_tag","embeddable":true,"href":"https:\/\/www.seaflowerstore.com\/de\/wp-json\/wp\/v2\/product_tag?post=85183"}],"curies":[{"name":"wp","href":"https:\/\/api.w.org\/{rel}","templated":true}]}}