{"id":85185,"date":"2022-10-25T17:26:03","date_gmt":"2022-10-25T15:26:03","guid":{"rendered":"https:\/\/www.seaflowerstore.com\/nl\/radion-xr15-g6-pro-led-light\/"},"modified":"2023-10-01T11:18:27","modified_gmt":"2023-10-01T09:18:27","slug":"radion-xr15-g6-pro-led-light","status":"publish","type":"product","link":"https:\/\/www.seaflowerstore.com\/de\/radion-xr15-g6-pro-led-light\/","title":{"rendered":"Radion XR15 G6 PRO LED Light"},"content":{"rendered":"<h2>Radion XR15 G6 PRO LED Light<\/h2>\n<p>Das G6 baut auf dem Erfolg der Radion-Plattform auf und verbessert sowohl die Lichtleistung als auch die Farbe. Dieses neueste Modell verf\u00fcgt \u00fcber einen neuen LED-Cluster zusammen mit einem optischen Hybrid Hemispherically Edge Illuminating-System, wodurch das Radion zu den besten seiner Kategorie geh\u00f6rt. <strong>Egal, ob Sie sich f\u00fcr Blue oder Pro entscheiden, EcoTech hat es sich zum Ziel gesetzt, Ihnen die besten technologischen Fortschritte zu bieten.<\/strong><\/p>\n<p>Erleben Sie sattere Farben in Ihrem Aquarium und erreichen Sie die perfekte Balance zwischen Klarheit und Lebendigkeit. Seit seiner Einf\u00fchrung hat das Radion den Ma\u00dfstab f\u00fcr LED-Beleuchtung in Vollspektrum-Aquarien gesetzt. Die sechste Generation erweitert die Grenzen der Farbwiedergabe und Fluoreszenz und beh\u00e4lt gleichzeitig die bekannte Flexibilit\u00e4t bei, die den Benutzerpr\u00e4ferenzen gerecht wird.<\/p>\n<p>Mit zus\u00e4tzlichen 395-nm-Dioden reicht das G6 tiefer in den UV-Bereich hinein und erschlie\u00dft ein neues Fluoreszenzniveau f\u00fcr Korallen und Fische. Die Modelle Blue und Pro verf\u00fcgen au\u00dferdem \u00fcber eine Neuabstimmung der Farbkan\u00e4le und einen LED-Mix, wodurch ein \u00e4u\u00dferst flexibles und ausgewogenes Spektrum f\u00fcr die Aquarienbeleuchtung bereitgestellt wird.<\/p>\n<p><strong>Anatomie des G6-Spektrums<\/strong><\/p>\n<ul>\n<li><strong>395 nm:<\/strong> Schaltet zus\u00e4tzliche Fluoreszenz bei Fischen und Korallen frei.<\/li>\n<li><strong>400\u2013450 nm:<\/strong> Gleicht den Cluster mit mehr Blau neu aus, wodurch Fluoreszenz und Farbwiedergabe verbessert werden und ein neues Erlebnis im blauen Spektrum zwischen klar und aktinisch entsteht.<\/li>\n<li><strong>460\u2013580 nm:<\/strong> Reduziert die spektrale Leistung im mittleren Bereich, w\u00e4hrend der Farbausdruck in Pigmenten erhalten bleibt, wodurch mehr Watt f\u00fcr die photosynthetisch vorteilhafte Leistung zur Verf\u00fcgung steht.<\/li>\n<li><strong>665 nm:<\/strong> Die ordnungsgem\u00e4\u00dfe Verwendung von Dioden mit langer Wellenl\u00e4nge sorgt f\u00fcr eine Lichtleistung, die f\u00fcr die Photosynthese der Korallen und die visuelle Farbwiedergabe von Vorteil ist. Balance.<\/li>\n<\/ul>\n<p><strong>Aber wie sieht Ihr Aquarium aus?<\/strong> Besser als je zuvor! Das optische System G6 Hybrid Hemispherically Edge Illuminating (HEI2) bietet in Kombination mit LED-Platzierung und Formfaktor atemberaubende Brillanz, hervorragende Farbmischung, unglaublich gleichm\u00e4\u00dfiges PAR und erstaunliche Lichtstreuung. Sie haben sogar die M\u00f6glichkeit, den Blauton anzupassen, den Sie am liebsten m\u00f6gen. Was bevorzugen Sie, Professional Balance oder Extreme Blue?<\/p>\n<ul>\n<li>Umwerfende Diffusion<\/li>\n<li>Ultimative Fluoreszenz<\/li>\n<li>Intensive Vollspektrumfarbe<\/li>\n<li>Vollst\u00e4ndig programmierbar<\/li>\n<li>Drahtlose Steuerung<\/li>\n<li>Mondlichtfunktion<\/li>\n<li>Wettersimulation<\/li>\n<li>Technologisch \u00fcberlegenes Design<\/li>\n<li>Komponenten von h\u00f6chster Qualit\u00e4t<\/li>\n<li>Beispielloser Support und Service<\/li>\n<li>Umfangreiche Montageoptionen<\/li>\n<li>Optionales Diffusorzubeh\u00f6r<\/li>\n<\/ul>\n<p><strong>So weitreichend, dass Sie es sehen m\u00fcssen, um es zu glauben.<\/strong> Der Radion G6 steigert die Leistung von beeindruckenden 110,5 Grad im G5 auf bemerkenswerte 126,3 Grad. Diese Verbesserung wurde durch eine \u00c4nderung der Prim\u00e4roptik der LEDs erreicht, die sich nahtlos in die vorhandene HEI-Sekund\u00e4roptik (Hemispherically Edge Illuminating) integrieren l\u00e4sst.<\/p>\n<p><strong>Halbkreisf\u00f6rmige Randbeleuchtung<\/strong> macht Radion zum Gewinner im Kosten-\/Leistungsvergleich. Das optische HEI2-System bietet eine Leistung von 126,3 Grad, was zu einem unglaublich gleichm\u00e4\u00dfigen PAR \u00fcber eine Abdeckungsfl\u00e4che von fast 1,2 Metern f\u00fchrt. Damit ist es die Radion mit der h\u00f6chsten Durchschnittsleistung und wohl die effizienteste Aquarienlampe, die jemals hergestellt wurde.<\/p>\n<p><strong>RADION G6 Pro (aktuelles Produkt)<\/strong> Die Radion Pro wird weltweit f\u00fcr die Beleuchtung \u00f6ffentlicher Aquarien, Aquakulturanlagen und Korallenzuchtlabore gesch\u00e4tzt. Ihr Hauptzielpublikum ist jedoch der anspruchsvolle Heimaquarianer. Der G6 PRO h\u00e4lt die Tradition der unschlagbar ausgewogenen Ausgabe aufrecht und bietet zus\u00e4tzlich Funktionen im blauen und UV-Spektrum sowie eine au\u00dfergew\u00f6hnliche Dispersion!<\/p>\n<p><strong>RADION G6 Blue (anderes Produkt ausw\u00e4hlen)<\/strong> F\u00fcr alle, die Blau lieben, gibt es den G6 Blue! Er bietet tiefere Blauoptionen und eine verbesserte Farbintensit\u00e4t. Mit dem erh\u00f6hten Blauanteil k\u00f6nnen Sie mit dem G6 das blaue Erscheinungsbild zwischen aktinisch und klar feinabstimmen. Die Hinzuf\u00fcgung von 395 nm zum LED-Cluster hebt die Fluoreszenz sowohl bei Fischen als auch bei Korallen auf ein neues Niveau.<\/p>\n<div class=\"wpb_raw_code wpb_content_element wpb_raw_html\">\n<div class=\"wpb_wrapper\">\n<table border=\"0\" cellpadding=\"0\" cellspacing=\"0\" style=\"height: 116px;\" width=\"294\">\n<tbody>\n<tr>\n<th colspan=\"2\">Abmessungen<\/th>\n<\/tr>\n<tr>\n<td>L\u00e4nge<\/td>\n<td>18cm<\/td>\n<\/tr>\n<tr>\n<td>Breite<\/td>\n<td>18cm<\/td>\n<\/tr>\n<tr>\n<td>Dicke<\/td>\n<td>3,9 cm<\/td>\n<\/tr>\n<tr>\n<td>Gewicht<\/td>\n<td>1587g<\/td>\n<\/tr>\n<\/tbody>\n<\/table>\n<\/div>\n<\/div>\n<div class=\"wpb_raw_code wpb_content_element wpb_raw_html\">\n<div class=\"wpb_wrapper\">\n<table>\n<tbody>\n<tr>\n<th colspan=\"2\">Leistungsspezifikationen<\/th>\n<\/tr>\n<tr>\n<td>Energie<\/td>\n<td><strong>95 W<\/strong><\/td>\n<\/tr>\n<tr>\n<td>Eingangsleistung<\/td>\n<td><strong>100\u2013240 VAC, 50\/60 Hz<\/strong><\/td>\n<\/tr>\n<tr>\n<td>Maximaler Strom<\/td>\n<td><strong>1,3 A<\/strong><\/td>\n<\/tr>\n<\/tbody>\n<\/table>\n<\/div>\n<\/div>\n","protected":false},"excerpt":{"rendered":"<p>Radion XR15 G6 PRO LED Light without mount<\/p>\n","protected":false},"featured_media":84527,"template":"","meta":[],"pwb-brand":[2169],"product_cat":[1384],"product_tag":[],"class_list":{"0":"post-85185","1":"product","2":"type-product","3":"status-publish","4":"has-post-thumbnail","6":"pwb-brand-ecotech-marine","7":"product_cat-led-de","9":"first","10":"instock","11":"sale","12":"taxable","13":"shipping-taxable","14":"purchasable","15":"product-type-simple"},"acf":[],"brands":[{"id":2169,"name":"Ecotech Marine","slug":"ecotech-marine"}],"_links":{"self":[{"href":"https:\/\/www.seaflowerstore.com\/de\/wp-json\/wp\/v2\/product\/85185","targetHints":{"allow":["GET"]}}],"collection":[{"href":"https:\/\/www.seaflowerstore.com\/de\/wp-json\/wp\/v2\/product"}],"about":[{"href":"https:\/\/www.seaflowerstore.com\/de\/wp-json\/wp\/v2\/types\/product"}],"wp:featuredmedia":[{"embeddable":true,"href":"https:\/\/www.seaflowerstore.com\/de\/wp-json\/wp\/v2\/media\/84527"}],"wp:attachment":[{"href":"https:\/\/www.seaflowerstore.com\/de\/wp-json\/wp\/v2\/media?parent=85185"}],"wp:term":[{"taxonomy":"pwb-brand","embeddable":true,"href":"https:\/\/www.seaflowerstore.com\/de\/wp-json\/wp\/v2\/pwb-brand?post=85185"},{"taxonomy":"product_cat","embeddable":true,"href":"https:\/\/www.seaflowerstore.com\/de\/wp-json\/wp\/v2\/product_cat?post=85185"},{"taxonomy":"product_tag","embeddable":true,"href":"https:\/\/www.seaflowerstore.com\/de\/wp-json\/wp\/v2\/product_tag?post=85185"}],"curies":[{"name":"wp","href":"https:\/\/api.w.org\/{rel}","templated":true}]}}