{"id":85188,"date":"2022-10-25T16:44:55","date_gmt":"2022-10-25T14:46:04","guid":{"rendered":"https:\/\/www.seaflowerstore.com\/nl\/dr-bassleer-biofish-food-regular-l\/"},"modified":"2022-10-25T16:44:55","modified_gmt":"2022-10-25T14:46:04","slug":"dr-bassleer-biofish-food-regular-l","status":"publish","type":"product","link":"https:\/\/www.seaflowerstore.com\/de\/dr-bassleer-biofish-food-regular-l\/","title":{"rendered":"Dr. Bassleer Biofish Food REGULAR L"},"content":{"rendered":"<h2>Dr. Bassleer Biofish Food REGULAR L is a complete food used for almost all species of aquarium fish<\/h2>\n<p>Dr. Bassleer Biofish Food ist eine n\u00e4hrstoffreiche Option, die im Vergleich zu vielen anderen Zierfischfuttern ein hervorragendes Preis-Leistungs-Verh\u00e4ltnis bietet. Es ist wichtig, Ihren Fischen nur so viel zu geben, wie sie in wenigen Minuten fressen k\u00f6nnen.<\/p>\n<p>Dieses Futter besteht haupts\u00e4chlich aus skandinavischem Wildfisch und weist einen hohen Proteingehalt von <strong>52 %<\/strong> auf. Es ist vollgepackt mit allen wichtigen Vitaminen, Spurenelementen und Mineralien, die Fische f\u00fcr eine optimale Gesundheit ben\u00f6tigen. <strong>Seit 2016 enthalten wir auch das Probiotikum Pediococcus acidilactici, das die Darmbakterien der Fische unterst\u00fctzt und hilft, ihr Abwehrsystem gegen Krankheiten zu st\u00e4rken! Dar\u00fcber hinaus verwenden wir Pr\u00e4biotika und N\u00e4hrstoffe, die dank unseres handwerklichen Produktionsprozesses garantiert 100 % aktive Inhaltsstoffe enthalten. Die wertvollen Zusatzstoffe werden von uns w\u00e4hrend der Granulatherstellung und im K\u00fchlprozess ummantelt.<\/strong><\/p>\n<p><strong>Zusammensetzung:<\/strong> Fisch und Fischnebenerzeugnisse, Getreide und Krebstiere, pflanzliche Nebenerzeugnisse, Hefe, Mineralstoffe.<\/p>\n<p><strong>Zusatzstoffe:<\/strong> Ern\u00e4hrungsphysiologische Zusatzstoffe je kg: Vitamin A 7.500 IE, Vitamin C 1.000 mg, Vitamin D3 750 IE, Vitamin E 400 mg. Zootechnische Zusatzstoffe je kg: Pediococcus acidilactici (4.d1712) 3.000 KBE\/mg.<\/p>\n<p><strong>Zutaten:<\/strong> Rohprotein 54%, Roh\u00f6le und -fette 16%, Rohasche 10%, Rohfaser 4%, Calcium 2%, Phosphor 1,5%. Garantiert frei von k\u00fcnstlichen Farbstoffen.<\/p>\n<div dir=\"ltr\">\n<strong>Erh\u00e4ltlich in Granulatgr\u00f6\u00dfen<\/strong>, die immer sinken:\n<\/div>\n<ul>\n<li dir=\"ltr\">M = 0,5 mm (f\u00fcr Fische von 5 bis 6 cm)<\/li>\n<li dir=\"ltr\"><strong>Lg = 1 mm (f\u00fcr Fische von 7 bis 9 cm)<\/strong><\/li>\n<li dir=\"ltr\">Xlg = 1,5 mm (f\u00fcr Fische von 9 bis 12 cm)<\/li>\n<li dir=\"ltr\">XXlg = 3 mm (f\u00fcr Fische ab 12 cm)<\/li>\n<li dir=\"ltr\">3Xl = 6,5 mm (f\u00fcr Fische ab 20 cm)<\/li>\n<\/ul>\n<p><iframe title=\"YouTube video player\" src=\"https:\/\/www.youtube-nocookie.com\/embed\/nyT6vFhelWI\" width=\"560\" H\u00f6he = \"315\" Frameborder = \"0\" Allowfullscreen = \"Allowfullscreen\" Daten-MCE-Fragment = \"1\"><\/iframe><\/p>\n","protected":false},"excerpt":{"rendered":"<p>Dr. Bassleer Biofish Food REGULAR L is a complete food used for almost all species of aquarium fish<\/p>\n","protected":false},"featured_media":84525,"template":"","meta":[],"pwb-brand":[2311],"product_cat":[1438,1447],"product_tag":[],"class_list":{"0":"post-85188","1":"product","2":"type-product","3":"status-publish","4":"has-post-thumbnail","6":"pwb-brand-dr-bassleer","7":"product_cat-fischfutter","8":"product_cat-futter-de","9":"pa_inhoud-150-gr-de","10":"pa_inhoud-60-gr-de","11":"pa_inhoud-600-gr-de","13":"first","14":"instock","15":"taxable","16":"shipping-taxable","17":"purchasable","18":"product-type-variable"},"acf":[],"brands":[{"id":2311,"name":"Dr. Bassleer","slug":"dr-bassleer"}],"_links":{"self":[{"href":"https:\/\/www.seaflowerstore.com\/de\/wp-json\/wp\/v2\/product\/85188","targetHints":{"allow":["GET"]}}],"collection":[{"href":"https:\/\/www.seaflowerstore.com\/de\/wp-json\/wp\/v2\/product"}],"about":[{"href":"https:\/\/www.seaflowerstore.com\/de\/wp-json\/wp\/v2\/types\/product"}],"wp:featuredmedia":[{"embeddable":true,"href":"https:\/\/www.seaflowerstore.com\/de\/wp-json\/wp\/v2\/media\/84525"}],"wp:attachment":[{"href":"https:\/\/www.seaflowerstore.com\/de\/wp-json\/wp\/v2\/media?parent=85188"}],"wp:term":[{"taxonomy":"pwb-brand","embeddable":true,"href":"https:\/\/www.seaflowerstore.com\/de\/wp-json\/wp\/v2\/pwb-brand?post=85188"},{"taxonomy":"product_cat","embeddable":true,"href":"https:\/\/www.seaflowerstore.com\/de\/wp-json\/wp\/v2\/product_cat?post=85188"},{"taxonomy":"product_tag","embeddable":true,"href":"https:\/\/www.seaflowerstore.com\/de\/wp-json\/wp\/v2\/product_tag?post=85188"}],"curies":[{"name":"wp","href":"https:\/\/api.w.org\/{rel}","templated":true}]}}