{"id":85196,"date":"2022-10-24T19:40:50","date_gmt":"2022-10-24T17:47:41","guid":{"rendered":"https:\/\/www.seaflowerstore.com\/nl\/sicce-mimouse-pump\/"},"modified":"2022-10-24T19:40:50","modified_gmt":"2022-10-24T17:47:41","slug":"sicce-mimouse-pump","status":"publish","type":"product","link":"https:\/\/www.seaflowerstore.com\/de\/sicce-mimouse-pump\/","title":{"rendered":"Sicce MIMOUSE pump"},"content":{"rendered":"<h2>Sicce MIMOUSE 300l\/h mini pump<\/h2>\n<p>Als Pionier der Branche brachte SICCE als erstes Unternehmen eine kompakte Reihe von Synchronmotorpumpen auf den Markt, die bis heute auf dem Weltmarkt Ma\u00dfst\u00e4be setzen. Die EASY LINE-Serie wurde oft kopiert, aber nie wirklich reproduziert. Diese energieeffiziente EASY LINE-Serie umfasst vollst\u00e4ndig tauchf\u00e4hige Umw\u00e4lzpumpen, die f\u00fcr verschiedene Anwendungen in Aquarien, Teichen und Statuen geeignet sind.<\/p>\n<h3><em><strong>Hauptmerkmale:<\/strong><\/em><\/h3>\n<ul>\n<li>Anwendung im Wasser<\/li>\n<li>Antivibrationspads<\/li>\n<li>13-mm-Auslass<\/li>\n<li>Stufenf\u00f6rmiger m\u00e4nnlicher Schlauchanschluss<\/li>\n<li>Welle aus rostfreiem Stahl AISI 316<\/li>\n<li>Erh\u00e4ltlich in 12 V<\/li>\n<\/ul>\n<h3><strong><em>Spezifikationen:<\/em><\/strong><\/h3>\n<ul>\n<li>Q-Max \u2013 300 l\/h<\/li>\n<li>H-Max \u2013 H\u00f6he 50 cm<\/li>\n<li>Spannung\/Hertz \u2013 230\u2013240 V\/50 Hz<\/li>\n<li>Watt &#8211; 3,8<\/li>\n<li>PRT103 \u2013 Kabel 1,5 m \u2013 EU 2P<\/li>\n<li>Abmessungen \u2013 58x42x46 (LxBxH in mm)<\/li>\n<\/ul>\n","protected":false},"excerpt":{"rendered":"<p>Sicce MIMOUSE 300l\/h mini pump<\/p>\n","protected":false},"featured_media":84519,"template":"","meta":[],"pwb-brand":[2163],"product_cat":[1417,1466,2104],"product_tag":[],"class_list":{"0":"post-85196","1":"product","2":"type-product","3":"status-publish","4":"has-post-thumbnail","6":"pwb-brand-sicce","7":"product_cat-druckerhohungspumpen","8":"product_cat-pumpen","9":"product_cat-sicce-de","11":"first","12":"instock","13":"taxable","14":"shipping-taxable","15":"purchasable","16":"product-type-simple"},"acf":[],"brands":[{"id":2163,"name":"Sicce","slug":"sicce"}],"_links":{"self":[{"href":"https:\/\/www.seaflowerstore.com\/de\/wp-json\/wp\/v2\/product\/85196","targetHints":{"allow":["GET"]}}],"collection":[{"href":"https:\/\/www.seaflowerstore.com\/de\/wp-json\/wp\/v2\/product"}],"about":[{"href":"https:\/\/www.seaflowerstore.com\/de\/wp-json\/wp\/v2\/types\/product"}],"wp:featuredmedia":[{"embeddable":true,"href":"https:\/\/www.seaflowerstore.com\/de\/wp-json\/wp\/v2\/media\/84519"}],"wp:attachment":[{"href":"https:\/\/www.seaflowerstore.com\/de\/wp-json\/wp\/v2\/media?parent=85196"}],"wp:term":[{"taxonomy":"pwb-brand","embeddable":true,"href":"https:\/\/www.seaflowerstore.com\/de\/wp-json\/wp\/v2\/pwb-brand?post=85196"},{"taxonomy":"product_cat","embeddable":true,"href":"https:\/\/www.seaflowerstore.com\/de\/wp-json\/wp\/v2\/product_cat?post=85196"},{"taxonomy":"product_tag","embeddable":true,"href":"https:\/\/www.seaflowerstore.com\/de\/wp-json\/wp\/v2\/product_tag?post=85196"}],"curies":[{"name":"wp","href":"https:\/\/api.w.org\/{rel}","templated":true}]}}