{"id":85197,"date":"2022-10-24T19:31:12","date_gmt":"2022-10-24T17:32:44","guid":{"rendered":"https:\/\/www.seaflowerstore.com\/nl\/sicce-jolly-20-heater\/"},"modified":"2022-10-24T19:31:12","modified_gmt":"2022-10-24T17:32:44","slug":"sicce-jolly-20-heater","status":"publish","type":"product","link":"https:\/\/www.seaflowerstore.com\/de\/sicce-jolly-20-heater\/","title":{"rendered":"Sicce JOLLY 20 heater"},"content":{"rendered":"<h2>Sicce JOLLY 20 heating for turtle aquariums and nano aquariums<\/h2>\n<p>Der Sicce JOLLY 20 ist ein Kunststoffheizer, der f\u00fcr das vollst\u00e4ndige Eintauchen konzipiert ist. Mit einer <strong>10-Watt-Option f\u00fcr Aquarien von 10 bis 20 Litern<\/strong> und <strong>20 Watt f\u00fcr Aquarien zwischen 20 und 40 Litern<\/strong> hat er die perfekte Gr\u00f6\u00dfe f\u00fcr Schildkr\u00f6ten- und Nanoaquarien.<\/p>\n<p>Dieser Heizer verf\u00fcgt \u00fcber eine Ein-\/Aus-LED-Leuchte, die anzeigt, dass die Heizung beginnt, sobald die Spannung angelegt wird. Bitte beachten Sie, dass <strong>kein Temperaturregler installiert<\/strong> ist. Der Heizer wird zur Bequemlichkeit mit einem 1,5 Meter langen Kabel geliefert.<\/p>\n<p>Die Elementabmessungen sind wie folgt: <strong>L\u00e4nge<\/strong>: 159 mm und <strong>Breite<\/strong>: 28 mm. Der JOLLY-Heizer bleibt betriebsbereit, wenn er in Wasser getaucht ist, und h\u00f6rt erst auf zu funktionieren, wenn der Stecker aus der Steckdose gezogen wird. Ein eingebautes W\u00e4rmeschutzsystem wird aktiviert, wenn die Heizung nicht untergetaucht ist, und verhindert so eine \u00dcberhitzung (die LED-Leuchte schaltet sich AUS, auch wenn der Jolly noch eingesteckt ist).<\/p>\n<p>Die Leistung kann je nach den folgenden Faktoren variieren:<\/p>\n<ul>\n<li>Wassermenge<\/li>\n<li>Raumtemperatur<\/li>\n<li>Offener oder geschlossener Tank<\/li>\n<\/ul>\n<p><strong>Die Hauptmerkmale des JOLLY 20 Watt sind:<\/strong><\/p>\n<ul>\n<li>Verst\u00e4rktes Kunststoffgeh\u00e4use, wodurch er vollst\u00e4ndig untertauchbar und bruchsicher ist<\/li>\n<li>W\u00e4rmebest\u00e4ndigkeit, um die Wassertemperatur um einige Grad zu erh\u00f6hen<\/li>\n<li>Blaues EIN-AUS-Licht<\/li>\n<li>Starker Saugnapfhalter f\u00fcr sichere Platzierung<\/li>\n<li>W\u00e4rmeschutz, der die Heizung ausschaltet, wenn sie sich au\u00dferhalb des Wassers befindet, um eine \u00dcberhitzung zu verhindern<\/li>\n<\/ul>\n","protected":false},"excerpt":{"rendered":"<p>Sicce JOLLY 20 heating for turtle aquariums and nano aquariums<\/p>\n","protected":false},"featured_media":84518,"template":"","meta":[],"pwb-brand":[2163],"product_cat":[1467,2104],"product_tag":[],"class_list":{"0":"post-85197","1":"product","2":"type-product","3":"status-publish","4":"has-post-thumbnail","6":"pwb-brand-sicce","7":"product_cat-temperatur","8":"product_cat-sicce-de","10":"first","11":"instock","12":"taxable","13":"shipping-taxable","14":"purchasable","15":"product-type-simple"},"acf":[],"brands":[{"id":2163,"name":"Sicce","slug":"sicce"}],"_links":{"self":[{"href":"https:\/\/www.seaflowerstore.com\/de\/wp-json\/wp\/v2\/product\/85197","targetHints":{"allow":["GET"]}}],"collection":[{"href":"https:\/\/www.seaflowerstore.com\/de\/wp-json\/wp\/v2\/product"}],"about":[{"href":"https:\/\/www.seaflowerstore.com\/de\/wp-json\/wp\/v2\/types\/product"}],"wp:featuredmedia":[{"embeddable":true,"href":"https:\/\/www.seaflowerstore.com\/de\/wp-json\/wp\/v2\/media\/84518"}],"wp:attachment":[{"href":"https:\/\/www.seaflowerstore.com\/de\/wp-json\/wp\/v2\/media?parent=85197"}],"wp:term":[{"taxonomy":"pwb-brand","embeddable":true,"href":"https:\/\/www.seaflowerstore.com\/de\/wp-json\/wp\/v2\/pwb-brand?post=85197"},{"taxonomy":"product_cat","embeddable":true,"href":"https:\/\/www.seaflowerstore.com\/de\/wp-json\/wp\/v2\/product_cat?post=85197"},{"taxonomy":"product_tag","embeddable":true,"href":"https:\/\/www.seaflowerstore.com\/de\/wp-json\/wp\/v2\/product_tag?post=85197"}],"curies":[{"name":"wp","href":"https:\/\/api.w.org\/{rel}","templated":true}]}}