{"id":85198,"date":"2022-10-24T19:15:07","date_gmt":"2022-10-24T17:20:51","guid":{"rendered":"https:\/\/www.seaflowerstore.com\/nl\/sicce-jolly-10-heater\/"},"modified":"2022-10-24T19:15:07","modified_gmt":"2022-10-24T17:20:51","slug":"sicce-jolly-10-heater","status":"publish","type":"product","link":"https:\/\/www.seaflowerstore.com\/de\/sicce-jolly-10-heater\/","title":{"rendered":"Sicce JOLLY 10 heater"},"content":{"rendered":"<h2>Sicce JOLLY 10 heating for turtle aquariums and nano aquariums<\/h2>\n<p>Der Sicce JOLLY 10 ist ein fantastischer Kunststoffheizer, der f\u00fcr das vollst\u00e4ndige Eintauchen konzipiert ist. Dieser Nanoheizer hat eine Leistung von 10 Watt und ist f\u00fcr Aquarien von 10 bis 20 Litern geeignet. Eine 20-Watt-Version ist f\u00fcr Aquarien von 20 bis 40 Litern erh\u00e4ltlich. Er hat die perfekte Gr\u00f6\u00dfe f\u00fcr Schildkr\u00f6ten- und Nanoaquarien.<\/p>\n<p>Eine der tollen Funktionen dieses Heizers ist sein <strong>Ein\/Aus-LED-Licht<\/strong>. Der Heizmechanismus wird aktiviert, sobald Spannung angelegt wird, was bedeutet, dass <strong>kein Temperaturregler installiert<\/strong> ist. Der Heizer wird mit einem 1,5 Meter langen Kabel geliefert, was die Einrichtung erleichtert.<\/p>\n<p>Die Elementabmessungen sind wie folgt: <strong>L\u00e4nge<\/strong> 99 mm und <strong>Breite<\/strong> 29 mm. Der JOLLY-Heizer bleibt betriebsbereit, wenn er in Wasser getaucht ist, und arbeitet weiter, bis der Stecker aus der Steckdose gezogen wird. Es ist mit einem integrierten W\u00e4rmeschutz ausgestattet, der aktiviert wird, wenn die Heizung nicht untergetaucht ist, und so eine \u00dcberhitzung verhindert (die LED-Leuchte schaltet sich aus, auch wenn der JOLLY eingesteckt ist).<\/p>\n<p>Die Leistung kann je nach verschiedenen Faktoren variieren, darunter:<\/p>\n<ul>\n<li>Die Wassermenge<\/li>\n<li>Raumtemperatur<\/li>\n<li>Ob der Tank offen oder geschlossen ist<\/li>\n<\/ul>\n<p>Hier sind die Hauptmerkmale des JOLLY 10 Watt:<\/p>\n<ul>\n<li>Verst\u00e4rktes Kunststoffgeh\u00e4use f\u00fcr vollst\u00e4ndiges Untertauchen und bruchsicheres Design.<\/li>\n<li>W\u00e4rmewiderstand, der die Wassertemperatur um einige Grad erh\u00f6ht.<\/li>\n<li>Blaue EIN-\/AUS-Kontrollleuchte.<\/li>\n<li>Starker Saugnapfhalter f\u00fcr Stabilit\u00e4t.<\/li>\n<li>W\u00e4rmeschutz, der die Heizung ausschaltet, wenn sie sich au\u00dferhalb des Wassers befindet, und so eine \u00dcberhitzung verhindert.<\/li>\n<\/ul>\n","protected":false},"excerpt":{"rendered":"<p>Sicce JOLLY 10 heating for turtle aquariums and nano aquariums<\/p>\n","protected":false},"featured_media":84510,"template":"","meta":[],"pwb-brand":[2163],"product_cat":[1467,2104],"product_tag":[],"class_list":{"0":"post-85198","1":"product","2":"type-product","3":"status-publish","4":"has-post-thumbnail","6":"pwb-brand-sicce","7":"product_cat-temperatur","8":"product_cat-sicce-de","10":"first","11":"instock","12":"taxable","13":"shipping-taxable","14":"purchasable","15":"product-type-simple"},"acf":[],"brands":[{"id":2163,"name":"Sicce","slug":"sicce"}],"_links":{"self":[{"href":"https:\/\/www.seaflowerstore.com\/de\/wp-json\/wp\/v2\/product\/85198","targetHints":{"allow":["GET"]}}],"collection":[{"href":"https:\/\/www.seaflowerstore.com\/de\/wp-json\/wp\/v2\/product"}],"about":[{"href":"https:\/\/www.seaflowerstore.com\/de\/wp-json\/wp\/v2\/types\/product"}],"wp:featuredmedia":[{"embeddable":true,"href":"https:\/\/www.seaflowerstore.com\/de\/wp-json\/wp\/v2\/media\/84510"}],"wp:attachment":[{"href":"https:\/\/www.seaflowerstore.com\/de\/wp-json\/wp\/v2\/media?parent=85198"}],"wp:term":[{"taxonomy":"pwb-brand","embeddable":true,"href":"https:\/\/www.seaflowerstore.com\/de\/wp-json\/wp\/v2\/pwb-brand?post=85198"},{"taxonomy":"product_cat","embeddable":true,"href":"https:\/\/www.seaflowerstore.com\/de\/wp-json\/wp\/v2\/product_cat?post=85198"},{"taxonomy":"product_tag","embeddable":true,"href":"https:\/\/www.seaflowerstore.com\/de\/wp-json\/wp\/v2\/product_tag?post=85198"}],"curies":[{"name":"wp","href":"https:\/\/api.w.org\/{rel}","templated":true}]}}